{"id":31098,"date":"2026-03-30T13:55:56","date_gmt":"2026-03-30T13:55:56","guid":{"rendered":"https:\/\/apnoe-spanek.cz\/?post_type=product&#038;p=31098"},"modified":"2026-03-30T14:02:30","modified_gmt":"2026-03-30T14:02:30","slug":"celooblicejova-maska-airfit-f10-s","status":"publish","type":"product","link":"https:\/\/apnoe-spanek.cz\/en\/product\/celooblicejova-maska-airfit-f10-s\/","title":{"rendered":"Celoobli\u010dejov\u00e1 maska AirFit F10 &#8211; S"},"content":{"rendered":"<p>Kompaktn\u00ed a snadno pou\u017eiteln\u00e1 celoobli\u010dejov\u00e1 maska.<\/p>","protected":false},"excerpt":{"rendered":"<p>Kompaktn\u00ed a snadno pou\u017eiteln\u00e1 celoobli\u010dejov\u00e1 maska.<\/p>","protected":false},"featured_media":31099,"template":"","meta":[],"product_brand":[],"product_cat":[134,29],"product_tag":[],"class_list":{"0":"post-31098","1":"product","2":"type-product","3":"status-publish","4":"has-post-thumbnail","6":"product_cat-airfit-f10","7":"product_cat-masky-celooblicejove","9":"first","10":"instock","11":"taxable","12":"shipping-taxable","13":"purchasable","14":"product-type-simple"},"yoast_head":"<!-- This site is optimized with the Yoast SEO Premium plugin v20.11 (Yoast SEO v27.4) - https:\/\/yoast.com\/product\/yoast-seo-premium-wordpress\/ -->\n<title>Celoobli\u010dejov\u00e1 maska AirFit F10 - S - Apnoe sp\u00e1nek<\/title>\n<meta name=\"robots\" content=\"index, follow, max-snippet:-1, max-image-preview:large, max-video-preview:-1\" \/>\n<link rel=\"canonical\" href=\"https:\/\/apnoe-spanek.cz\/en\/product\/celooblicejova-maska-airfit-f10-s\/\" \/>\n<meta property=\"og:locale\" content=\"en_GB\" \/>\n<meta property=\"og:type\" content=\"article\" \/>\n<meta property=\"og:title\" content=\"Celoobli\u010dejov\u00e1 maska AirFit F10 - S\" \/>\n<meta property=\"og:description\" content=\"Kompaktn\u00ed a snadno pou\u017eiteln\u00e1 celoobli\u010dejov\u00e1 maska.\" \/>\n<meta property=\"og:url\" content=\"https:\/\/apnoe-spanek.cz\/en\/product\/celooblicejova-maska-airfit-f10-s\/\" \/>\n<meta property=\"og:site_name\" content=\"Apnoe sp\u00e1nek\" \/>\n<meta property=\"article:publisher\" content=\"https:\/\/www.facebook.com\/apnoespanekcz\/\" \/>\n<meta property=\"article:modified_time\" content=\"2026-03-30T14:02:30+00:00\" \/>\n<meta property=\"og:image\" content=\"https:\/\/apnoe-spanek.cz\/wp-content\/uploads\/2026\/03\/Snimek-obrazovky-2026-03-30-v-15.52.17.png\" \/>\n\t<meta property=\"og:image:width\" content=\"1284\" \/>\n\t<meta property=\"og:image:height\" content=\"1240\" \/>\n\t<meta property=\"og:image:type\" content=\"image\/png\" \/>\n<meta name=\"twitter:card\" content=\"summary_large_image\" \/>\n<meta name=\"twitter:label1\" content=\"Estimated reading time\" \/>\n\t<meta name=\"twitter:data1\" content=\"1 minute\" \/>\n<script type=\"application\/ld+json\" class=\"yoast-schema-graph\">{\"@context\":\"https:\\\/\\\/schema.org\",\"@graph\":[{\"@type\":\"WebPage\",\"@id\":\"https:\\\/\\\/apnoe-spanek.cz\\\/produkt\\\/celooblicejova-maska-airfit-f10-s\\\/\",\"url\":\"https:\\\/\\\/apnoe-spanek.cz\\\/produkt\\\/celooblicejova-maska-airfit-f10-s\\\/\",\"name\":\"Celoobli\u010dejov\u00e1 maska AirFit F10 - S - Apnoe sp\u00e1nek\",\"isPartOf\":{\"@id\":\"https:\\\/\\\/apnoe-spanek.cz\\\/#website\"},\"primaryImageOfPage\":{\"@id\":\"https:\\\/\\\/apnoe-spanek.cz\\\/produkt\\\/celooblicejova-maska-airfit-f10-s\\\/#primaryimage\"},\"image\":{\"@id\":\"https:\\\/\\\/apnoe-spanek.cz\\\/produkt\\\/celooblicejova-maska-airfit-f10-s\\\/#primaryimage\"},\"thumbnailUrl\":\"https:\\\/\\\/apnoe-spanek.cz\\\/wp-content\\\/uploads\\\/2026\\\/03\\\/Snimek-obrazovky-2026-03-30-v-15.52.17.png\",\"datePublished\":\"2026-03-30T13:55:56+00:00\",\"dateModified\":\"2026-03-30T14:02:30+00:00\",\"breadcrumb\":{\"@id\":\"https:\\\/\\\/apnoe-spanek.cz\\\/produkt\\\/celooblicejova-maska-airfit-f10-s\\\/#breadcrumb\"},\"inLanguage\":\"en-GB\",\"potentialAction\":[{\"@type\":\"ReadAction\",\"target\":[\"https:\\\/\\\/apnoe-spanek.cz\\\/produkt\\\/celooblicejova-maska-airfit-f10-s\\\/\"]}]},{\"@type\":\"ImageObject\",\"inLanguage\":\"en-GB\",\"@id\":\"https:\\\/\\\/apnoe-spanek.cz\\\/produkt\\\/celooblicejova-maska-airfit-f10-s\\\/#primaryimage\",\"url\":\"https:\\\/\\\/apnoe-spanek.cz\\\/wp-content\\\/uploads\\\/2026\\\/03\\\/Snimek-obrazovky-2026-03-30-v-15.52.17.png\",\"contentUrl\":\"https:\\\/\\\/apnoe-spanek.cz\\\/wp-content\\\/uploads\\\/2026\\\/03\\\/Snimek-obrazovky-2026-03-30-v-15.52.17.png\",\"width\":1284,\"height\":1240},{\"@type\":\"BreadcrumbList\",\"@id\":\"https:\\\/\\\/apnoe-spanek.cz\\\/produkt\\\/celooblicejova-maska-airfit-f10-s\\\/#breadcrumb\",\"itemListElement\":[{\"@type\":\"ListItem\",\"position\":1,\"name\":\"Home\",\"item\":\"https:\\\/\\\/apnoe-spanek.cz\\\/\"},{\"@type\":\"ListItem\",\"position\":2,\"name\":\"E-SHOP\",\"item\":\"https:\\\/\\\/apnoe-spanek.cz\\\/shop\\\/\"},{\"@type\":\"ListItem\",\"position\":3,\"name\":\"Celoobli\u010dejov\u00e1 maska AirFit F10 &#8211; S\"}]},{\"@type\":\"WebSite\",\"@id\":\"https:\\\/\\\/apnoe-spanek.cz\\\/#website\",\"url\":\"https:\\\/\\\/apnoe-spanek.cz\\\/\",\"name\":\"Apnoe sp\u00e1nek\",\"description\":\"Nab\u00edz\u00edme v\u0161e pro Va\u0161i nejlep\u0161\u00ed a nejkvalitn\u011bj\u0161\u00ed l\u00e9\u010dbu sp\u00e1nkov\u00e9 apnoe\",\"publisher\":{\"@id\":\"https:\\\/\\\/apnoe-spanek.cz\\\/#organization\"},\"potentialAction\":[{\"@type\":\"SearchAction\",\"target\":{\"@type\":\"EntryPoint\",\"urlTemplate\":\"https:\\\/\\\/apnoe-spanek.cz\\\/?s={search_term_string}\"},\"query-input\":{\"@type\":\"PropertyValueSpecification\",\"valueRequired\":true,\"valueName\":\"search_term_string\"}}],\"inLanguage\":\"en-GB\"},{\"@type\":\"Organization\",\"@id\":\"https:\\\/\\\/apnoe-spanek.cz\\\/#organization\",\"name\":\"Apnoe sp\u00e1nek\",\"url\":\"https:\\\/\\\/apnoe-spanek.cz\\\/\",\"logo\":{\"@type\":\"ImageObject\",\"inLanguage\":\"en-GB\",\"@id\":\"https:\\\/\\\/apnoe-spanek.cz\\\/#\\\/schema\\\/logo\\\/image\\\/\",\"url\":\"https:\\\/\\\/apnoe-spanek.cz\\\/wp-content\\\/uploads\\\/2025\\\/02\\\/cropped-icon2.jpg\",\"contentUrl\":\"https:\\\/\\\/apnoe-spanek.cz\\\/wp-content\\\/uploads\\\/2025\\\/02\\\/cropped-icon2.jpg\",\"width\":512,\"height\":512,\"caption\":\"Apnoe sp\u00e1nek\"},\"image\":{\"@id\":\"https:\\\/\\\/apnoe-spanek.cz\\\/#\\\/schema\\\/logo\\\/image\\\/\"},\"sameAs\":[\"https:\\\/\\\/www.facebook.com\\\/apnoespanekcz\\\/\",\"https:\\\/\\\/www.instagram.com\\\/apnoespanekcz\\\/\"]}]}<\/script>\n<!-- \/ Yoast SEO Premium plugin. -->","yoast_head_json":{"title":"Celoobli\u010dejov\u00e1 maska AirFit F10 - S - Apnoe sp\u00e1nek","robots":{"index":"index","follow":"follow","max-snippet":"max-snippet:-1","max-image-preview":"max-image-preview:large","max-video-preview":"max-video-preview:-1"},"canonical":"https:\/\/apnoe-spanek.cz\/en\/product\/celooblicejova-maska-airfit-f10-s\/","og_locale":"en_GB","og_type":"article","og_title":"Celoobli\u010dejov\u00e1 maska AirFit F10 - S","og_description":"Kompaktn\u00ed a snadno pou\u017eiteln\u00e1 celoobli\u010dejov\u00e1 maska.","og_url":"https:\/\/apnoe-spanek.cz\/en\/product\/celooblicejova-maska-airfit-f10-s\/","og_site_name":"Apnoe sp\u00e1nek","article_publisher":"https:\/\/www.facebook.com\/apnoespanekcz\/","article_modified_time":"2026-03-30T14:02:30+00:00","og_image":[{"width":1284,"height":1240,"url":"https:\/\/apnoe-spanek.cz\/wp-content\/uploads\/2026\/03\/Snimek-obrazovky-2026-03-30-v-15.52.17.png","type":"image\/png"}],"twitter_card":"summary_large_image","twitter_misc":{"Estimated reading time":"1 minute"},"schema":{"@context":"https:\/\/schema.org","@graph":[{"@type":"WebPage","@id":"https:\/\/apnoe-spanek.cz\/produkt\/celooblicejova-maska-airfit-f10-s\/","url":"https:\/\/apnoe-spanek.cz\/produkt\/celooblicejova-maska-airfit-f10-s\/","name":"Celoobli\u010dejov\u00e1 maska AirFit F10 - S - Apnoe sp\u00e1nek","isPartOf":{"@id":"https:\/\/apnoe-spanek.cz\/#website"},"primaryImageOfPage":{"@id":"https:\/\/apnoe-spanek.cz\/produkt\/celooblicejova-maska-airfit-f10-s\/#primaryimage"},"image":{"@id":"https:\/\/apnoe-spanek.cz\/produkt\/celooblicejova-maska-airfit-f10-s\/#primaryimage"},"thumbnailUrl":"https:\/\/apnoe-spanek.cz\/wp-content\/uploads\/2026\/03\/Snimek-obrazovky-2026-03-30-v-15.52.17.png","datePublished":"2026-03-30T13:55:56+00:00","dateModified":"2026-03-30T14:02:30+00:00","breadcrumb":{"@id":"https:\/\/apnoe-spanek.cz\/produkt\/celooblicejova-maska-airfit-f10-s\/#breadcrumb"},"inLanguage":"en-GB","potentialAction":[{"@type":"ReadAction","target":["https:\/\/apnoe-spanek.cz\/produkt\/celooblicejova-maska-airfit-f10-s\/"]}]},{"@type":"ImageObject","inLanguage":"en-GB","@id":"https:\/\/apnoe-spanek.cz\/produkt\/celooblicejova-maska-airfit-f10-s\/#primaryimage","url":"https:\/\/apnoe-spanek.cz\/wp-content\/uploads\/2026\/03\/Snimek-obrazovky-2026-03-30-v-15.52.17.png","contentUrl":"https:\/\/apnoe-spanek.cz\/wp-content\/uploads\/2026\/03\/Snimek-obrazovky-2026-03-30-v-15.52.17.png","width":1284,"height":1240},{"@type":"BreadcrumbList","@id":"https:\/\/apnoe-spanek.cz\/produkt\/celooblicejova-maska-airfit-f10-s\/#breadcrumb","itemListElement":[{"@type":"ListItem","position":1,"name":"Home","item":"https:\/\/apnoe-spanek.cz\/"},{"@type":"ListItem","position":2,"name":"E-SHOP","item":"https:\/\/apnoe-spanek.cz\/shop\/"},{"@type":"ListItem","position":3,"name":"Celoobli\u010dejov\u00e1 maska AirFit F10 &#8211; S"}]},{"@type":"WebSite","@id":"https:\/\/apnoe-spanek.cz\/#website","url":"https:\/\/apnoe-spanek.cz\/","name":"Apnoe sp\u00e1nek","description":"Nab\u00edz\u00edme v\u0161e pro Va\u0161i nejlep\u0161\u00ed a nejkvalitn\u011bj\u0161\u00ed l\u00e9\u010dbu sp\u00e1nkov\u00e9 apnoe","publisher":{"@id":"https:\/\/apnoe-spanek.cz\/#organization"},"potentialAction":[{"@type":"SearchAction","target":{"@type":"EntryPoint","urlTemplate":"https:\/\/apnoe-spanek.cz\/?s={search_term_string}"},"query-input":{"@type":"PropertyValueSpecification","valueRequired":true,"valueName":"search_term_string"}}],"inLanguage":"en-GB"},{"@type":"Organization","@id":"https:\/\/apnoe-spanek.cz\/#organization","name":"Apnoe sp\u00e1nek","url":"https:\/\/apnoe-spanek.cz\/","logo":{"@type":"ImageObject","inLanguage":"en-GB","@id":"https:\/\/apnoe-spanek.cz\/#\/schema\/logo\/image\/","url":"https:\/\/apnoe-spanek.cz\/wp-content\/uploads\/2025\/02\/cropped-icon2.jpg","contentUrl":"https:\/\/apnoe-spanek.cz\/wp-content\/uploads\/2025\/02\/cropped-icon2.jpg","width":512,"height":512,"caption":"Apnoe sp\u00e1nek"},"image":{"@id":"https:\/\/apnoe-spanek.cz\/#\/schema\/logo\/image\/"},"sameAs":["https:\/\/www.facebook.com\/apnoespanekcz\/","https:\/\/www.instagram.com\/apnoespanekcz\/"]}]}},"_links":{"self":[{"href":"https:\/\/apnoe-spanek.cz\/en\/wp-json\/wp\/v2\/product\/31098","targetHints":{"allow":["GET"]}}],"collection":[{"href":"https:\/\/apnoe-spanek.cz\/en\/wp-json\/wp\/v2\/product"}],"about":[{"href":"https:\/\/apnoe-spanek.cz\/en\/wp-json\/wp\/v2\/types\/product"}],"version-history":[{"count":2,"href":"https:\/\/apnoe-spanek.cz\/en\/wp-json\/wp\/v2\/product\/31098\/revisions"}],"predecessor-version":[{"id":31101,"href":"https:\/\/apnoe-spanek.cz\/en\/wp-json\/wp\/v2\/product\/31098\/revisions\/31101"}],"wp:featuredmedia":[{"embeddable":true,"href":"https:\/\/apnoe-spanek.cz\/en\/wp-json\/wp\/v2\/media\/31099"}],"wp:attachment":[{"href":"https:\/\/apnoe-spanek.cz\/en\/wp-json\/wp\/v2\/media?parent=31098"}],"wp:term":[{"taxonomy":"product_brand","embeddable":true,"href":"https:\/\/apnoe-spanek.cz\/en\/wp-json\/wp\/v2\/product_brand?post=31098"},{"taxonomy":"product_cat","embeddable":true,"href":"https:\/\/apnoe-spanek.cz\/en\/wp-json\/wp\/v2\/product_cat?post=31098"},{"taxonomy":"product_tag","embeddable":true,"href":"https:\/\/apnoe-spanek.cz\/en\/wp-json\/wp\/v2\/product_tag?post=31098"}],"curies":[{"name":"wp","href":"https:\/\/api.w.org\/{rel}","templated":true}]}}