{"id":29893,"date":"2025-09-04T10:02:13","date_gmt":"2025-09-04T10:02:13","guid":{"rendered":"https:\/\/apnoe-spanek.cz\/?post_type=product&#038;p=29893"},"modified":"2026-04-08T16:18:56","modified_gmt":"2026-04-08T16:18:56","slug":"drzak-na-hadice-cerny","status":"publish","type":"product","link":"https:\/\/apnoe-spanek.cz\/en\/product\/drzak-na-hadice-cerny\/","title":{"rendered":"Dr\u017e\u00e1k na hadice &#8211; \u010dern\u00fd"},"content":{"rendered":"<p><span class=\"fsp-element\">Dr\u017e\u00e1k na hadici k l\u016f\u017eku, zabra\u0148uje zamot\u00e1n\u00ed, zabra\u0148uje ucp\u00e1n\u00ed, udr\u017euje vzduchovou hadici naho\u0159e a mimo obli\u010dej a pa\u017ee, co\u017e v\u00e1m umo\u017e\u0148uje klidn\u011bj\u0161\u00ed sp\u00e1nek.<\/span><\/p>","protected":false},"excerpt":{"rendered":"<p><span class=\"fsp-element\">Dr\u017e\u00e1k na hadici k l\u016f\u017eku, zabra\u0148uje zamot\u00e1n\u00ed, zabra\u0148uje ucp\u00e1n\u00ed, udr\u017euje vzduchovou hadici naho\u0159e a mimo obli\u010dej a pa\u017ee, co\u017e v\u00e1m umo\u017e\u0148uje klidn\u011bj\u0161\u00ed sp\u00e1nek.<\/span><\/p>","protected":false},"featured_media":29889,"template":"","meta":[],"product_brand":[],"product_cat":[120],"product_tag":[],"class_list":{"0":"post-29893","1":"product","2":"type-product","3":"status-publish","4":"has-post-thumbnail","6":"product_cat-drzaky-na-hadice","8":"first","9":"instock","10":"taxable","11":"shipping-taxable","12":"purchasable","13":"product-type-simple"},"yoast_head":"<!-- This site is optimized with the Yoast SEO Premium plugin v20.11 (Yoast SEO v27.4) - https:\/\/yoast.com\/product\/yoast-seo-premium-wordpress\/ -->\n<title>Dr\u017e\u00e1k na hadice - \u010dern\u00fd - Apnoe sp\u00e1nek<\/title>\n<meta name=\"robots\" content=\"index, follow, max-snippet:-1, max-image-preview:large, max-video-preview:-1\" \/>\n<link rel=\"canonical\" href=\"https:\/\/apnoe-spanek.cz\/en\/product\/drzak-na-hadice-cerny\/\" \/>\n<meta property=\"og:locale\" content=\"en_GB\" \/>\n<meta property=\"og:type\" content=\"article\" \/>\n<meta property=\"og:title\" content=\"Dr\u017e\u00e1k na hadice - \u010dern\u00fd\" \/>\n<meta property=\"og:description\" content=\"Dr\u017e\u00e1k na hadici k l\u016f\u017eku, zabra\u0148uje zamot\u00e1n\u00ed, zabra\u0148uje ucp\u00e1n\u00ed, udr\u017euje vzduchovou hadici naho\u0159e a mimo obli\u010dej a pa\u017ee, co\u017e v\u00e1m umo\u017e\u0148uje klidn\u011bj\u0161\u00ed sp\u00e1nek.\" \/>\n<meta property=\"og:url\" content=\"https:\/\/apnoe-spanek.cz\/en\/product\/drzak-na-hadice-cerny\/\" \/>\n<meta property=\"og:site_name\" content=\"Apnoe sp\u00e1nek\" \/>\n<meta property=\"article:publisher\" content=\"https:\/\/www.facebook.com\/apnoespanekcz\/\" \/>\n<meta property=\"article:modified_time\" content=\"2026-04-08T16:18:56+00:00\" \/>\n<meta property=\"og:image\" content=\"https:\/\/apnoe-spanek.cz\/wp-content\/uploads\/2025\/09\/1.png\" \/>\n\t<meta property=\"og:image:width\" content=\"940\" \/>\n\t<meta property=\"og:image:height\" content=\"788\" \/>\n\t<meta property=\"og:image:type\" content=\"image\/png\" \/>\n<meta name=\"twitter:card\" content=\"summary_large_image\" \/>\n<meta name=\"twitter:label1\" content=\"Estimated reading time\" \/>\n\t<meta name=\"twitter:data1\" content=\"1 minute\" \/>\n<script type=\"application\/ld+json\" class=\"yoast-schema-graph\">{\"@context\":\"https:\\\/\\\/schema.org\",\"@graph\":[{\"@type\":\"WebPage\",\"@id\":\"https:\\\/\\\/apnoe-spanek.cz\\\/produkt\\\/drzak-na-hadice-cerny\\\/\",\"url\":\"https:\\\/\\\/apnoe-spanek.cz\\\/produkt\\\/drzak-na-hadice-cerny\\\/\",\"name\":\"Dr\u017e\u00e1k na hadice - \u010dern\u00fd - Apnoe sp\u00e1nek\",\"isPartOf\":{\"@id\":\"https:\\\/\\\/apnoe-spanek.cz\\\/#website\"},\"primaryImageOfPage\":{\"@id\":\"https:\\\/\\\/apnoe-spanek.cz\\\/produkt\\\/drzak-na-hadice-cerny\\\/#primaryimage\"},\"image\":{\"@id\":\"https:\\\/\\\/apnoe-spanek.cz\\\/produkt\\\/drzak-na-hadice-cerny\\\/#primaryimage\"},\"thumbnailUrl\":\"https:\\\/\\\/apnoe-spanek.cz\\\/wp-content\\\/uploads\\\/2025\\\/09\\\/1.png\",\"datePublished\":\"2025-09-04T10:02:13+00:00\",\"dateModified\":\"2026-04-08T16:18:56+00:00\",\"breadcrumb\":{\"@id\":\"https:\\\/\\\/apnoe-spanek.cz\\\/produkt\\\/drzak-na-hadice-cerny\\\/#breadcrumb\"},\"inLanguage\":\"en-GB\",\"potentialAction\":[{\"@type\":\"ReadAction\",\"target\":[\"https:\\\/\\\/apnoe-spanek.cz\\\/produkt\\\/drzak-na-hadice-cerny\\\/\"]}]},{\"@type\":\"ImageObject\",\"inLanguage\":\"en-GB\",\"@id\":\"https:\\\/\\\/apnoe-spanek.cz\\\/produkt\\\/drzak-na-hadice-cerny\\\/#primaryimage\",\"url\":\"https:\\\/\\\/apnoe-spanek.cz\\\/wp-content\\\/uploads\\\/2025\\\/09\\\/1.png\",\"contentUrl\":\"https:\\\/\\\/apnoe-spanek.cz\\\/wp-content\\\/uploads\\\/2025\\\/09\\\/1.png\",\"width\":940,\"height\":788},{\"@type\":\"BreadcrumbList\",\"@id\":\"https:\\\/\\\/apnoe-spanek.cz\\\/produkt\\\/drzak-na-hadice-cerny\\\/#breadcrumb\",\"itemListElement\":[{\"@type\":\"ListItem\",\"position\":1,\"name\":\"Home\",\"item\":\"https:\\\/\\\/apnoe-spanek.cz\\\/\"},{\"@type\":\"ListItem\",\"position\":2,\"name\":\"E-SHOP\",\"item\":\"https:\\\/\\\/apnoe-spanek.cz\\\/shop\\\/\"},{\"@type\":\"ListItem\",\"position\":3,\"name\":\"Dr\u017e\u00e1k na hadice &#8211; \u010dern\u00fd\"}]},{\"@type\":\"WebSite\",\"@id\":\"https:\\\/\\\/apnoe-spanek.cz\\\/#website\",\"url\":\"https:\\\/\\\/apnoe-spanek.cz\\\/\",\"name\":\"Apnoe sp\u00e1nek\",\"description\":\"Nab\u00edz\u00edme v\u0161e pro Va\u0161i nejlep\u0161\u00ed a nejkvalitn\u011bj\u0161\u00ed l\u00e9\u010dbu sp\u00e1nkov\u00e9 apnoe\",\"publisher\":{\"@id\":\"https:\\\/\\\/apnoe-spanek.cz\\\/#organization\"},\"potentialAction\":[{\"@type\":\"SearchAction\",\"target\":{\"@type\":\"EntryPoint\",\"urlTemplate\":\"https:\\\/\\\/apnoe-spanek.cz\\\/?s={search_term_string}\"},\"query-input\":{\"@type\":\"PropertyValueSpecification\",\"valueRequired\":true,\"valueName\":\"search_term_string\"}}],\"inLanguage\":\"en-GB\"},{\"@type\":\"Organization\",\"@id\":\"https:\\\/\\\/apnoe-spanek.cz\\\/#organization\",\"name\":\"Apnoe sp\u00e1nek\",\"url\":\"https:\\\/\\\/apnoe-spanek.cz\\\/\",\"logo\":{\"@type\":\"ImageObject\",\"inLanguage\":\"en-GB\",\"@id\":\"https:\\\/\\\/apnoe-spanek.cz\\\/#\\\/schema\\\/logo\\\/image\\\/\",\"url\":\"https:\\\/\\\/apnoe-spanek.cz\\\/wp-content\\\/uploads\\\/2025\\\/02\\\/cropped-icon2.jpg\",\"contentUrl\":\"https:\\\/\\\/apnoe-spanek.cz\\\/wp-content\\\/uploads\\\/2025\\\/02\\\/cropped-icon2.jpg\",\"width\":512,\"height\":512,\"caption\":\"Apnoe sp\u00e1nek\"},\"image\":{\"@id\":\"https:\\\/\\\/apnoe-spanek.cz\\\/#\\\/schema\\\/logo\\\/image\\\/\"},\"sameAs\":[\"https:\\\/\\\/www.facebook.com\\\/apnoespanekcz\\\/\",\"https:\\\/\\\/www.instagram.com\\\/apnoespanekcz\\\/\"]}]}<\/script>\n<!-- \/ Yoast SEO Premium plugin. -->","yoast_head_json":{"title":"Dr\u017e\u00e1k na hadice - \u010dern\u00fd - Apnoe sp\u00e1nek","robots":{"index":"index","follow":"follow","max-snippet":"max-snippet:-1","max-image-preview":"max-image-preview:large","max-video-preview":"max-video-preview:-1"},"canonical":"https:\/\/apnoe-spanek.cz\/en\/product\/drzak-na-hadice-cerny\/","og_locale":"en_GB","og_type":"article","og_title":"Dr\u017e\u00e1k na hadice - \u010dern\u00fd","og_description":"Dr\u017e\u00e1k na hadici k l\u016f\u017eku, zabra\u0148uje zamot\u00e1n\u00ed, zabra\u0148uje ucp\u00e1n\u00ed, udr\u017euje vzduchovou hadici naho\u0159e a mimo obli\u010dej a pa\u017ee, co\u017e v\u00e1m umo\u017e\u0148uje klidn\u011bj\u0161\u00ed sp\u00e1nek.","og_url":"https:\/\/apnoe-spanek.cz\/en\/product\/drzak-na-hadice-cerny\/","og_site_name":"Apnoe sp\u00e1nek","article_publisher":"https:\/\/www.facebook.com\/apnoespanekcz\/","article_modified_time":"2026-04-08T16:18:56+00:00","og_image":[{"width":940,"height":788,"url":"https:\/\/apnoe-spanek.cz\/wp-content\/uploads\/2025\/09\/1.png","type":"image\/png"}],"twitter_card":"summary_large_image","twitter_misc":{"Estimated reading time":"1 minute"},"schema":{"@context":"https:\/\/schema.org","@graph":[{"@type":"WebPage","@id":"https:\/\/apnoe-spanek.cz\/produkt\/drzak-na-hadice-cerny\/","url":"https:\/\/apnoe-spanek.cz\/produkt\/drzak-na-hadice-cerny\/","name":"Dr\u017e\u00e1k na hadice - \u010dern\u00fd - Apnoe sp\u00e1nek","isPartOf":{"@id":"https:\/\/apnoe-spanek.cz\/#website"},"primaryImageOfPage":{"@id":"https:\/\/apnoe-spanek.cz\/produkt\/drzak-na-hadice-cerny\/#primaryimage"},"image":{"@id":"https:\/\/apnoe-spanek.cz\/produkt\/drzak-na-hadice-cerny\/#primaryimage"},"thumbnailUrl":"https:\/\/apnoe-spanek.cz\/wp-content\/uploads\/2025\/09\/1.png","datePublished":"2025-09-04T10:02:13+00:00","dateModified":"2026-04-08T16:18:56+00:00","breadcrumb":{"@id":"https:\/\/apnoe-spanek.cz\/produkt\/drzak-na-hadice-cerny\/#breadcrumb"},"inLanguage":"en-GB","potentialAction":[{"@type":"ReadAction","target":["https:\/\/apnoe-spanek.cz\/produkt\/drzak-na-hadice-cerny\/"]}]},{"@type":"ImageObject","inLanguage":"en-GB","@id":"https:\/\/apnoe-spanek.cz\/produkt\/drzak-na-hadice-cerny\/#primaryimage","url":"https:\/\/apnoe-spanek.cz\/wp-content\/uploads\/2025\/09\/1.png","contentUrl":"https:\/\/apnoe-spanek.cz\/wp-content\/uploads\/2025\/09\/1.png","width":940,"height":788},{"@type":"BreadcrumbList","@id":"https:\/\/apnoe-spanek.cz\/produkt\/drzak-na-hadice-cerny\/#breadcrumb","itemListElement":[{"@type":"ListItem","position":1,"name":"Home","item":"https:\/\/apnoe-spanek.cz\/"},{"@type":"ListItem","position":2,"name":"E-SHOP","item":"https:\/\/apnoe-spanek.cz\/shop\/"},{"@type":"ListItem","position":3,"name":"Dr\u017e\u00e1k na hadice &#8211; \u010dern\u00fd"}]},{"@type":"WebSite","@id":"https:\/\/apnoe-spanek.cz\/#website","url":"https:\/\/apnoe-spanek.cz\/","name":"Apnoe sp\u00e1nek","description":"Nab\u00edz\u00edme v\u0161e pro Va\u0161i nejlep\u0161\u00ed a nejkvalitn\u011bj\u0161\u00ed l\u00e9\u010dbu sp\u00e1nkov\u00e9 apnoe","publisher":{"@id":"https:\/\/apnoe-spanek.cz\/#organization"},"potentialAction":[{"@type":"SearchAction","target":{"@type":"EntryPoint","urlTemplate":"https:\/\/apnoe-spanek.cz\/?s={search_term_string}"},"query-input":{"@type":"PropertyValueSpecification","valueRequired":true,"valueName":"search_term_string"}}],"inLanguage":"en-GB"},{"@type":"Organization","@id":"https:\/\/apnoe-spanek.cz\/#organization","name":"Apnoe sp\u00e1nek","url":"https:\/\/apnoe-spanek.cz\/","logo":{"@type":"ImageObject","inLanguage":"en-GB","@id":"https:\/\/apnoe-spanek.cz\/#\/schema\/logo\/image\/","url":"https:\/\/apnoe-spanek.cz\/wp-content\/uploads\/2025\/02\/cropped-icon2.jpg","contentUrl":"https:\/\/apnoe-spanek.cz\/wp-content\/uploads\/2025\/02\/cropped-icon2.jpg","width":512,"height":512,"caption":"Apnoe sp\u00e1nek"},"image":{"@id":"https:\/\/apnoe-spanek.cz\/#\/schema\/logo\/image\/"},"sameAs":["https:\/\/www.facebook.com\/apnoespanekcz\/","https:\/\/www.instagram.com\/apnoespanekcz\/"]}]}},"_links":{"self":[{"href":"https:\/\/apnoe-spanek.cz\/en\/wp-json\/wp\/v2\/product\/29893","targetHints":{"allow":["GET"]}}],"collection":[{"href":"https:\/\/apnoe-spanek.cz\/en\/wp-json\/wp\/v2\/product"}],"about":[{"href":"https:\/\/apnoe-spanek.cz\/en\/wp-json\/wp\/v2\/types\/product"}],"version-history":[{"count":1,"href":"https:\/\/apnoe-spanek.cz\/en\/wp-json\/wp\/v2\/product\/29893\/revisions"}],"predecessor-version":[{"id":29894,"href":"https:\/\/apnoe-spanek.cz\/en\/wp-json\/wp\/v2\/product\/29893\/revisions\/29894"}],"wp:featuredmedia":[{"embeddable":true,"href":"https:\/\/apnoe-spanek.cz\/en\/wp-json\/wp\/v2\/media\/29889"}],"wp:attachment":[{"href":"https:\/\/apnoe-spanek.cz\/en\/wp-json\/wp\/v2\/media?parent=29893"}],"wp:term":[{"taxonomy":"product_brand","embeddable":true,"href":"https:\/\/apnoe-spanek.cz\/en\/wp-json\/wp\/v2\/product_brand?post=29893"},{"taxonomy":"product_cat","embeddable":true,"href":"https:\/\/apnoe-spanek.cz\/en\/wp-json\/wp\/v2\/product_cat?post=29893"},{"taxonomy":"product_tag","embeddable":true,"href":"https:\/\/apnoe-spanek.cz\/en\/wp-json\/wp\/v2\/product_tag?post=29893"}],"curies":[{"name":"wp","href":"https:\/\/api.w.org\/{rel}","templated":true}]}}