{"id":29162,"date":"2025-02-18T16:34:35","date_gmt":"2025-02-18T16:34:35","guid":{"rendered":"https:\/\/apnoe-spanek.cz\/?post_type=product&#038;p=29162"},"modified":"2025-03-10T12:13:48","modified_gmt":"2025-03-10T12:13:48","slug":"popruh-bella-s-ramem-k-masce-swift-fx-for-her-ruzovy","status":"publish","type":"product","link":"https:\/\/apnoe-spanek.cz\/en\/product\/popruh-bella-s-ramem-k-masce-swift-fx-for-her-ruzovy\/","title":{"rendered":"Popruh Bella s r\u00e1mem k masce Swift FX for Her (r\u016f\u017eov\u00fd)"},"content":{"rendered":"<p>Popruh Bella s r\u00e1mem k masce Swift FX for Her (r\u016f\u017eov\u00fd)<\/p>","protected":false},"excerpt":{"rendered":"<p>Popruh Bella s r\u00e1mem k masce Swift FX for Her (r\u016f\u017eov\u00fd)<\/p>","protected":false},"featured_media":29180,"template":"","meta":[],"product_brand":[],"product_cat":[32,98],"product_tag":[],"class_list":{"0":"post-29162","1":"product","2":"type-product","3":"status-publish","4":"has-post-thumbnail","6":"product_cat-nahradni-dily-k-maskam","7":"product_cat-nahradni-popruhy-k-maskam","9":"first","10":"instock","11":"taxable","12":"shipping-taxable","13":"purchasable","14":"product-type-simple"},"yoast_head":"<!-- This site is optimized with the Yoast SEO Premium plugin v20.11 (Yoast SEO v27.4) - https:\/\/yoast.com\/product\/yoast-seo-premium-wordpress\/ -->\n<title>Popruh Bella s r\u00e1mem k masce Swift FX for Her (r\u016f\u017eov\u00fd) - Apnoe sp\u00e1nek<\/title>\n<meta name=\"robots\" content=\"index, follow, max-snippet:-1, max-image-preview:large, max-video-preview:-1\" \/>\n<link rel=\"canonical\" href=\"https:\/\/apnoe-spanek.cz\/en\/product\/popruh-bella-s-ramem-k-masce-swift-fx-for-her-ruzovy\/\" \/>\n<meta property=\"og:locale\" content=\"en_GB\" \/>\n<meta property=\"og:type\" content=\"article\" \/>\n<meta property=\"og:title\" content=\"Popruh Bella s r\u00e1mem k masce Swift FX for Her (r\u016f\u017eov\u00fd)\" \/>\n<meta property=\"og:description\" content=\"Popruh Bella s r\u00e1mem k masce Swift FX for Her (r\u016f\u017eov\u00fd)\" \/>\n<meta property=\"og:url\" content=\"https:\/\/apnoe-spanek.cz\/en\/product\/popruh-bella-s-ramem-k-masce-swift-fx-for-her-ruzovy\/\" \/>\n<meta property=\"og:site_name\" content=\"Apnoe sp\u00e1nek\" \/>\n<meta property=\"article:publisher\" content=\"https:\/\/www.facebook.com\/apnoespanekcz\/\" \/>\n<meta property=\"article:modified_time\" content=\"2025-03-10T12:13:48+00:00\" \/>\n<meta property=\"og:image\" content=\"https:\/\/apnoe-spanek.cz\/wp-content\/uploads\/2025\/02\/160-e1739923858570-2.png\" \/>\n\t<meta property=\"og:image:width\" content=\"300\" \/>\n\t<meta property=\"og:image:height\" content=\"300\" \/>\n\t<meta property=\"og:image:type\" content=\"image\/png\" \/>\n<meta name=\"twitter:card\" content=\"summary_large_image\" \/>\n<script type=\"application\/ld+json\" class=\"yoast-schema-graph\">{\"@context\":\"https:\\\/\\\/schema.org\",\"@graph\":[{\"@type\":\"WebPage\",\"@id\":\"https:\\\/\\\/apnoe-spanek.cz\\\/en\\\/product\\\/popruh-bella-s-ramem-k-masce-swift-fx-for-her-ruzovy\\\/\",\"url\":\"https:\\\/\\\/apnoe-spanek.cz\\\/en\\\/product\\\/popruh-bella-s-ramem-k-masce-swift-fx-for-her-ruzovy\\\/\",\"name\":\"Popruh Bella s r\u00e1mem k masce Swift FX for Her (r\u016f\u017eov\u00fd) - Apnoe sp\u00e1nek\",\"isPartOf\":{\"@id\":\"https:\\\/\\\/apnoe-spanek.cz\\\/#website\"},\"primaryImageOfPage\":{\"@id\":\"https:\\\/\\\/apnoe-spanek.cz\\\/en\\\/product\\\/popruh-bella-s-ramem-k-masce-swift-fx-for-her-ruzovy\\\/#primaryimage\"},\"image\":{\"@id\":\"https:\\\/\\\/apnoe-spanek.cz\\\/en\\\/product\\\/popruh-bella-s-ramem-k-masce-swift-fx-for-her-ruzovy\\\/#primaryimage\"},\"thumbnailUrl\":\"https:\\\/\\\/apnoe-spanek.cz\\\/wp-content\\\/uploads\\\/2025\\\/02\\\/160-e1739923858570-2.png\",\"datePublished\":\"2025-02-18T16:34:35+00:00\",\"dateModified\":\"2025-03-10T12:13:48+00:00\",\"breadcrumb\":{\"@id\":\"https:\\\/\\\/apnoe-spanek.cz\\\/en\\\/product\\\/popruh-bella-s-ramem-k-masce-swift-fx-for-her-ruzovy\\\/#breadcrumb\"},\"inLanguage\":\"en-GB\",\"potentialAction\":[{\"@type\":\"ReadAction\",\"target\":[\"https:\\\/\\\/apnoe-spanek.cz\\\/en\\\/product\\\/popruh-bella-s-ramem-k-masce-swift-fx-for-her-ruzovy\\\/\"]}]},{\"@type\":\"ImageObject\",\"inLanguage\":\"en-GB\",\"@id\":\"https:\\\/\\\/apnoe-spanek.cz\\\/en\\\/product\\\/popruh-bella-s-ramem-k-masce-swift-fx-for-her-ruzovy\\\/#primaryimage\",\"url\":\"https:\\\/\\\/apnoe-spanek.cz\\\/wp-content\\\/uploads\\\/2025\\\/02\\\/160-e1739923858570-2.png\",\"contentUrl\":\"https:\\\/\\\/apnoe-spanek.cz\\\/wp-content\\\/uploads\\\/2025\\\/02\\\/160-e1739923858570-2.png\",\"width\":300,\"height\":300},{\"@type\":\"BreadcrumbList\",\"@id\":\"https:\\\/\\\/apnoe-spanek.cz\\\/en\\\/product\\\/popruh-bella-s-ramem-k-masce-swift-fx-for-her-ruzovy\\\/#breadcrumb\",\"itemListElement\":[{\"@type\":\"ListItem\",\"position\":1,\"name\":\"Home\",\"item\":\"https:\\\/\\\/apnoe-spanek.cz\\\/\"},{\"@type\":\"ListItem\",\"position\":2,\"name\":\"E-SHOP\",\"item\":\"https:\\\/\\\/apnoe-spanek.cz\\\/shop\\\/\"},{\"@type\":\"ListItem\",\"position\":3,\"name\":\"Popruh Bella s r\u00e1mem k masce Swift FX for Her (r\u016f\u017eov\u00fd)\"}]},{\"@type\":\"WebSite\",\"@id\":\"https:\\\/\\\/apnoe-spanek.cz\\\/#website\",\"url\":\"https:\\\/\\\/apnoe-spanek.cz\\\/\",\"name\":\"Apnoe sp\u00e1nek\",\"description\":\"Nab\u00edz\u00edme v\u0161e pro Va\u0161i nejlep\u0161\u00ed a nejkvalitn\u011bj\u0161\u00ed l\u00e9\u010dbu sp\u00e1nkov\u00e9 apnoe\",\"publisher\":{\"@id\":\"https:\\\/\\\/apnoe-spanek.cz\\\/#organization\"},\"potentialAction\":[{\"@type\":\"SearchAction\",\"target\":{\"@type\":\"EntryPoint\",\"urlTemplate\":\"https:\\\/\\\/apnoe-spanek.cz\\\/?s={search_term_string}\"},\"query-input\":{\"@type\":\"PropertyValueSpecification\",\"valueRequired\":true,\"valueName\":\"search_term_string\"}}],\"inLanguage\":\"en-GB\"},{\"@type\":\"Organization\",\"@id\":\"https:\\\/\\\/apnoe-spanek.cz\\\/#organization\",\"name\":\"Apnoe sp\u00e1nek\",\"url\":\"https:\\\/\\\/apnoe-spanek.cz\\\/\",\"logo\":{\"@type\":\"ImageObject\",\"inLanguage\":\"en-GB\",\"@id\":\"https:\\\/\\\/apnoe-spanek.cz\\\/#\\\/schema\\\/logo\\\/image\\\/\",\"url\":\"https:\\\/\\\/apnoe-spanek.cz\\\/wp-content\\\/uploads\\\/2025\\\/02\\\/cropped-icon2.jpg\",\"contentUrl\":\"https:\\\/\\\/apnoe-spanek.cz\\\/wp-content\\\/uploads\\\/2025\\\/02\\\/cropped-icon2.jpg\",\"width\":512,\"height\":512,\"caption\":\"Apnoe sp\u00e1nek\"},\"image\":{\"@id\":\"https:\\\/\\\/apnoe-spanek.cz\\\/#\\\/schema\\\/logo\\\/image\\\/\"},\"sameAs\":[\"https:\\\/\\\/www.facebook.com\\\/apnoespanekcz\\\/\",\"https:\\\/\\\/www.instagram.com\\\/apnoespanekcz\\\/\"]}]}<\/script>\n<!-- \/ Yoast SEO Premium plugin. -->","yoast_head_json":{"title":"Popruh Bella s r\u00e1mem k masce Swift FX for Her (r\u016f\u017eov\u00fd) - Apnoe sp\u00e1nek","robots":{"index":"index","follow":"follow","max-snippet":"max-snippet:-1","max-image-preview":"max-image-preview:large","max-video-preview":"max-video-preview:-1"},"canonical":"https:\/\/apnoe-spanek.cz\/en\/product\/popruh-bella-s-ramem-k-masce-swift-fx-for-her-ruzovy\/","og_locale":"en_GB","og_type":"article","og_title":"Popruh Bella s r\u00e1mem k masce Swift FX for Her (r\u016f\u017eov\u00fd)","og_description":"Popruh Bella s r\u00e1mem k masce Swift FX for Her (r\u016f\u017eov\u00fd)","og_url":"https:\/\/apnoe-spanek.cz\/en\/product\/popruh-bella-s-ramem-k-masce-swift-fx-for-her-ruzovy\/","og_site_name":"Apnoe sp\u00e1nek","article_publisher":"https:\/\/www.facebook.com\/apnoespanekcz\/","article_modified_time":"2025-03-10T12:13:48+00:00","og_image":[{"width":300,"height":300,"url":"https:\/\/apnoe-spanek.cz\/wp-content\/uploads\/2025\/02\/160-e1739923858570-2.png","type":"image\/png"}],"twitter_card":"summary_large_image","schema":{"@context":"https:\/\/schema.org","@graph":[{"@type":"WebPage","@id":"https:\/\/apnoe-spanek.cz\/en\/product\/popruh-bella-s-ramem-k-masce-swift-fx-for-her-ruzovy\/","url":"https:\/\/apnoe-spanek.cz\/en\/product\/popruh-bella-s-ramem-k-masce-swift-fx-for-her-ruzovy\/","name":"Popruh Bella s r\u00e1mem k masce Swift FX for Her (r\u016f\u017eov\u00fd) - Apnoe sp\u00e1nek","isPartOf":{"@id":"https:\/\/apnoe-spanek.cz\/#website"},"primaryImageOfPage":{"@id":"https:\/\/apnoe-spanek.cz\/en\/product\/popruh-bella-s-ramem-k-masce-swift-fx-for-her-ruzovy\/#primaryimage"},"image":{"@id":"https:\/\/apnoe-spanek.cz\/en\/product\/popruh-bella-s-ramem-k-masce-swift-fx-for-her-ruzovy\/#primaryimage"},"thumbnailUrl":"https:\/\/apnoe-spanek.cz\/wp-content\/uploads\/2025\/02\/160-e1739923858570-2.png","datePublished":"2025-02-18T16:34:35+00:00","dateModified":"2025-03-10T12:13:48+00:00","breadcrumb":{"@id":"https:\/\/apnoe-spanek.cz\/en\/product\/popruh-bella-s-ramem-k-masce-swift-fx-for-her-ruzovy\/#breadcrumb"},"inLanguage":"en-GB","potentialAction":[{"@type":"ReadAction","target":["https:\/\/apnoe-spanek.cz\/en\/product\/popruh-bella-s-ramem-k-masce-swift-fx-for-her-ruzovy\/"]}]},{"@type":"ImageObject","inLanguage":"en-GB","@id":"https:\/\/apnoe-spanek.cz\/en\/product\/popruh-bella-s-ramem-k-masce-swift-fx-for-her-ruzovy\/#primaryimage","url":"https:\/\/apnoe-spanek.cz\/wp-content\/uploads\/2025\/02\/160-e1739923858570-2.png","contentUrl":"https:\/\/apnoe-spanek.cz\/wp-content\/uploads\/2025\/02\/160-e1739923858570-2.png","width":300,"height":300},{"@type":"BreadcrumbList","@id":"https:\/\/apnoe-spanek.cz\/en\/product\/popruh-bella-s-ramem-k-masce-swift-fx-for-her-ruzovy\/#breadcrumb","itemListElement":[{"@type":"ListItem","position":1,"name":"Home","item":"https:\/\/apnoe-spanek.cz\/"},{"@type":"ListItem","position":2,"name":"E-SHOP","item":"https:\/\/apnoe-spanek.cz\/shop\/"},{"@type":"ListItem","position":3,"name":"Popruh Bella s r\u00e1mem k masce Swift FX for Her (r\u016f\u017eov\u00fd)"}]},{"@type":"WebSite","@id":"https:\/\/apnoe-spanek.cz\/#website","url":"https:\/\/apnoe-spanek.cz\/","name":"Apnoe sp\u00e1nek","description":"Nab\u00edz\u00edme v\u0161e pro Va\u0161i nejlep\u0161\u00ed a nejkvalitn\u011bj\u0161\u00ed l\u00e9\u010dbu sp\u00e1nkov\u00e9 apnoe","publisher":{"@id":"https:\/\/apnoe-spanek.cz\/#organization"},"potentialAction":[{"@type":"SearchAction","target":{"@type":"EntryPoint","urlTemplate":"https:\/\/apnoe-spanek.cz\/?s={search_term_string}"},"query-input":{"@type":"PropertyValueSpecification","valueRequired":true,"valueName":"search_term_string"}}],"inLanguage":"en-GB"},{"@type":"Organization","@id":"https:\/\/apnoe-spanek.cz\/#organization","name":"Apnoe sp\u00e1nek","url":"https:\/\/apnoe-spanek.cz\/","logo":{"@type":"ImageObject","inLanguage":"en-GB","@id":"https:\/\/apnoe-spanek.cz\/#\/schema\/logo\/image\/","url":"https:\/\/apnoe-spanek.cz\/wp-content\/uploads\/2025\/02\/cropped-icon2.jpg","contentUrl":"https:\/\/apnoe-spanek.cz\/wp-content\/uploads\/2025\/02\/cropped-icon2.jpg","width":512,"height":512,"caption":"Apnoe sp\u00e1nek"},"image":{"@id":"https:\/\/apnoe-spanek.cz\/#\/schema\/logo\/image\/"},"sameAs":["https:\/\/www.facebook.com\/apnoespanekcz\/","https:\/\/www.instagram.com\/apnoespanekcz\/"]}]}},"_links":{"self":[{"href":"https:\/\/apnoe-spanek.cz\/en\/wp-json\/wp\/v2\/product\/29162","targetHints":{"allow":["GET"]}}],"collection":[{"href":"https:\/\/apnoe-spanek.cz\/en\/wp-json\/wp\/v2\/product"}],"about":[{"href":"https:\/\/apnoe-spanek.cz\/en\/wp-json\/wp\/v2\/types\/product"}],"version-history":[{"count":1,"href":"https:\/\/apnoe-spanek.cz\/en\/wp-json\/wp\/v2\/product\/29162\/revisions"}],"predecessor-version":[{"id":29163,"href":"https:\/\/apnoe-spanek.cz\/en\/wp-json\/wp\/v2\/product\/29162\/revisions\/29163"}],"wp:featuredmedia":[{"embeddable":true,"href":"https:\/\/apnoe-spanek.cz\/en\/wp-json\/wp\/v2\/media\/29180"}],"wp:attachment":[{"href":"https:\/\/apnoe-spanek.cz\/en\/wp-json\/wp\/v2\/media?parent=29162"}],"wp:term":[{"taxonomy":"product_brand","embeddable":true,"href":"https:\/\/apnoe-spanek.cz\/en\/wp-json\/wp\/v2\/product_brand?post=29162"},{"taxonomy":"product_cat","embeddable":true,"href":"https:\/\/apnoe-spanek.cz\/en\/wp-json\/wp\/v2\/product_cat?post=29162"},{"taxonomy":"product_tag","embeddable":true,"href":"https:\/\/apnoe-spanek.cz\/en\/wp-json\/wp\/v2\/product_tag?post=29162"}],"curies":[{"name":"wp","href":"https:\/\/api.w.org\/{rel}","templated":true}]}}