{"id":29061,"date":"2025-02-17T15:35:27","date_gmt":"2025-02-17T15:35:27","guid":{"rendered":"https:\/\/apnoe-spanek.cz\/?post_type=product&#038;p=29061"},"modified":"2025-03-10T12:24:47","modified_gmt":"2025-03-10T12:24:47","slug":"adapter-k-air10-90w-eur-ii","status":"publish","type":"product","link":"https:\/\/apnoe-spanek.cz\/en\/product\/adapter-k-air10-90w-eur-ii\/","title":{"rendered":"Adapt\u00e9r k Air10 (90W) &#8211; EUR II"},"content":{"rendered":"<p>Ofici\u00e1ln\u00ed nap\u00e1jec\u00ed zdroj ResMed Air 10 90W je vysoce kvalitn\u00ed nap\u00e1jec\u00ed adapt\u00e9r navr\u017een\u00fd speci\u00e1ln\u011b pro za\u0159\u00edzen\u00ed \u0159ady ResMed Air 10. Poskytuje konzistentn\u00ed v\u00fdkon, kter\u00fd v\u00e1\u0161 CPAP nebo BiPAP pot\u0159ebuje, aby fungoval efektivn\u011b a spolehliv\u011b. Tento kompaktn\u00ed a lehk\u00fd nap\u00e1jec\u00ed zdroj je ide\u00e1ln\u00ed pro dom\u00e1cnost i na cesty a obsahuje pokro\u010dil\u00e9 bezpe\u010dnostn\u00ed mechanismy, kter\u00e9 chr\u00e1n\u00ed p\u0159ed p\u0159eb\u00edjen\u00edm, p\u0159eh\u0159\u00e1t\u00edm a zkratem.<\/p>","protected":false},"excerpt":{"rendered":"<p>Ofici\u00e1ln\u00ed nap\u00e1jec\u00ed zdroj ResMed Air 10 90W je vysoce kvalitn\u00ed nap\u00e1jec\u00ed adapt\u00e9r navr\u017een\u00fd speci\u00e1ln\u011b pro za\u0159\u00edzen\u00ed \u0159ady ResMed Air 10. Poskytuje konzistentn\u00ed v\u00fdkon, kter\u00fd v\u00e1\u0161 CPAP nebo BiPAP pot\u0159ebuje, aby fungoval efektivn\u011b a spolehliv\u011b. Tento kompaktn\u00ed a lehk\u00fd nap\u00e1jec\u00ed zdroj je ide\u00e1ln\u00ed pro dom\u00e1cnost i na cesty a obsahuje pokro\u010dil\u00e9 bezpe\u010dnostn\u00ed mechanismy, kter\u00e9 chr\u00e1n\u00ed p\u0159ed p\u0159eb\u00edjen\u00edm, p\u0159eh\u0159\u00e1t\u00edm a zkratem.<\/p>","protected":false},"featured_media":28930,"template":"","meta":[],"product_brand":[],"product_cat":[73,117],"product_tag":[],"class_list":{"0":"post-29061","1":"product","2":"type-product","3":"status-publish","4":"has-post-thumbnail","6":"product_cat-ostatni","7":"product_cat-adaptery","9":"first","10":"instock","11":"taxable","12":"shipping-taxable","13":"purchasable","14":"product-type-simple"},"yoast_head":"<!-- This site is optimized with the Yoast SEO Premium plugin v20.11 (Yoast SEO v26.8) - https:\/\/yoast.com\/product\/yoast-seo-premium-wordpress\/ -->\n<title>Adapt\u00e9r k Air10 (90W) - EUR II - Apnoe sp\u00e1nek<\/title>\n<meta name=\"robots\" content=\"index, follow, max-snippet:-1, max-image-preview:large, max-video-preview:-1\" \/>\n<link rel=\"canonical\" href=\"https:\/\/apnoe-spanek.cz\/en\/product\/adapter-k-air10-90w-eur-ii\/\" \/>\n<meta property=\"og:locale\" content=\"en_GB\" \/>\n<meta property=\"og:type\" content=\"article\" \/>\n<meta property=\"og:title\" content=\"Adapt\u00e9r k Air10 (90W) - EUR II\" \/>\n<meta property=\"og:description\" content=\"Ofici\u00e1ln\u00ed nap\u00e1jec\u00ed zdroj ResMed Air 10 90W je vysoce kvalitn\u00ed nap\u00e1jec\u00ed adapt\u00e9r navr\u017een\u00fd speci\u00e1ln\u011b pro za\u0159\u00edzen\u00ed \u0159ady ResMed Air 10. Poskytuje konzistentn\u00ed v\u00fdkon, kter\u00fd v\u00e1\u0161 CPAP nebo BiPAP pot\u0159ebuje, aby fungoval efektivn\u011b a spolehliv\u011b. Tento kompaktn\u00ed a lehk\u00fd nap\u00e1jec\u00ed zdroj je ide\u00e1ln\u00ed pro dom\u00e1cnost i na cesty a obsahuje pokro\u010dil\u00e9 bezpe\u010dnostn\u00ed mechanismy, kter\u00e9 chr\u00e1n\u00ed p\u0159ed p\u0159eb\u00edjen\u00edm, p\u0159eh\u0159\u00e1t\u00edm a zkratem.\" \/>\n<meta property=\"og:url\" content=\"https:\/\/apnoe-spanek.cz\/en\/product\/adapter-k-air10-90w-eur-ii\/\" \/>\n<meta property=\"og:site_name\" content=\"Apnoe sp\u00e1nek\" \/>\n<meta property=\"article:publisher\" content=\"https:\/\/www.facebook.com\/apnoespanekcz\/\" \/>\n<meta property=\"article:modified_time\" content=\"2025-03-10T12:24:47+00:00\" \/>\n<meta property=\"og:image\" content=\"https:\/\/apnoe-spanek.cz\/wp-content\/uploads\/2025\/02\/188.png\" \/>\n\t<meta property=\"og:image:width\" content=\"419\" \/>\n\t<meta property=\"og:image:height\" content=\"374\" \/>\n\t<meta property=\"og:image:type\" content=\"image\/png\" \/>\n<meta name=\"twitter:card\" content=\"summary_large_image\" \/>\n<script type=\"application\/ld+json\" class=\"yoast-schema-graph\">{\"@context\":\"https:\/\/schema.org\",\"@graph\":[{\"@type\":\"WebPage\",\"@id\":\"https:\/\/apnoe-spanek.cz\/produkt\/adapter-k-air10-90w-eur-ii\/\",\"url\":\"https:\/\/apnoe-spanek.cz\/produkt\/adapter-k-air10-90w-eur-ii\/\",\"name\":\"Adapt\u00e9r k Air10 (90W) - EUR II - Apnoe sp\u00e1nek\",\"isPartOf\":{\"@id\":\"https:\/\/apnoe-spanek.cz\/#website\"},\"primaryImageOfPage\":{\"@id\":\"https:\/\/apnoe-spanek.cz\/produkt\/adapter-k-air10-90w-eur-ii\/#primaryimage\"},\"image\":{\"@id\":\"https:\/\/apnoe-spanek.cz\/produkt\/adapter-k-air10-90w-eur-ii\/#primaryimage\"},\"thumbnailUrl\":\"https:\/\/apnoe-spanek.cz\/wp-content\/uploads\/2025\/02\/188.png\",\"datePublished\":\"2025-02-17T15:35:27+00:00\",\"dateModified\":\"2025-03-10T12:24:47+00:00\",\"breadcrumb\":{\"@id\":\"https:\/\/apnoe-spanek.cz\/produkt\/adapter-k-air10-90w-eur-ii\/#breadcrumb\"},\"inLanguage\":\"en-GB\",\"potentialAction\":[{\"@type\":\"ReadAction\",\"target\":[\"https:\/\/apnoe-spanek.cz\/produkt\/adapter-k-air10-90w-eur-ii\/\"]}]},{\"@type\":\"ImageObject\",\"inLanguage\":\"en-GB\",\"@id\":\"https:\/\/apnoe-spanek.cz\/produkt\/adapter-k-air10-90w-eur-ii\/#primaryimage\",\"url\":\"https:\/\/apnoe-spanek.cz\/wp-content\/uploads\/2025\/02\/188.png\",\"contentUrl\":\"https:\/\/apnoe-spanek.cz\/wp-content\/uploads\/2025\/02\/188.png\",\"width\":419,\"height\":374},{\"@type\":\"BreadcrumbList\",\"@id\":\"https:\/\/apnoe-spanek.cz\/produkt\/adapter-k-air10-90w-eur-ii\/#breadcrumb\",\"itemListElement\":[{\"@type\":\"ListItem\",\"position\":1,\"name\":\"Home\",\"item\":\"https:\/\/apnoe-spanek.cz\/\"},{\"@type\":\"ListItem\",\"position\":2,\"name\":\"E-SHOP\",\"item\":\"https:\/\/apnoe-spanek.cz\/shop\/\"},{\"@type\":\"ListItem\",\"position\":3,\"name\":\"Adapt\u00e9r k Air10 (90W) &#8211; EUR II\"}]},{\"@type\":\"WebSite\",\"@id\":\"https:\/\/apnoe-spanek.cz\/#website\",\"url\":\"https:\/\/apnoe-spanek.cz\/\",\"name\":\"Apnoe sp\u00e1nek\",\"description\":\"Nab\u00edz\u00edme v\u0161e pro Va\u0161i nejlep\u0161\u00ed a nejkvalitn\u011bj\u0161\u00ed l\u00e9\u010dbu sp\u00e1nkov\u00e9 apnoe\",\"publisher\":{\"@id\":\"https:\/\/apnoe-spanek.cz\/#organization\"},\"potentialAction\":[{\"@type\":\"SearchAction\",\"target\":{\"@type\":\"EntryPoint\",\"urlTemplate\":\"https:\/\/apnoe-spanek.cz\/?s={search_term_string}\"},\"query-input\":{\"@type\":\"PropertyValueSpecification\",\"valueRequired\":true,\"valueName\":\"search_term_string\"}}],\"inLanguage\":\"en-GB\"},{\"@type\":\"Organization\",\"@id\":\"https:\/\/apnoe-spanek.cz\/#organization\",\"name\":\"Apnoe sp\u00e1nek\",\"url\":\"https:\/\/apnoe-spanek.cz\/\",\"logo\":{\"@type\":\"ImageObject\",\"inLanguage\":\"en-GB\",\"@id\":\"https:\/\/apnoe-spanek.cz\/#\/schema\/logo\/image\/\",\"url\":\"https:\/\/apnoe-spanek.cz\/wp-content\/uploads\/2025\/02\/cropped-icon2.jpg\",\"contentUrl\":\"https:\/\/apnoe-spanek.cz\/wp-content\/uploads\/2025\/02\/cropped-icon2.jpg\",\"width\":512,\"height\":512,\"caption\":\"Apnoe sp\u00e1nek\"},\"image\":{\"@id\":\"https:\/\/apnoe-spanek.cz\/#\/schema\/logo\/image\/\"},\"sameAs\":[\"https:\/\/www.facebook.com\/apnoespanekcz\/\",\"https:\/\/www.instagram.com\/apnoespanekcz\/\"]}]}<\/script>\n<!-- \/ Yoast SEO Premium plugin. -->","yoast_head_json":{"title":"Adapt\u00e9r k Air10 (90W) - EUR II - Apnoe sp\u00e1nek","robots":{"index":"index","follow":"follow","max-snippet":"max-snippet:-1","max-image-preview":"max-image-preview:large","max-video-preview":"max-video-preview:-1"},"canonical":"https:\/\/apnoe-spanek.cz\/en\/product\/adapter-k-air10-90w-eur-ii\/","og_locale":"en_GB","og_type":"article","og_title":"Adapt\u00e9r k Air10 (90W) - EUR II","og_description":"Ofici\u00e1ln\u00ed nap\u00e1jec\u00ed zdroj ResMed Air 10 90W je vysoce kvalitn\u00ed nap\u00e1jec\u00ed adapt\u00e9r navr\u017een\u00fd speci\u00e1ln\u011b pro za\u0159\u00edzen\u00ed \u0159ady ResMed Air 10. Poskytuje konzistentn\u00ed v\u00fdkon, kter\u00fd v\u00e1\u0161 CPAP nebo BiPAP pot\u0159ebuje, aby fungoval efektivn\u011b a spolehliv\u011b. Tento kompaktn\u00ed a lehk\u00fd nap\u00e1jec\u00ed zdroj je ide\u00e1ln\u00ed pro dom\u00e1cnost i na cesty a obsahuje pokro\u010dil\u00e9 bezpe\u010dnostn\u00ed mechanismy, kter\u00e9 chr\u00e1n\u00ed p\u0159ed p\u0159eb\u00edjen\u00edm, p\u0159eh\u0159\u00e1t\u00edm a zkratem.","og_url":"https:\/\/apnoe-spanek.cz\/en\/product\/adapter-k-air10-90w-eur-ii\/","og_site_name":"Apnoe sp\u00e1nek","article_publisher":"https:\/\/www.facebook.com\/apnoespanekcz\/","article_modified_time":"2025-03-10T12:24:47+00:00","og_image":[{"width":419,"height":374,"url":"https:\/\/apnoe-spanek.cz\/wp-content\/uploads\/2025\/02\/188.png","type":"image\/png"}],"twitter_card":"summary_large_image","schema":{"@context":"https:\/\/schema.org","@graph":[{"@type":"WebPage","@id":"https:\/\/apnoe-spanek.cz\/produkt\/adapter-k-air10-90w-eur-ii\/","url":"https:\/\/apnoe-spanek.cz\/produkt\/adapter-k-air10-90w-eur-ii\/","name":"Adapt\u00e9r k Air10 (90W) - EUR II - Apnoe sp\u00e1nek","isPartOf":{"@id":"https:\/\/apnoe-spanek.cz\/#website"},"primaryImageOfPage":{"@id":"https:\/\/apnoe-spanek.cz\/produkt\/adapter-k-air10-90w-eur-ii\/#primaryimage"},"image":{"@id":"https:\/\/apnoe-spanek.cz\/produkt\/adapter-k-air10-90w-eur-ii\/#primaryimage"},"thumbnailUrl":"https:\/\/apnoe-spanek.cz\/wp-content\/uploads\/2025\/02\/188.png","datePublished":"2025-02-17T15:35:27+00:00","dateModified":"2025-03-10T12:24:47+00:00","breadcrumb":{"@id":"https:\/\/apnoe-spanek.cz\/produkt\/adapter-k-air10-90w-eur-ii\/#breadcrumb"},"inLanguage":"en-GB","potentialAction":[{"@type":"ReadAction","target":["https:\/\/apnoe-spanek.cz\/produkt\/adapter-k-air10-90w-eur-ii\/"]}]},{"@type":"ImageObject","inLanguage":"en-GB","@id":"https:\/\/apnoe-spanek.cz\/produkt\/adapter-k-air10-90w-eur-ii\/#primaryimage","url":"https:\/\/apnoe-spanek.cz\/wp-content\/uploads\/2025\/02\/188.png","contentUrl":"https:\/\/apnoe-spanek.cz\/wp-content\/uploads\/2025\/02\/188.png","width":419,"height":374},{"@type":"BreadcrumbList","@id":"https:\/\/apnoe-spanek.cz\/produkt\/adapter-k-air10-90w-eur-ii\/#breadcrumb","itemListElement":[{"@type":"ListItem","position":1,"name":"Home","item":"https:\/\/apnoe-spanek.cz\/"},{"@type":"ListItem","position":2,"name":"E-SHOP","item":"https:\/\/apnoe-spanek.cz\/shop\/"},{"@type":"ListItem","position":3,"name":"Adapt\u00e9r k Air10 (90W) &#8211; EUR II"}]},{"@type":"WebSite","@id":"https:\/\/apnoe-spanek.cz\/#website","url":"https:\/\/apnoe-spanek.cz\/","name":"Apnoe sp\u00e1nek","description":"Nab\u00edz\u00edme v\u0161e pro Va\u0161i nejlep\u0161\u00ed a nejkvalitn\u011bj\u0161\u00ed l\u00e9\u010dbu sp\u00e1nkov\u00e9 apnoe","publisher":{"@id":"https:\/\/apnoe-spanek.cz\/#organization"},"potentialAction":[{"@type":"SearchAction","target":{"@type":"EntryPoint","urlTemplate":"https:\/\/apnoe-spanek.cz\/?s={search_term_string}"},"query-input":{"@type":"PropertyValueSpecification","valueRequired":true,"valueName":"search_term_string"}}],"inLanguage":"en-GB"},{"@type":"Organization","@id":"https:\/\/apnoe-spanek.cz\/#organization","name":"Apnoe sp\u00e1nek","url":"https:\/\/apnoe-spanek.cz\/","logo":{"@type":"ImageObject","inLanguage":"en-GB","@id":"https:\/\/apnoe-spanek.cz\/#\/schema\/logo\/image\/","url":"https:\/\/apnoe-spanek.cz\/wp-content\/uploads\/2025\/02\/cropped-icon2.jpg","contentUrl":"https:\/\/apnoe-spanek.cz\/wp-content\/uploads\/2025\/02\/cropped-icon2.jpg","width":512,"height":512,"caption":"Apnoe sp\u00e1nek"},"image":{"@id":"https:\/\/apnoe-spanek.cz\/#\/schema\/logo\/image\/"},"sameAs":["https:\/\/www.facebook.com\/apnoespanekcz\/","https:\/\/www.instagram.com\/apnoespanekcz\/"]}]}},"_links":{"self":[{"href":"https:\/\/apnoe-spanek.cz\/en\/wp-json\/wp\/v2\/product\/29061","targetHints":{"allow":["GET"]}}],"collection":[{"href":"https:\/\/apnoe-spanek.cz\/en\/wp-json\/wp\/v2\/product"}],"about":[{"href":"https:\/\/apnoe-spanek.cz\/en\/wp-json\/wp\/v2\/types\/product"}],"version-history":[{"count":1,"href":"https:\/\/apnoe-spanek.cz\/en\/wp-json\/wp\/v2\/product\/29061\/revisions"}],"predecessor-version":[{"id":29062,"href":"https:\/\/apnoe-spanek.cz\/en\/wp-json\/wp\/v2\/product\/29061\/revisions\/29062"}],"wp:featuredmedia":[{"embeddable":true,"href":"https:\/\/apnoe-spanek.cz\/en\/wp-json\/wp\/v2\/media\/28930"}],"wp:attachment":[{"href":"https:\/\/apnoe-spanek.cz\/en\/wp-json\/wp\/v2\/media?parent=29061"}],"wp:term":[{"taxonomy":"product_brand","embeddable":true,"href":"https:\/\/apnoe-spanek.cz\/en\/wp-json\/wp\/v2\/product_brand?post=29061"},{"taxonomy":"product_cat","embeddable":true,"href":"https:\/\/apnoe-spanek.cz\/en\/wp-json\/wp\/v2\/product_cat?post=29061"},{"taxonomy":"product_tag","embeddable":true,"href":"https:\/\/apnoe-spanek.cz\/en\/wp-json\/wp\/v2\/product_tag?post=29061"}],"curies":[{"name":"wp","href":"https:\/\/api.w.org\/{rel}","templated":true}]}}