{"id":29059,"date":"2025-02-17T15:31:38","date_gmt":"2025-02-17T15:31:38","guid":{"rendered":"https:\/\/apnoe-spanek.cz\/?post_type=product&#038;p=29059"},"modified":"2025-03-10T12:25:25","modified_gmt":"2025-03-10T12:25:25","slug":"prepravni-brasna-air10-autoset-for-her","status":"publish","type":"product","link":"https:\/\/apnoe-spanek.cz\/en\/product\/prepravni-brasna-air10-autoset-for-her\/","title":{"rendered":"P\u0159epravn\u00ed bra\u0161na &#8211; Air10  AutoSet for Her"},"content":{"rendered":"<p>Dokonal\u00fd spole\u010dn\u00edk pro u\u017eivatele CPAP na cest\u00e1ch. Tato chytr\u00e1 a robustn\u00ed cestovn\u00ed ta\u0161ka, pe\u010dliv\u011b navr\u017een\u00e1 tak, aby poskytovala maxim\u00e1ln\u00ed ochranu, zaji\u0161\u0165uje, \u017ee si sv\u00e9 za\u0159\u00edzen\u00ed a ve\u0161ker\u00e9 jeho z\u00e1kladn\u00ed p\u0159\u00edslu\u0161enstv\u00ed m\u016f\u017eete vz\u00edt s sebou, kamkoli v\u00e1s cesty zavedou. Uvnit\u0159 ta\u0161ky najdete dostatek m\u00edsta pro va\u0161e za\u0159\u00edzen\u00ed, zvlh\u010dova\u010d, 90W nap\u00e1jec\u00ed zdroj, hadice a masku ResMed, v\u0161e \u00fahledn\u011b zastr\u010den\u00e9 do p\u0159\u00edslu\u0161n\u00fdch p\u0159ihr\u00e1dek. A\u0165 u\u017e cestujete na v\u00edkendov\u00fd \u00fat\u011bk nebo se vyd\u00e1v\u00e1te na dlouh\u00e9 dobrodru\u017estv\u00ed, tato cestovn\u00ed ta\u0161ka zajist\u00ed, \u017ee va\u0161e vybaven\u00ed CPAP bude p\u0159ipraven\u00e9 k pou\u017eit\u00ed v jak\u00e9koli destinaci.<\/p>","protected":false},"excerpt":{"rendered":"<p>Dokonal\u00fd spole\u010dn\u00edk pro u\u017eivatele CPAP na cest\u00e1ch. Tato chytr\u00e1 a robustn\u00ed cestovn\u00ed ta\u0161ka, pe\u010dliv\u011b navr\u017een\u00e1 tak, aby poskytovala maxim\u00e1ln\u00ed ochranu, zaji\u0161\u0165uje, \u017ee si sv\u00e9 za\u0159\u00edzen\u00ed a ve\u0161ker\u00e9 jeho z\u00e1kladn\u00ed p\u0159\u00edslu\u0161enstv\u00ed m\u016f\u017eete vz\u00edt s sebou, kamkoli v\u00e1s cesty zavedou. Uvnit\u0159 ta\u0161ky najdete dostatek m\u00edsta pro va\u0161e za\u0159\u00edzen\u00ed, zvlh\u010dova\u010d, 90W nap\u00e1jec\u00ed zdroj, hadice a masku ResMed, v\u0161e \u00fahledn\u011b zastr\u010den\u00e9 do p\u0159\u00edslu\u0161n\u00fdch p\u0159ihr\u00e1dek. A\u0165 u\u017e cestujete na v\u00edkendov\u00fd \u00fat\u011bk nebo se vyd\u00e1v\u00e1te na dlouh\u00e9 dobrodru\u017estv\u00ed, tato cestovn\u00ed ta\u0161ka zajist\u00ed, \u017ee va\u0161e vybaven\u00ed CPAP bude p\u0159ipraven\u00e9 k pou\u017eit\u00ed v jak\u00e9koli destinaci.<\/p>","protected":false},"featured_media":28929,"template":"","meta":[],"product_brand":[],"product_cat":[118,73],"product_tag":[],"class_list":{"0":"post-29059","1":"product","2":"type-product","3":"status-publish","4":"has-post-thumbnail","6":"product_cat-brasny","7":"product_cat-ostatni","9":"first","10":"instock","11":"taxable","12":"shipping-taxable","13":"purchasable","14":"product-type-simple"},"yoast_head":"<!-- This site is optimized with the Yoast SEO Premium plugin v20.11 (Yoast SEO v27.4) - https:\/\/yoast.com\/product\/yoast-seo-premium-wordpress\/ -->\n<title>P\u0159epravn\u00ed bra\u0161na - Air10 AutoSet for Her - Apnoe sp\u00e1nek<\/title>\n<meta name=\"robots\" content=\"index, follow, max-snippet:-1, max-image-preview:large, max-video-preview:-1\" \/>\n<link rel=\"canonical\" href=\"https:\/\/apnoe-spanek.cz\/en\/product\/prepravni-brasna-air10-autoset-for-her\/\" \/>\n<meta property=\"og:locale\" content=\"en_GB\" \/>\n<meta property=\"og:type\" content=\"article\" \/>\n<meta property=\"og:title\" content=\"P\u0159epravn\u00ed bra\u0161na - Air10 AutoSet for Her\" \/>\n<meta property=\"og:description\" content=\"Dokonal\u00fd spole\u010dn\u00edk pro u\u017eivatele CPAP na cest\u00e1ch. Tato chytr\u00e1 a robustn\u00ed cestovn\u00ed ta\u0161ka, pe\u010dliv\u011b navr\u017een\u00e1 tak, aby poskytovala maxim\u00e1ln\u00ed ochranu, zaji\u0161\u0165uje, \u017ee si sv\u00e9 za\u0159\u00edzen\u00ed a ve\u0161ker\u00e9 jeho z\u00e1kladn\u00ed p\u0159\u00edslu\u0161enstv\u00ed m\u016f\u017eete vz\u00edt s sebou, kamkoli v\u00e1s cesty zavedou. Uvnit\u0159 ta\u0161ky najdete dostatek m\u00edsta pro va\u0161e za\u0159\u00edzen\u00ed, zvlh\u010dova\u010d, 90W nap\u00e1jec\u00ed zdroj, hadice a masku ResMed, v\u0161e \u00fahledn\u011b zastr\u010den\u00e9 do p\u0159\u00edslu\u0161n\u00fdch p\u0159ihr\u00e1dek. A\u0165 u\u017e cestujete na v\u00edkendov\u00fd \u00fat\u011bk nebo se vyd\u00e1v\u00e1te na dlouh\u00e9 dobrodru\u017estv\u00ed, tato cestovn\u00ed ta\u0161ka zajist\u00ed, \u017ee va\u0161e vybaven\u00ed CPAP bude p\u0159ipraven\u00e9 k pou\u017eit\u00ed v jak\u00e9koli destinaci.\" \/>\n<meta property=\"og:url\" content=\"https:\/\/apnoe-spanek.cz\/en\/product\/prepravni-brasna-air10-autoset-for-her\/\" \/>\n<meta property=\"og:site_name\" content=\"Apnoe sp\u00e1nek\" \/>\n<meta property=\"article:publisher\" content=\"https:\/\/www.facebook.com\/apnoespanekcz\/\" \/>\n<meta property=\"article:modified_time\" content=\"2025-03-10T12:25:25+00:00\" \/>\n<meta property=\"og:image\" content=\"https:\/\/apnoe-spanek.cz\/wp-content\/uploads\/2025\/02\/187.png\" \/>\n\t<meta property=\"og:image:width\" content=\"419\" \/>\n\t<meta property=\"og:image:height\" content=\"354\" \/>\n\t<meta property=\"og:image:type\" content=\"image\/png\" \/>\n<meta name=\"twitter:card\" content=\"summary_large_image\" \/>\n<meta name=\"twitter:label1\" content=\"Estimated reading time\" \/>\n\t<meta name=\"twitter:data1\" content=\"1 minute\" \/>\n<script type=\"application\/ld+json\" class=\"yoast-schema-graph\">{\"@context\":\"https:\\\/\\\/schema.org\",\"@graph\":[{\"@type\":\"WebPage\",\"@id\":\"https:\\\/\\\/apnoe-spanek.cz\\\/en\\\/product\\\/prepravni-brasna-air10-autoset-for-her\\\/\",\"url\":\"https:\\\/\\\/apnoe-spanek.cz\\\/en\\\/product\\\/prepravni-brasna-air10-autoset-for-her\\\/\",\"name\":\"P\u0159epravn\u00ed bra\u0161na - Air10 AutoSet for Her - Apnoe sp\u00e1nek\",\"isPartOf\":{\"@id\":\"https:\\\/\\\/apnoe-spanek.cz\\\/#website\"},\"primaryImageOfPage\":{\"@id\":\"https:\\\/\\\/apnoe-spanek.cz\\\/en\\\/product\\\/prepravni-brasna-air10-autoset-for-her\\\/#primaryimage\"},\"image\":{\"@id\":\"https:\\\/\\\/apnoe-spanek.cz\\\/en\\\/product\\\/prepravni-brasna-air10-autoset-for-her\\\/#primaryimage\"},\"thumbnailUrl\":\"https:\\\/\\\/apnoe-spanek.cz\\\/wp-content\\\/uploads\\\/2025\\\/02\\\/187.png\",\"datePublished\":\"2025-02-17T15:31:38+00:00\",\"dateModified\":\"2025-03-10T12:25:25+00:00\",\"breadcrumb\":{\"@id\":\"https:\\\/\\\/apnoe-spanek.cz\\\/en\\\/product\\\/prepravni-brasna-air10-autoset-for-her\\\/#breadcrumb\"},\"inLanguage\":\"en-GB\",\"potentialAction\":[{\"@type\":\"ReadAction\",\"target\":[\"https:\\\/\\\/apnoe-spanek.cz\\\/en\\\/product\\\/prepravni-brasna-air10-autoset-for-her\\\/\"]}]},{\"@type\":\"ImageObject\",\"inLanguage\":\"en-GB\",\"@id\":\"https:\\\/\\\/apnoe-spanek.cz\\\/en\\\/product\\\/prepravni-brasna-air10-autoset-for-her\\\/#primaryimage\",\"url\":\"https:\\\/\\\/apnoe-spanek.cz\\\/wp-content\\\/uploads\\\/2025\\\/02\\\/187.png\",\"contentUrl\":\"https:\\\/\\\/apnoe-spanek.cz\\\/wp-content\\\/uploads\\\/2025\\\/02\\\/187.png\",\"width\":419,\"height\":354},{\"@type\":\"BreadcrumbList\",\"@id\":\"https:\\\/\\\/apnoe-spanek.cz\\\/en\\\/product\\\/prepravni-brasna-air10-autoset-for-her\\\/#breadcrumb\",\"itemListElement\":[{\"@type\":\"ListItem\",\"position\":1,\"name\":\"Home\",\"item\":\"https:\\\/\\\/apnoe-spanek.cz\\\/\"},{\"@type\":\"ListItem\",\"position\":2,\"name\":\"E-SHOP\",\"item\":\"https:\\\/\\\/apnoe-spanek.cz\\\/shop\\\/\"},{\"@type\":\"ListItem\",\"position\":3,\"name\":\"P\u0159epravn\u00ed bra\u0161na &#8211; Air10 AutoSet for Her\"}]},{\"@type\":\"WebSite\",\"@id\":\"https:\\\/\\\/apnoe-spanek.cz\\\/#website\",\"url\":\"https:\\\/\\\/apnoe-spanek.cz\\\/\",\"name\":\"Apnoe sp\u00e1nek\",\"description\":\"Nab\u00edz\u00edme v\u0161e pro Va\u0161i nejlep\u0161\u00ed a nejkvalitn\u011bj\u0161\u00ed l\u00e9\u010dbu sp\u00e1nkov\u00e9 apnoe\",\"publisher\":{\"@id\":\"https:\\\/\\\/apnoe-spanek.cz\\\/#organization\"},\"potentialAction\":[{\"@type\":\"SearchAction\",\"target\":{\"@type\":\"EntryPoint\",\"urlTemplate\":\"https:\\\/\\\/apnoe-spanek.cz\\\/?s={search_term_string}\"},\"query-input\":{\"@type\":\"PropertyValueSpecification\",\"valueRequired\":true,\"valueName\":\"search_term_string\"}}],\"inLanguage\":\"en-GB\"},{\"@type\":\"Organization\",\"@id\":\"https:\\\/\\\/apnoe-spanek.cz\\\/#organization\",\"name\":\"Apnoe sp\u00e1nek\",\"url\":\"https:\\\/\\\/apnoe-spanek.cz\\\/\",\"logo\":{\"@type\":\"ImageObject\",\"inLanguage\":\"en-GB\",\"@id\":\"https:\\\/\\\/apnoe-spanek.cz\\\/#\\\/schema\\\/logo\\\/image\\\/\",\"url\":\"https:\\\/\\\/apnoe-spanek.cz\\\/wp-content\\\/uploads\\\/2025\\\/02\\\/cropped-icon2.jpg\",\"contentUrl\":\"https:\\\/\\\/apnoe-spanek.cz\\\/wp-content\\\/uploads\\\/2025\\\/02\\\/cropped-icon2.jpg\",\"width\":512,\"height\":512,\"caption\":\"Apnoe sp\u00e1nek\"},\"image\":{\"@id\":\"https:\\\/\\\/apnoe-spanek.cz\\\/#\\\/schema\\\/logo\\\/image\\\/\"},\"sameAs\":[\"https:\\\/\\\/www.facebook.com\\\/apnoespanekcz\\\/\",\"https:\\\/\\\/www.instagram.com\\\/apnoespanekcz\\\/\"]}]}<\/script>\n<!-- \/ Yoast SEO Premium plugin. -->","yoast_head_json":{"title":"P\u0159epravn\u00ed bra\u0161na - Air10 AutoSet for Her - Apnoe sp\u00e1nek","robots":{"index":"index","follow":"follow","max-snippet":"max-snippet:-1","max-image-preview":"max-image-preview:large","max-video-preview":"max-video-preview:-1"},"canonical":"https:\/\/apnoe-spanek.cz\/en\/product\/prepravni-brasna-air10-autoset-for-her\/","og_locale":"en_GB","og_type":"article","og_title":"P\u0159epravn\u00ed bra\u0161na - Air10 AutoSet for Her","og_description":"Dokonal\u00fd spole\u010dn\u00edk pro u\u017eivatele CPAP na cest\u00e1ch. Tato chytr\u00e1 a robustn\u00ed cestovn\u00ed ta\u0161ka, pe\u010dliv\u011b navr\u017een\u00e1 tak, aby poskytovala maxim\u00e1ln\u00ed ochranu, zaji\u0161\u0165uje, \u017ee si sv\u00e9 za\u0159\u00edzen\u00ed a ve\u0161ker\u00e9 jeho z\u00e1kladn\u00ed p\u0159\u00edslu\u0161enstv\u00ed m\u016f\u017eete vz\u00edt s sebou, kamkoli v\u00e1s cesty zavedou. Uvnit\u0159 ta\u0161ky najdete dostatek m\u00edsta pro va\u0161e za\u0159\u00edzen\u00ed, zvlh\u010dova\u010d, 90W nap\u00e1jec\u00ed zdroj, hadice a masku ResMed, v\u0161e \u00fahledn\u011b zastr\u010den\u00e9 do p\u0159\u00edslu\u0161n\u00fdch p\u0159ihr\u00e1dek. A\u0165 u\u017e cestujete na v\u00edkendov\u00fd \u00fat\u011bk nebo se vyd\u00e1v\u00e1te na dlouh\u00e9 dobrodru\u017estv\u00ed, tato cestovn\u00ed ta\u0161ka zajist\u00ed, \u017ee va\u0161e vybaven\u00ed CPAP bude p\u0159ipraven\u00e9 k pou\u017eit\u00ed v jak\u00e9koli destinaci.","og_url":"https:\/\/apnoe-spanek.cz\/en\/product\/prepravni-brasna-air10-autoset-for-her\/","og_site_name":"Apnoe sp\u00e1nek","article_publisher":"https:\/\/www.facebook.com\/apnoespanekcz\/","article_modified_time":"2025-03-10T12:25:25+00:00","og_image":[{"width":419,"height":354,"url":"https:\/\/apnoe-spanek.cz\/wp-content\/uploads\/2025\/02\/187.png","type":"image\/png"}],"twitter_card":"summary_large_image","twitter_misc":{"Estimated reading time":"1 minute"},"schema":{"@context":"https:\/\/schema.org","@graph":[{"@type":"WebPage","@id":"https:\/\/apnoe-spanek.cz\/en\/product\/prepravni-brasna-air10-autoset-for-her\/","url":"https:\/\/apnoe-spanek.cz\/en\/product\/prepravni-brasna-air10-autoset-for-her\/","name":"P\u0159epravn\u00ed bra\u0161na - Air10 AutoSet for Her - Apnoe sp\u00e1nek","isPartOf":{"@id":"https:\/\/apnoe-spanek.cz\/#website"},"primaryImageOfPage":{"@id":"https:\/\/apnoe-spanek.cz\/en\/product\/prepravni-brasna-air10-autoset-for-her\/#primaryimage"},"image":{"@id":"https:\/\/apnoe-spanek.cz\/en\/product\/prepravni-brasna-air10-autoset-for-her\/#primaryimage"},"thumbnailUrl":"https:\/\/apnoe-spanek.cz\/wp-content\/uploads\/2025\/02\/187.png","datePublished":"2025-02-17T15:31:38+00:00","dateModified":"2025-03-10T12:25:25+00:00","breadcrumb":{"@id":"https:\/\/apnoe-spanek.cz\/en\/product\/prepravni-brasna-air10-autoset-for-her\/#breadcrumb"},"inLanguage":"en-GB","potentialAction":[{"@type":"ReadAction","target":["https:\/\/apnoe-spanek.cz\/en\/product\/prepravni-brasna-air10-autoset-for-her\/"]}]},{"@type":"ImageObject","inLanguage":"en-GB","@id":"https:\/\/apnoe-spanek.cz\/en\/product\/prepravni-brasna-air10-autoset-for-her\/#primaryimage","url":"https:\/\/apnoe-spanek.cz\/wp-content\/uploads\/2025\/02\/187.png","contentUrl":"https:\/\/apnoe-spanek.cz\/wp-content\/uploads\/2025\/02\/187.png","width":419,"height":354},{"@type":"BreadcrumbList","@id":"https:\/\/apnoe-spanek.cz\/en\/product\/prepravni-brasna-air10-autoset-for-her\/#breadcrumb","itemListElement":[{"@type":"ListItem","position":1,"name":"Home","item":"https:\/\/apnoe-spanek.cz\/"},{"@type":"ListItem","position":2,"name":"E-SHOP","item":"https:\/\/apnoe-spanek.cz\/shop\/"},{"@type":"ListItem","position":3,"name":"P\u0159epravn\u00ed bra\u0161na &#8211; Air10 AutoSet for Her"}]},{"@type":"WebSite","@id":"https:\/\/apnoe-spanek.cz\/#website","url":"https:\/\/apnoe-spanek.cz\/","name":"Apnoe sp\u00e1nek","description":"Nab\u00edz\u00edme v\u0161e pro Va\u0161i nejlep\u0161\u00ed a nejkvalitn\u011bj\u0161\u00ed l\u00e9\u010dbu sp\u00e1nkov\u00e9 apnoe","publisher":{"@id":"https:\/\/apnoe-spanek.cz\/#organization"},"potentialAction":[{"@type":"SearchAction","target":{"@type":"EntryPoint","urlTemplate":"https:\/\/apnoe-spanek.cz\/?s={search_term_string}"},"query-input":{"@type":"PropertyValueSpecification","valueRequired":true,"valueName":"search_term_string"}}],"inLanguage":"en-GB"},{"@type":"Organization","@id":"https:\/\/apnoe-spanek.cz\/#organization","name":"Apnoe sp\u00e1nek","url":"https:\/\/apnoe-spanek.cz\/","logo":{"@type":"ImageObject","inLanguage":"en-GB","@id":"https:\/\/apnoe-spanek.cz\/#\/schema\/logo\/image\/","url":"https:\/\/apnoe-spanek.cz\/wp-content\/uploads\/2025\/02\/cropped-icon2.jpg","contentUrl":"https:\/\/apnoe-spanek.cz\/wp-content\/uploads\/2025\/02\/cropped-icon2.jpg","width":512,"height":512,"caption":"Apnoe sp\u00e1nek"},"image":{"@id":"https:\/\/apnoe-spanek.cz\/#\/schema\/logo\/image\/"},"sameAs":["https:\/\/www.facebook.com\/apnoespanekcz\/","https:\/\/www.instagram.com\/apnoespanekcz\/"]}]}},"_links":{"self":[{"href":"https:\/\/apnoe-spanek.cz\/en\/wp-json\/wp\/v2\/product\/29059","targetHints":{"allow":["GET"]}}],"collection":[{"href":"https:\/\/apnoe-spanek.cz\/en\/wp-json\/wp\/v2\/product"}],"about":[{"href":"https:\/\/apnoe-spanek.cz\/en\/wp-json\/wp\/v2\/types\/product"}],"version-history":[{"count":1,"href":"https:\/\/apnoe-spanek.cz\/en\/wp-json\/wp\/v2\/product\/29059\/revisions"}],"predecessor-version":[{"id":29060,"href":"https:\/\/apnoe-spanek.cz\/en\/wp-json\/wp\/v2\/product\/29059\/revisions\/29060"}],"wp:featuredmedia":[{"embeddable":true,"href":"https:\/\/apnoe-spanek.cz\/en\/wp-json\/wp\/v2\/media\/28929"}],"wp:attachment":[{"href":"https:\/\/apnoe-spanek.cz\/en\/wp-json\/wp\/v2\/media?parent=29059"}],"wp:term":[{"taxonomy":"product_brand","embeddable":true,"href":"https:\/\/apnoe-spanek.cz\/en\/wp-json\/wp\/v2\/product_brand?post=29059"},{"taxonomy":"product_cat","embeddable":true,"href":"https:\/\/apnoe-spanek.cz\/en\/wp-json\/wp\/v2\/product_cat?post=29059"},{"taxonomy":"product_tag","embeddable":true,"href":"https:\/\/apnoe-spanek.cz\/en\/wp-json\/wp\/v2\/product_tag?post=29059"}],"curies":[{"name":"wp","href":"https:\/\/api.w.org\/{rel}","templated":true}]}}