{"id":29051,"date":"2025-02-19T19:50:31","date_gmt":"2025-02-19T19:50:31","guid":{"rendered":"https:\/\/apnoe-spanek.cz\/?post_type=product&#038;p=29051"},"modified":"2025-03-10T12:13:46","modified_gmt":"2025-03-10T12:13:46","slug":"popruh-k-masce-airfit-f40-std","status":"publish","type":"product","link":"https:\/\/apnoe-spanek.cz\/en\/product\/popruh-k-masce-airfit-f40-std\/","title":{"rendered":"Popruh k masce AirFit F40 &#8211; STD"},"content":{"rendered":"<p>Vyrobeno z m\u011bkk\u00fdch, odoln\u00fdch materi\u00e1l\u016f, zaji\u0161\u0165uje pohodl\u00ed a stabilitu a minimalizuje tlakov\u00e9 body. Snadno se p\u0159ipev\u0148uje a upravuje. Je ide\u00e1ln\u00ed pro v\u00fdm\u011bnu opot\u0159ebovan\u00fdch popruh\u016f a udr\u017eov\u00e1n\u00ed \u00fa\u010dinn\u00e9 terapie.<\/p>","protected":false},"excerpt":{"rendered":"<p>Vyrobeno z m\u011bkk\u00fdch, odoln\u00fdch materi\u00e1l\u016f, zaji\u0161\u0165uje pohodl\u00ed a stabilitu a minimalizuje tlakov\u00e9 body. Snadno se p\u0159ipev\u0148uje a upravuje. Je ide\u00e1ln\u00ed pro v\u00fdm\u011bnu opot\u0159ebovan\u00fdch popruh\u016f a udr\u017eov\u00e1n\u00ed \u00fa\u010dinn\u00e9 terapie.<\/p>","protected":false},"featured_media":28925,"template":"","meta":[],"product_brand":[],"product_cat":[32,98],"product_tag":[],"class_list":{"0":"post-29051","1":"product","2":"type-product","3":"status-publish","4":"has-post-thumbnail","6":"product_cat-nahradni-dily-k-maskam","7":"product_cat-nahradni-popruhy-k-maskam","9":"first","10":"instock","11":"taxable","12":"shipping-taxable","13":"purchasable","14":"product-type-simple"},"yoast_head":"<!-- This site is optimized with the Yoast SEO Premium plugin v20.11 (Yoast SEO v26.8) - https:\/\/yoast.com\/product\/yoast-seo-premium-wordpress\/ -->\n<title>Popruh k masce AirFit F40 - STD - Apnoe sp\u00e1nek<\/title>\n<meta name=\"robots\" content=\"index, follow, max-snippet:-1, max-image-preview:large, max-video-preview:-1\" \/>\n<link rel=\"canonical\" href=\"https:\/\/apnoe-spanek.cz\/en\/product\/popruh-k-masce-airfit-f40-std\/\" \/>\n<meta property=\"og:locale\" content=\"en_GB\" \/>\n<meta property=\"og:type\" content=\"article\" \/>\n<meta property=\"og:title\" content=\"Popruh k masce AirFit F40 - STD\" \/>\n<meta property=\"og:description\" content=\"Vyrobeno z m\u011bkk\u00fdch, odoln\u00fdch materi\u00e1l\u016f, zaji\u0161\u0165uje pohodl\u00ed a stabilitu a minimalizuje tlakov\u00e9 body. Snadno se p\u0159ipev\u0148uje a upravuje. Je ide\u00e1ln\u00ed pro v\u00fdm\u011bnu opot\u0159ebovan\u00fdch popruh\u016f a udr\u017eov\u00e1n\u00ed \u00fa\u010dinn\u00e9 terapie.\" \/>\n<meta property=\"og:url\" content=\"https:\/\/apnoe-spanek.cz\/en\/product\/popruh-k-masce-airfit-f40-std\/\" \/>\n<meta property=\"og:site_name\" content=\"Apnoe sp\u00e1nek\" \/>\n<meta property=\"article:publisher\" content=\"https:\/\/www.facebook.com\/apnoespanekcz\/\" \/>\n<meta property=\"article:modified_time\" content=\"2025-03-10T12:13:46+00:00\" \/>\n<meta property=\"og:image\" content=\"https:\/\/apnoe-spanek.cz\/wp-content\/uploads\/2025\/02\/183.png\" \/>\n\t<meta property=\"og:image:width\" content=\"419\" \/>\n\t<meta property=\"og:image:height\" content=\"364\" \/>\n\t<meta property=\"og:image:type\" content=\"image\/png\" \/>\n<meta name=\"twitter:card\" content=\"summary_large_image\" \/>\n<script type=\"application\/ld+json\" class=\"yoast-schema-graph\">{\"@context\":\"https:\/\/schema.org\",\"@graph\":[{\"@type\":\"WebPage\",\"@id\":\"https:\/\/apnoe-spanek.cz\/produkt\/popruh-k-masce-airfit-f40-std\/\",\"url\":\"https:\/\/apnoe-spanek.cz\/produkt\/popruh-k-masce-airfit-f40-std\/\",\"name\":\"Popruh k masce AirFit F40 - STD - Apnoe sp\u00e1nek\",\"isPartOf\":{\"@id\":\"https:\/\/apnoe-spanek.cz\/#website\"},\"primaryImageOfPage\":{\"@id\":\"https:\/\/apnoe-spanek.cz\/produkt\/popruh-k-masce-airfit-f40-std\/#primaryimage\"},\"image\":{\"@id\":\"https:\/\/apnoe-spanek.cz\/produkt\/popruh-k-masce-airfit-f40-std\/#primaryimage\"},\"thumbnailUrl\":\"https:\/\/apnoe-spanek.cz\/wp-content\/uploads\/2025\/02\/183.png\",\"datePublished\":\"2025-02-19T19:50:31+00:00\",\"dateModified\":\"2025-03-10T12:13:46+00:00\",\"breadcrumb\":{\"@id\":\"https:\/\/apnoe-spanek.cz\/produkt\/popruh-k-masce-airfit-f40-std\/#breadcrumb\"},\"inLanguage\":\"en-GB\",\"potentialAction\":[{\"@type\":\"ReadAction\",\"target\":[\"https:\/\/apnoe-spanek.cz\/produkt\/popruh-k-masce-airfit-f40-std\/\"]}]},{\"@type\":\"ImageObject\",\"inLanguage\":\"en-GB\",\"@id\":\"https:\/\/apnoe-spanek.cz\/produkt\/popruh-k-masce-airfit-f40-std\/#primaryimage\",\"url\":\"https:\/\/apnoe-spanek.cz\/wp-content\/uploads\/2025\/02\/183.png\",\"contentUrl\":\"https:\/\/apnoe-spanek.cz\/wp-content\/uploads\/2025\/02\/183.png\",\"width\":419,\"height\":364},{\"@type\":\"BreadcrumbList\",\"@id\":\"https:\/\/apnoe-spanek.cz\/produkt\/popruh-k-masce-airfit-f40-std\/#breadcrumb\",\"itemListElement\":[{\"@type\":\"ListItem\",\"position\":1,\"name\":\"Home\",\"item\":\"https:\/\/apnoe-spanek.cz\/\"},{\"@type\":\"ListItem\",\"position\":2,\"name\":\"E-SHOP\",\"item\":\"https:\/\/apnoe-spanek.cz\/shop\/\"},{\"@type\":\"ListItem\",\"position\":3,\"name\":\"Popruh k masce AirFit F40 &#8211; STD\"}]},{\"@type\":\"WebSite\",\"@id\":\"https:\/\/apnoe-spanek.cz\/#website\",\"url\":\"https:\/\/apnoe-spanek.cz\/\",\"name\":\"Apnoe sp\u00e1nek\",\"description\":\"Nab\u00edz\u00edme v\u0161e pro Va\u0161i nejlep\u0161\u00ed a nejkvalitn\u011bj\u0161\u00ed l\u00e9\u010dbu sp\u00e1nkov\u00e9 apnoe\",\"publisher\":{\"@id\":\"https:\/\/apnoe-spanek.cz\/#organization\"},\"potentialAction\":[{\"@type\":\"SearchAction\",\"target\":{\"@type\":\"EntryPoint\",\"urlTemplate\":\"https:\/\/apnoe-spanek.cz\/?s={search_term_string}\"},\"query-input\":{\"@type\":\"PropertyValueSpecification\",\"valueRequired\":true,\"valueName\":\"search_term_string\"}}],\"inLanguage\":\"en-GB\"},{\"@type\":\"Organization\",\"@id\":\"https:\/\/apnoe-spanek.cz\/#organization\",\"name\":\"Apnoe sp\u00e1nek\",\"url\":\"https:\/\/apnoe-spanek.cz\/\",\"logo\":{\"@type\":\"ImageObject\",\"inLanguage\":\"en-GB\",\"@id\":\"https:\/\/apnoe-spanek.cz\/#\/schema\/logo\/image\/\",\"url\":\"https:\/\/apnoe-spanek.cz\/wp-content\/uploads\/2025\/02\/cropped-icon2.jpg\",\"contentUrl\":\"https:\/\/apnoe-spanek.cz\/wp-content\/uploads\/2025\/02\/cropped-icon2.jpg\",\"width\":512,\"height\":512,\"caption\":\"Apnoe sp\u00e1nek\"},\"image\":{\"@id\":\"https:\/\/apnoe-spanek.cz\/#\/schema\/logo\/image\/\"},\"sameAs\":[\"https:\/\/www.facebook.com\/apnoespanekcz\/\",\"https:\/\/www.instagram.com\/apnoespanekcz\/\"]}]}<\/script>\n<!-- \/ Yoast SEO Premium plugin. -->","yoast_head_json":{"title":"Popruh k masce AirFit F40 - STD - Apnoe sp\u00e1nek","robots":{"index":"index","follow":"follow","max-snippet":"max-snippet:-1","max-image-preview":"max-image-preview:large","max-video-preview":"max-video-preview:-1"},"canonical":"https:\/\/apnoe-spanek.cz\/en\/product\/popruh-k-masce-airfit-f40-std\/","og_locale":"en_GB","og_type":"article","og_title":"Popruh k masce AirFit F40 - STD","og_description":"Vyrobeno z m\u011bkk\u00fdch, odoln\u00fdch materi\u00e1l\u016f, zaji\u0161\u0165uje pohodl\u00ed a stabilitu a minimalizuje tlakov\u00e9 body. Snadno se p\u0159ipev\u0148uje a upravuje. Je ide\u00e1ln\u00ed pro v\u00fdm\u011bnu opot\u0159ebovan\u00fdch popruh\u016f a udr\u017eov\u00e1n\u00ed \u00fa\u010dinn\u00e9 terapie.","og_url":"https:\/\/apnoe-spanek.cz\/en\/product\/popruh-k-masce-airfit-f40-std\/","og_site_name":"Apnoe sp\u00e1nek","article_publisher":"https:\/\/www.facebook.com\/apnoespanekcz\/","article_modified_time":"2025-03-10T12:13:46+00:00","og_image":[{"width":419,"height":364,"url":"https:\/\/apnoe-spanek.cz\/wp-content\/uploads\/2025\/02\/183.png","type":"image\/png"}],"twitter_card":"summary_large_image","schema":{"@context":"https:\/\/schema.org","@graph":[{"@type":"WebPage","@id":"https:\/\/apnoe-spanek.cz\/produkt\/popruh-k-masce-airfit-f40-std\/","url":"https:\/\/apnoe-spanek.cz\/produkt\/popruh-k-masce-airfit-f40-std\/","name":"Popruh k masce AirFit F40 - STD - Apnoe sp\u00e1nek","isPartOf":{"@id":"https:\/\/apnoe-spanek.cz\/#website"},"primaryImageOfPage":{"@id":"https:\/\/apnoe-spanek.cz\/produkt\/popruh-k-masce-airfit-f40-std\/#primaryimage"},"image":{"@id":"https:\/\/apnoe-spanek.cz\/produkt\/popruh-k-masce-airfit-f40-std\/#primaryimage"},"thumbnailUrl":"https:\/\/apnoe-spanek.cz\/wp-content\/uploads\/2025\/02\/183.png","datePublished":"2025-02-19T19:50:31+00:00","dateModified":"2025-03-10T12:13:46+00:00","breadcrumb":{"@id":"https:\/\/apnoe-spanek.cz\/produkt\/popruh-k-masce-airfit-f40-std\/#breadcrumb"},"inLanguage":"en-GB","potentialAction":[{"@type":"ReadAction","target":["https:\/\/apnoe-spanek.cz\/produkt\/popruh-k-masce-airfit-f40-std\/"]}]},{"@type":"ImageObject","inLanguage":"en-GB","@id":"https:\/\/apnoe-spanek.cz\/produkt\/popruh-k-masce-airfit-f40-std\/#primaryimage","url":"https:\/\/apnoe-spanek.cz\/wp-content\/uploads\/2025\/02\/183.png","contentUrl":"https:\/\/apnoe-spanek.cz\/wp-content\/uploads\/2025\/02\/183.png","width":419,"height":364},{"@type":"BreadcrumbList","@id":"https:\/\/apnoe-spanek.cz\/produkt\/popruh-k-masce-airfit-f40-std\/#breadcrumb","itemListElement":[{"@type":"ListItem","position":1,"name":"Home","item":"https:\/\/apnoe-spanek.cz\/"},{"@type":"ListItem","position":2,"name":"E-SHOP","item":"https:\/\/apnoe-spanek.cz\/shop\/"},{"@type":"ListItem","position":3,"name":"Popruh k masce AirFit F40 &#8211; STD"}]},{"@type":"WebSite","@id":"https:\/\/apnoe-spanek.cz\/#website","url":"https:\/\/apnoe-spanek.cz\/","name":"Apnoe sp\u00e1nek","description":"Nab\u00edz\u00edme v\u0161e pro Va\u0161i nejlep\u0161\u00ed a nejkvalitn\u011bj\u0161\u00ed l\u00e9\u010dbu sp\u00e1nkov\u00e9 apnoe","publisher":{"@id":"https:\/\/apnoe-spanek.cz\/#organization"},"potentialAction":[{"@type":"SearchAction","target":{"@type":"EntryPoint","urlTemplate":"https:\/\/apnoe-spanek.cz\/?s={search_term_string}"},"query-input":{"@type":"PropertyValueSpecification","valueRequired":true,"valueName":"search_term_string"}}],"inLanguage":"en-GB"},{"@type":"Organization","@id":"https:\/\/apnoe-spanek.cz\/#organization","name":"Apnoe sp\u00e1nek","url":"https:\/\/apnoe-spanek.cz\/","logo":{"@type":"ImageObject","inLanguage":"en-GB","@id":"https:\/\/apnoe-spanek.cz\/#\/schema\/logo\/image\/","url":"https:\/\/apnoe-spanek.cz\/wp-content\/uploads\/2025\/02\/cropped-icon2.jpg","contentUrl":"https:\/\/apnoe-spanek.cz\/wp-content\/uploads\/2025\/02\/cropped-icon2.jpg","width":512,"height":512,"caption":"Apnoe sp\u00e1nek"},"image":{"@id":"https:\/\/apnoe-spanek.cz\/#\/schema\/logo\/image\/"},"sameAs":["https:\/\/www.facebook.com\/apnoespanekcz\/","https:\/\/www.instagram.com\/apnoespanekcz\/"]}]}},"_links":{"self":[{"href":"https:\/\/apnoe-spanek.cz\/en\/wp-json\/wp\/v2\/product\/29051","targetHints":{"allow":["GET"]}}],"collection":[{"href":"https:\/\/apnoe-spanek.cz\/en\/wp-json\/wp\/v2\/product"}],"about":[{"href":"https:\/\/apnoe-spanek.cz\/en\/wp-json\/wp\/v2\/types\/product"}],"version-history":[{"count":2,"href":"https:\/\/apnoe-spanek.cz\/en\/wp-json\/wp\/v2\/product\/29051\/revisions"}],"predecessor-version":[{"id":29319,"href":"https:\/\/apnoe-spanek.cz\/en\/wp-json\/wp\/v2\/product\/29051\/revisions\/29319"}],"wp:featuredmedia":[{"embeddable":true,"href":"https:\/\/apnoe-spanek.cz\/en\/wp-json\/wp\/v2\/media\/28925"}],"wp:attachment":[{"href":"https:\/\/apnoe-spanek.cz\/en\/wp-json\/wp\/v2\/media?parent=29051"}],"wp:term":[{"taxonomy":"product_brand","embeddable":true,"href":"https:\/\/apnoe-spanek.cz\/en\/wp-json\/wp\/v2\/product_brand?post=29051"},{"taxonomy":"product_cat","embeddable":true,"href":"https:\/\/apnoe-spanek.cz\/en\/wp-json\/wp\/v2\/product_cat?post=29051"},{"taxonomy":"product_tag","embeddable":true,"href":"https:\/\/apnoe-spanek.cz\/en\/wp-json\/wp\/v2\/product_tag?post=29051"}],"curies":[{"name":"wp","href":"https:\/\/api.w.org\/{rel}","templated":true}]}}