{"id":28975,"date":"2025-02-17T10:47:40","date_gmt":"2025-02-17T10:47:40","guid":{"rendered":"https:\/\/apnoe-spanek.cz\/?post_type=product&#038;p=28975"},"modified":"2025-11-25T13:59:36","modified_gmt":"2025-11-25T13:59:36","slug":"p10-airmini-setup-pack","status":"publish","type":"product","link":"https:\/\/apnoe-spanek.cz\/en\/product\/p10-airmini-setup-pack\/","title":{"rendered":"P10 AirMini Setup pack"},"content":{"rendered":"<p>Kompaktn\u00ed, lehk\u00fd bal\u00ed\u010dek speci\u00e1ln\u011b navr\u017een\u00fd pro pou\u017eit\u00ed s \u200b\u200bAirMini cestovn\u00edm CPAP strojem. Zahrnuje obl\u00edbenou masku, nosn\u00ed pol\u0161t\u00e1\u0159ky P10. Bal\u00ed\u010dek zaji\u0161\u0165uje bezprobl\u00e9movou integraci s jedine\u010dn\u00fdm zvlh\u010dovac\u00edm syst\u00e9mem AirMini HumidX, tak\u017ee je ide\u00e1ln\u00ed pro u\u017eivatele, kte\u0159\u00ed hledaj\u00ed \u00fa\u010dinnou terapii na cest\u00e1ch. AirMini Mask Pack P10 se snadno pou\u017e\u00edv\u00e1, sestavuje a \u010dist\u00ed a poskytuje \u00fa\u010dinnou terapii v balen\u00ed vhodn\u00e9m pro cestov\u00e1n\u00ed.<\/p>","protected":false},"excerpt":{"rendered":"<p>Kompaktn\u00ed, lehk\u00fd bal\u00ed\u010dek speci\u00e1ln\u011b navr\u017een\u00fd pro pou\u017eit\u00ed s \u200b\u200bAirMini cestovn\u00edm CPAP strojem. Zahrnuje obl\u00edbenou masku, nosn\u00ed pol\u0161t\u00e1\u0159ky P10. Bal\u00ed\u010dek zaji\u0161\u0165uje bezprobl\u00e9movou integraci s jedine\u010dn\u00fdm zvlh\u010dovac\u00edm syst\u00e9mem AirMini HumidX, tak\u017ee je ide\u00e1ln\u00ed pro u\u017eivatele, kte\u0159\u00ed hledaj\u00ed \u00fa\u010dinnou terapii na cest\u00e1ch. AirMini Mask Pack P10 se snadno pou\u017e\u00edv\u00e1, sestavuje a \u010dist\u00ed a poskytuje \u00fa\u010dinnou terapii v balen\u00ed vhodn\u00e9m pro cestov\u00e1n\u00ed.<\/p>","protected":false},"featured_media":28887,"template":"","meta":[],"product_brand":[],"product_cat":[72],"product_tag":[],"class_list":{"0":"post-28975","1":"product","2":"type-product","3":"status-publish","4":"has-post-thumbnail","6":"product_cat-airmini","8":"first","9":"instock","10":"taxable","11":"shipping-taxable","12":"purchasable","13":"product-type-simple"},"yoast_head":"<!-- This site is optimized with the Yoast SEO Premium plugin v20.11 (Yoast SEO v26.8) - https:\/\/yoast.com\/product\/yoast-seo-premium-wordpress\/ -->\n<title>P10 AirMini Setup pack - Apnoe sp\u00e1nek<\/title>\n<meta name=\"robots\" content=\"index, follow, max-snippet:-1, max-image-preview:large, max-video-preview:-1\" \/>\n<link rel=\"canonical\" href=\"https:\/\/apnoe-spanek.cz\/en\/product\/p10-airmini-setup-pack\/\" \/>\n<meta property=\"og:locale\" content=\"en_GB\" \/>\n<meta property=\"og:type\" content=\"article\" \/>\n<meta property=\"og:title\" content=\"P10 AirMini Setup pack\" \/>\n<meta property=\"og:description\" content=\"Kompaktn\u00ed, lehk\u00fd bal\u00ed\u010dek speci\u00e1ln\u011b navr\u017een\u00fd pro pou\u017eit\u00ed s \u200b\u200bAirMini cestovn\u00edm CPAP strojem. Zahrnuje obl\u00edbenou masku, nosn\u00ed pol\u0161t\u00e1\u0159ky P10. Bal\u00ed\u010dek zaji\u0161\u0165uje bezprobl\u00e9movou integraci s jedine\u010dn\u00fdm zvlh\u010dovac\u00edm syst\u00e9mem AirMini HumidX, tak\u017ee je ide\u00e1ln\u00ed pro u\u017eivatele, kte\u0159\u00ed hledaj\u00ed \u00fa\u010dinnou terapii na cest\u00e1ch. AirMini Mask Pack P10 se snadno pou\u017e\u00edv\u00e1, sestavuje a \u010dist\u00ed a poskytuje \u00fa\u010dinnou terapii v balen\u00ed vhodn\u00e9m pro cestov\u00e1n\u00ed.\" \/>\n<meta property=\"og:url\" content=\"https:\/\/apnoe-spanek.cz\/en\/product\/p10-airmini-setup-pack\/\" \/>\n<meta property=\"og:site_name\" content=\"Apnoe sp\u00e1nek\" \/>\n<meta property=\"article:publisher\" content=\"https:\/\/www.facebook.com\/apnoespanekcz\/\" \/>\n<meta property=\"article:modified_time\" content=\"2025-11-25T13:59:36+00:00\" \/>\n<meta property=\"og:image\" content=\"https:\/\/apnoe-spanek.cz\/wp-content\/uploads\/2025\/02\/145.jpg\" \/>\n\t<meta property=\"og:image:width\" content=\"1309\" \/>\n\t<meta property=\"og:image:height\" content=\"1309\" \/>\n\t<meta property=\"og:image:type\" content=\"image\/jpeg\" \/>\n<meta name=\"twitter:card\" content=\"summary_large_image\" \/>\n<meta name=\"twitter:label1\" content=\"Estimated reading time\" \/>\n\t<meta name=\"twitter:data1\" content=\"1 minute\" \/>\n<script type=\"application\/ld+json\" class=\"yoast-schema-graph\">{\"@context\":\"https:\/\/schema.org\",\"@graph\":[{\"@type\":\"WebPage\",\"@id\":\"https:\/\/apnoe-spanek.cz\/produkt\/p10-airmini-setup-pack\/\",\"url\":\"https:\/\/apnoe-spanek.cz\/produkt\/p10-airmini-setup-pack\/\",\"name\":\"P10 AirMini Setup pack - Apnoe sp\u00e1nek\",\"isPartOf\":{\"@id\":\"https:\/\/apnoe-spanek.cz\/#website\"},\"primaryImageOfPage\":{\"@id\":\"https:\/\/apnoe-spanek.cz\/produkt\/p10-airmini-setup-pack\/#primaryimage\"},\"image\":{\"@id\":\"https:\/\/apnoe-spanek.cz\/produkt\/p10-airmini-setup-pack\/#primaryimage\"},\"thumbnailUrl\":\"https:\/\/apnoe-spanek.cz\/wp-content\/uploads\/2025\/02\/145.jpg\",\"datePublished\":\"2025-02-17T10:47:40+00:00\",\"dateModified\":\"2025-11-25T13:59:36+00:00\",\"breadcrumb\":{\"@id\":\"https:\/\/apnoe-spanek.cz\/produkt\/p10-airmini-setup-pack\/#breadcrumb\"},\"inLanguage\":\"en-GB\",\"potentialAction\":[{\"@type\":\"ReadAction\",\"target\":[\"https:\/\/apnoe-spanek.cz\/produkt\/p10-airmini-setup-pack\/\"]}]},{\"@type\":\"ImageObject\",\"inLanguage\":\"en-GB\",\"@id\":\"https:\/\/apnoe-spanek.cz\/produkt\/p10-airmini-setup-pack\/#primaryimage\",\"url\":\"https:\/\/apnoe-spanek.cz\/wp-content\/uploads\/2025\/02\/145.jpg\",\"contentUrl\":\"https:\/\/apnoe-spanek.cz\/wp-content\/uploads\/2025\/02\/145.jpg\",\"width\":1309,\"height\":1309},{\"@type\":\"BreadcrumbList\",\"@id\":\"https:\/\/apnoe-spanek.cz\/produkt\/p10-airmini-setup-pack\/#breadcrumb\",\"itemListElement\":[{\"@type\":\"ListItem\",\"position\":1,\"name\":\"Home\",\"item\":\"https:\/\/apnoe-spanek.cz\/\"},{\"@type\":\"ListItem\",\"position\":2,\"name\":\"E-SHOP\",\"item\":\"https:\/\/apnoe-spanek.cz\/shop\/\"},{\"@type\":\"ListItem\",\"position\":3,\"name\":\"P10 AirMini Setup pack\"}]},{\"@type\":\"WebSite\",\"@id\":\"https:\/\/apnoe-spanek.cz\/#website\",\"url\":\"https:\/\/apnoe-spanek.cz\/\",\"name\":\"Apnoe sp\u00e1nek\",\"description\":\"Nab\u00edz\u00edme v\u0161e pro Va\u0161i nejlep\u0161\u00ed a nejkvalitn\u011bj\u0161\u00ed l\u00e9\u010dbu sp\u00e1nkov\u00e9 apnoe\",\"publisher\":{\"@id\":\"https:\/\/apnoe-spanek.cz\/#organization\"},\"potentialAction\":[{\"@type\":\"SearchAction\",\"target\":{\"@type\":\"EntryPoint\",\"urlTemplate\":\"https:\/\/apnoe-spanek.cz\/?s={search_term_string}\"},\"query-input\":{\"@type\":\"PropertyValueSpecification\",\"valueRequired\":true,\"valueName\":\"search_term_string\"}}],\"inLanguage\":\"en-GB\"},{\"@type\":\"Organization\",\"@id\":\"https:\/\/apnoe-spanek.cz\/#organization\",\"name\":\"Apnoe sp\u00e1nek\",\"url\":\"https:\/\/apnoe-spanek.cz\/\",\"logo\":{\"@type\":\"ImageObject\",\"inLanguage\":\"en-GB\",\"@id\":\"https:\/\/apnoe-spanek.cz\/#\/schema\/logo\/image\/\",\"url\":\"https:\/\/apnoe-spanek.cz\/wp-content\/uploads\/2025\/02\/cropped-icon2.jpg\",\"contentUrl\":\"https:\/\/apnoe-spanek.cz\/wp-content\/uploads\/2025\/02\/cropped-icon2.jpg\",\"width\":512,\"height\":512,\"caption\":\"Apnoe sp\u00e1nek\"},\"image\":{\"@id\":\"https:\/\/apnoe-spanek.cz\/#\/schema\/logo\/image\/\"},\"sameAs\":[\"https:\/\/www.facebook.com\/apnoespanekcz\/\",\"https:\/\/www.instagram.com\/apnoespanekcz\/\"]}]}<\/script>\n<!-- \/ Yoast SEO Premium plugin. -->","yoast_head_json":{"title":"P10 AirMini Setup pack - Apnoe sp\u00e1nek","robots":{"index":"index","follow":"follow","max-snippet":"max-snippet:-1","max-image-preview":"max-image-preview:large","max-video-preview":"max-video-preview:-1"},"canonical":"https:\/\/apnoe-spanek.cz\/en\/product\/p10-airmini-setup-pack\/","og_locale":"en_GB","og_type":"article","og_title":"P10 AirMini Setup pack","og_description":"Kompaktn\u00ed, lehk\u00fd bal\u00ed\u010dek speci\u00e1ln\u011b navr\u017een\u00fd pro pou\u017eit\u00ed s \u200b\u200bAirMini cestovn\u00edm CPAP strojem. Zahrnuje obl\u00edbenou masku, nosn\u00ed pol\u0161t\u00e1\u0159ky P10. Bal\u00ed\u010dek zaji\u0161\u0165uje bezprobl\u00e9movou integraci s jedine\u010dn\u00fdm zvlh\u010dovac\u00edm syst\u00e9mem AirMini HumidX, tak\u017ee je ide\u00e1ln\u00ed pro u\u017eivatele, kte\u0159\u00ed hledaj\u00ed \u00fa\u010dinnou terapii na cest\u00e1ch. AirMini Mask Pack P10 se snadno pou\u017e\u00edv\u00e1, sestavuje a \u010dist\u00ed a poskytuje \u00fa\u010dinnou terapii v balen\u00ed vhodn\u00e9m pro cestov\u00e1n\u00ed.","og_url":"https:\/\/apnoe-spanek.cz\/en\/product\/p10-airmini-setup-pack\/","og_site_name":"Apnoe sp\u00e1nek","article_publisher":"https:\/\/www.facebook.com\/apnoespanekcz\/","article_modified_time":"2025-11-25T13:59:36+00:00","og_image":[{"width":1309,"height":1309,"url":"https:\/\/apnoe-spanek.cz\/wp-content\/uploads\/2025\/02\/145.jpg","type":"image\/jpeg"}],"twitter_card":"summary_large_image","twitter_misc":{"Estimated reading time":"1 minute"},"schema":{"@context":"https:\/\/schema.org","@graph":[{"@type":"WebPage","@id":"https:\/\/apnoe-spanek.cz\/produkt\/p10-airmini-setup-pack\/","url":"https:\/\/apnoe-spanek.cz\/produkt\/p10-airmini-setup-pack\/","name":"P10 AirMini Setup pack - Apnoe sp\u00e1nek","isPartOf":{"@id":"https:\/\/apnoe-spanek.cz\/#website"},"primaryImageOfPage":{"@id":"https:\/\/apnoe-spanek.cz\/produkt\/p10-airmini-setup-pack\/#primaryimage"},"image":{"@id":"https:\/\/apnoe-spanek.cz\/produkt\/p10-airmini-setup-pack\/#primaryimage"},"thumbnailUrl":"https:\/\/apnoe-spanek.cz\/wp-content\/uploads\/2025\/02\/145.jpg","datePublished":"2025-02-17T10:47:40+00:00","dateModified":"2025-11-25T13:59:36+00:00","breadcrumb":{"@id":"https:\/\/apnoe-spanek.cz\/produkt\/p10-airmini-setup-pack\/#breadcrumb"},"inLanguage":"en-GB","potentialAction":[{"@type":"ReadAction","target":["https:\/\/apnoe-spanek.cz\/produkt\/p10-airmini-setup-pack\/"]}]},{"@type":"ImageObject","inLanguage":"en-GB","@id":"https:\/\/apnoe-spanek.cz\/produkt\/p10-airmini-setup-pack\/#primaryimage","url":"https:\/\/apnoe-spanek.cz\/wp-content\/uploads\/2025\/02\/145.jpg","contentUrl":"https:\/\/apnoe-spanek.cz\/wp-content\/uploads\/2025\/02\/145.jpg","width":1309,"height":1309},{"@type":"BreadcrumbList","@id":"https:\/\/apnoe-spanek.cz\/produkt\/p10-airmini-setup-pack\/#breadcrumb","itemListElement":[{"@type":"ListItem","position":1,"name":"Home","item":"https:\/\/apnoe-spanek.cz\/"},{"@type":"ListItem","position":2,"name":"E-SHOP","item":"https:\/\/apnoe-spanek.cz\/shop\/"},{"@type":"ListItem","position":3,"name":"P10 AirMini Setup pack"}]},{"@type":"WebSite","@id":"https:\/\/apnoe-spanek.cz\/#website","url":"https:\/\/apnoe-spanek.cz\/","name":"Apnoe sp\u00e1nek","description":"Nab\u00edz\u00edme v\u0161e pro Va\u0161i nejlep\u0161\u00ed a nejkvalitn\u011bj\u0161\u00ed l\u00e9\u010dbu sp\u00e1nkov\u00e9 apnoe","publisher":{"@id":"https:\/\/apnoe-spanek.cz\/#organization"},"potentialAction":[{"@type":"SearchAction","target":{"@type":"EntryPoint","urlTemplate":"https:\/\/apnoe-spanek.cz\/?s={search_term_string}"},"query-input":{"@type":"PropertyValueSpecification","valueRequired":true,"valueName":"search_term_string"}}],"inLanguage":"en-GB"},{"@type":"Organization","@id":"https:\/\/apnoe-spanek.cz\/#organization","name":"Apnoe sp\u00e1nek","url":"https:\/\/apnoe-spanek.cz\/","logo":{"@type":"ImageObject","inLanguage":"en-GB","@id":"https:\/\/apnoe-spanek.cz\/#\/schema\/logo\/image\/","url":"https:\/\/apnoe-spanek.cz\/wp-content\/uploads\/2025\/02\/cropped-icon2.jpg","contentUrl":"https:\/\/apnoe-spanek.cz\/wp-content\/uploads\/2025\/02\/cropped-icon2.jpg","width":512,"height":512,"caption":"Apnoe sp\u00e1nek"},"image":{"@id":"https:\/\/apnoe-spanek.cz\/#\/schema\/logo\/image\/"},"sameAs":["https:\/\/www.facebook.com\/apnoespanekcz\/","https:\/\/www.instagram.com\/apnoespanekcz\/"]}]}},"_links":{"self":[{"href":"https:\/\/apnoe-spanek.cz\/en\/wp-json\/wp\/v2\/product\/28975","targetHints":{"allow":["GET"]}}],"collection":[{"href":"https:\/\/apnoe-spanek.cz\/en\/wp-json\/wp\/v2\/product"}],"about":[{"href":"https:\/\/apnoe-spanek.cz\/en\/wp-json\/wp\/v2\/types\/product"}],"version-history":[{"count":5,"href":"https:\/\/apnoe-spanek.cz\/en\/wp-json\/wp\/v2\/product\/28975\/revisions"}],"predecessor-version":[{"id":30349,"href":"https:\/\/apnoe-spanek.cz\/en\/wp-json\/wp\/v2\/product\/28975\/revisions\/30349"}],"wp:featuredmedia":[{"embeddable":true,"href":"https:\/\/apnoe-spanek.cz\/en\/wp-json\/wp\/v2\/media\/28887"}],"wp:attachment":[{"href":"https:\/\/apnoe-spanek.cz\/en\/wp-json\/wp\/v2\/media?parent=28975"}],"wp:term":[{"taxonomy":"product_brand","embeddable":true,"href":"https:\/\/apnoe-spanek.cz\/en\/wp-json\/wp\/v2\/product_brand?post=28975"},{"taxonomy":"product_cat","embeddable":true,"href":"https:\/\/apnoe-spanek.cz\/en\/wp-json\/wp\/v2\/product_cat?post=28975"},{"taxonomy":"product_tag","embeddable":true,"href":"https:\/\/apnoe-spanek.cz\/en\/wp-json\/wp\/v2\/product_tag?post=28975"}],"curies":[{"name":"wp","href":"https:\/\/api.w.org\/{rel}","templated":true}]}}