{"id":28938,"date":"2025-02-17T08:38:52","date_gmt":"2025-02-17T08:38:52","guid":{"rendered":"https:\/\/apnoe-spanek.cz\/?post_type=product&#038;p=28938"},"modified":"2025-03-10T12:15:30","modified_gmt":"2025-03-10T12:15:30","slug":"spona-k-masce-airfit-f20-f30i-non-magnet-2-ks","status":"publish","type":"product","link":"https:\/\/apnoe-spanek.cz\/en\/product\/spona-k-masce-airfit-f20-f30i-non-magnet-2-ks\/","title":{"rendered":"Spona k masce AirFit F20 \/ F30i NON MAGNET (2 ks)"},"content":{"rendered":"<p>Spolehliv\u00e9 \u0159e\u0161en\u00ed pro stabiln\u00ed a pohodln\u00e9 uchycen\u00ed masky. Vyrobeno z odoln\u00fdch materi\u00e1l\u016f, umo\u017e\u0148uje rychl\u00e9 a p\u0159esn\u00e9 nastaven\u00ed a zlep\u0161uje \u00fa\u010dinnost terapie bez pou\u017eit\u00ed magnet\u016f.<\/p>","protected":false},"excerpt":{"rendered":"<p>Spolehliv\u00e9 \u0159e\u0161en\u00ed pro stabiln\u00ed a pohodln\u00e9 uchycen\u00ed masky. Vyrobeno z odoln\u00fdch materi\u00e1l\u016f, umo\u017e\u0148uje rychl\u00e9 a p\u0159esn\u00e9 nastaven\u00ed a zlep\u0161uje \u00fa\u010dinnost terapie bez pou\u017eit\u00ed magnet\u016f.<\/p>","protected":false},"featured_media":28869,"template":"","meta":[],"product_brand":[],"product_cat":[32,93],"product_tag":[],"class_list":{"0":"post-28938","1":"product","2":"type-product","3":"status-publish","4":"has-post-thumbnail","6":"product_cat-nahradni-dily-k-maskam","7":"product_cat-spona-k-popruhu-2ks","9":"first","10":"instock","11":"taxable","12":"shipping-taxable","13":"purchasable","14":"product-type-simple"},"yoast_head":"<!-- This site is optimized with the Yoast SEO Premium plugin v20.11 (Yoast SEO v27.4) - https:\/\/yoast.com\/product\/yoast-seo-premium-wordpress\/ -->\n<title>Spona k masce AirFit F20 \/ F30i NON MAGNET (2 ks) - Apnoe sp\u00e1nek<\/title>\n<meta name=\"robots\" content=\"index, follow, max-snippet:-1, max-image-preview:large, max-video-preview:-1\" \/>\n<link rel=\"canonical\" href=\"https:\/\/apnoe-spanek.cz\/en\/product\/spona-k-masce-airfit-f20-f30i-non-magnet-2-ks\/\" \/>\n<meta property=\"og:locale\" content=\"en_GB\" \/>\n<meta property=\"og:type\" content=\"article\" \/>\n<meta property=\"og:title\" content=\"Spona k masce AirFit F20 \/ F30i NON MAGNET (2 ks)\" \/>\n<meta property=\"og:description\" content=\"Spolehliv\u00e9 \u0159e\u0161en\u00ed pro stabiln\u00ed a pohodln\u00e9 uchycen\u00ed masky. Vyrobeno z odoln\u00fdch materi\u00e1l\u016f, umo\u017e\u0148uje rychl\u00e9 a p\u0159esn\u00e9 nastaven\u00ed a zlep\u0161uje \u00fa\u010dinnost terapie bez pou\u017eit\u00ed magnet\u016f.\" \/>\n<meta property=\"og:url\" content=\"https:\/\/apnoe-spanek.cz\/en\/product\/spona-k-masce-airfit-f20-f30i-non-magnet-2-ks\/\" \/>\n<meta property=\"og:site_name\" content=\"Apnoe sp\u00e1nek\" \/>\n<meta property=\"article:publisher\" content=\"https:\/\/www.facebook.com\/apnoespanekcz\/\" \/>\n<meta property=\"article:modified_time\" content=\"2025-03-10T12:15:30+00:00\" \/>\n<meta property=\"og:image\" content=\"https:\/\/apnoe-spanek.cz\/wp-content\/uploads\/2025\/02\/127.png\" \/>\n\t<meta property=\"og:image:width\" content=\"419\" \/>\n\t<meta property=\"og:image:height\" content=\"302\" \/>\n\t<meta property=\"og:image:type\" content=\"image\/png\" \/>\n<meta name=\"twitter:card\" content=\"summary_large_image\" \/>\n<script type=\"application\/ld+json\" class=\"yoast-schema-graph\">{\"@context\":\"https:\\\/\\\/schema.org\",\"@graph\":[{\"@type\":\"WebPage\",\"@id\":\"https:\\\/\\\/apnoe-spanek.cz\\\/produkt\\\/spona-k-masce-airfit-f20-f30i-non-magnet-2-ks\\\/\",\"url\":\"https:\\\/\\\/apnoe-spanek.cz\\\/produkt\\\/spona-k-masce-airfit-f20-f30i-non-magnet-2-ks\\\/\",\"name\":\"Spona k masce AirFit F20 \\\/ F30i NON MAGNET (2 ks) - Apnoe sp\u00e1nek\",\"isPartOf\":{\"@id\":\"https:\\\/\\\/apnoe-spanek.cz\\\/#website\"},\"primaryImageOfPage\":{\"@id\":\"https:\\\/\\\/apnoe-spanek.cz\\\/produkt\\\/spona-k-masce-airfit-f20-f30i-non-magnet-2-ks\\\/#primaryimage\"},\"image\":{\"@id\":\"https:\\\/\\\/apnoe-spanek.cz\\\/produkt\\\/spona-k-masce-airfit-f20-f30i-non-magnet-2-ks\\\/#primaryimage\"},\"thumbnailUrl\":\"https:\\\/\\\/apnoe-spanek.cz\\\/wp-content\\\/uploads\\\/2025\\\/02\\\/127.png\",\"datePublished\":\"2025-02-17T08:38:52+00:00\",\"dateModified\":\"2025-03-10T12:15:30+00:00\",\"breadcrumb\":{\"@id\":\"https:\\\/\\\/apnoe-spanek.cz\\\/produkt\\\/spona-k-masce-airfit-f20-f30i-non-magnet-2-ks\\\/#breadcrumb\"},\"inLanguage\":\"en-GB\",\"potentialAction\":[{\"@type\":\"ReadAction\",\"target\":[\"https:\\\/\\\/apnoe-spanek.cz\\\/produkt\\\/spona-k-masce-airfit-f20-f30i-non-magnet-2-ks\\\/\"]}]},{\"@type\":\"ImageObject\",\"inLanguage\":\"en-GB\",\"@id\":\"https:\\\/\\\/apnoe-spanek.cz\\\/produkt\\\/spona-k-masce-airfit-f20-f30i-non-magnet-2-ks\\\/#primaryimage\",\"url\":\"https:\\\/\\\/apnoe-spanek.cz\\\/wp-content\\\/uploads\\\/2025\\\/02\\\/127.png\",\"contentUrl\":\"https:\\\/\\\/apnoe-spanek.cz\\\/wp-content\\\/uploads\\\/2025\\\/02\\\/127.png\",\"width\":419,\"height\":302},{\"@type\":\"BreadcrumbList\",\"@id\":\"https:\\\/\\\/apnoe-spanek.cz\\\/produkt\\\/spona-k-masce-airfit-f20-f30i-non-magnet-2-ks\\\/#breadcrumb\",\"itemListElement\":[{\"@type\":\"ListItem\",\"position\":1,\"name\":\"Home\",\"item\":\"https:\\\/\\\/apnoe-spanek.cz\\\/\"},{\"@type\":\"ListItem\",\"position\":2,\"name\":\"E-SHOP\",\"item\":\"https:\\\/\\\/apnoe-spanek.cz\\\/shop\\\/\"},{\"@type\":\"ListItem\",\"position\":3,\"name\":\"Spona k masce AirFit F20 \\\/ F30i NON MAGNET (2 ks)\"}]},{\"@type\":\"WebSite\",\"@id\":\"https:\\\/\\\/apnoe-spanek.cz\\\/#website\",\"url\":\"https:\\\/\\\/apnoe-spanek.cz\\\/\",\"name\":\"Apnoe sp\u00e1nek\",\"description\":\"Nab\u00edz\u00edme v\u0161e pro Va\u0161i nejlep\u0161\u00ed a nejkvalitn\u011bj\u0161\u00ed l\u00e9\u010dbu sp\u00e1nkov\u00e9 apnoe\",\"publisher\":{\"@id\":\"https:\\\/\\\/apnoe-spanek.cz\\\/#organization\"},\"potentialAction\":[{\"@type\":\"SearchAction\",\"target\":{\"@type\":\"EntryPoint\",\"urlTemplate\":\"https:\\\/\\\/apnoe-spanek.cz\\\/?s={search_term_string}\"},\"query-input\":{\"@type\":\"PropertyValueSpecification\",\"valueRequired\":true,\"valueName\":\"search_term_string\"}}],\"inLanguage\":\"en-GB\"},{\"@type\":\"Organization\",\"@id\":\"https:\\\/\\\/apnoe-spanek.cz\\\/#organization\",\"name\":\"Apnoe sp\u00e1nek\",\"url\":\"https:\\\/\\\/apnoe-spanek.cz\\\/\",\"logo\":{\"@type\":\"ImageObject\",\"inLanguage\":\"en-GB\",\"@id\":\"https:\\\/\\\/apnoe-spanek.cz\\\/#\\\/schema\\\/logo\\\/image\\\/\",\"url\":\"https:\\\/\\\/apnoe-spanek.cz\\\/wp-content\\\/uploads\\\/2025\\\/02\\\/cropped-icon2.jpg\",\"contentUrl\":\"https:\\\/\\\/apnoe-spanek.cz\\\/wp-content\\\/uploads\\\/2025\\\/02\\\/cropped-icon2.jpg\",\"width\":512,\"height\":512,\"caption\":\"Apnoe sp\u00e1nek\"},\"image\":{\"@id\":\"https:\\\/\\\/apnoe-spanek.cz\\\/#\\\/schema\\\/logo\\\/image\\\/\"},\"sameAs\":[\"https:\\\/\\\/www.facebook.com\\\/apnoespanekcz\\\/\",\"https:\\\/\\\/www.instagram.com\\\/apnoespanekcz\\\/\"]}]}<\/script>\n<!-- \/ Yoast SEO Premium plugin. -->","yoast_head_json":{"title":"Spona k masce AirFit F20 \/ F30i NON MAGNET (2 ks) - Apnoe sp\u00e1nek","robots":{"index":"index","follow":"follow","max-snippet":"max-snippet:-1","max-image-preview":"max-image-preview:large","max-video-preview":"max-video-preview:-1"},"canonical":"https:\/\/apnoe-spanek.cz\/en\/product\/spona-k-masce-airfit-f20-f30i-non-magnet-2-ks\/","og_locale":"en_GB","og_type":"article","og_title":"Spona k masce AirFit F20 \/ F30i NON MAGNET (2 ks)","og_description":"Spolehliv\u00e9 \u0159e\u0161en\u00ed pro stabiln\u00ed a pohodln\u00e9 uchycen\u00ed masky. Vyrobeno z odoln\u00fdch materi\u00e1l\u016f, umo\u017e\u0148uje rychl\u00e9 a p\u0159esn\u00e9 nastaven\u00ed a zlep\u0161uje \u00fa\u010dinnost terapie bez pou\u017eit\u00ed magnet\u016f.","og_url":"https:\/\/apnoe-spanek.cz\/en\/product\/spona-k-masce-airfit-f20-f30i-non-magnet-2-ks\/","og_site_name":"Apnoe sp\u00e1nek","article_publisher":"https:\/\/www.facebook.com\/apnoespanekcz\/","article_modified_time":"2025-03-10T12:15:30+00:00","og_image":[{"width":419,"height":302,"url":"https:\/\/apnoe-spanek.cz\/wp-content\/uploads\/2025\/02\/127.png","type":"image\/png"}],"twitter_card":"summary_large_image","schema":{"@context":"https:\/\/schema.org","@graph":[{"@type":"WebPage","@id":"https:\/\/apnoe-spanek.cz\/produkt\/spona-k-masce-airfit-f20-f30i-non-magnet-2-ks\/","url":"https:\/\/apnoe-spanek.cz\/produkt\/spona-k-masce-airfit-f20-f30i-non-magnet-2-ks\/","name":"Spona k masce AirFit F20 \/ F30i NON MAGNET (2 ks) - Apnoe sp\u00e1nek","isPartOf":{"@id":"https:\/\/apnoe-spanek.cz\/#website"},"primaryImageOfPage":{"@id":"https:\/\/apnoe-spanek.cz\/produkt\/spona-k-masce-airfit-f20-f30i-non-magnet-2-ks\/#primaryimage"},"image":{"@id":"https:\/\/apnoe-spanek.cz\/produkt\/spona-k-masce-airfit-f20-f30i-non-magnet-2-ks\/#primaryimage"},"thumbnailUrl":"https:\/\/apnoe-spanek.cz\/wp-content\/uploads\/2025\/02\/127.png","datePublished":"2025-02-17T08:38:52+00:00","dateModified":"2025-03-10T12:15:30+00:00","breadcrumb":{"@id":"https:\/\/apnoe-spanek.cz\/produkt\/spona-k-masce-airfit-f20-f30i-non-magnet-2-ks\/#breadcrumb"},"inLanguage":"en-GB","potentialAction":[{"@type":"ReadAction","target":["https:\/\/apnoe-spanek.cz\/produkt\/spona-k-masce-airfit-f20-f30i-non-magnet-2-ks\/"]}]},{"@type":"ImageObject","inLanguage":"en-GB","@id":"https:\/\/apnoe-spanek.cz\/produkt\/spona-k-masce-airfit-f20-f30i-non-magnet-2-ks\/#primaryimage","url":"https:\/\/apnoe-spanek.cz\/wp-content\/uploads\/2025\/02\/127.png","contentUrl":"https:\/\/apnoe-spanek.cz\/wp-content\/uploads\/2025\/02\/127.png","width":419,"height":302},{"@type":"BreadcrumbList","@id":"https:\/\/apnoe-spanek.cz\/produkt\/spona-k-masce-airfit-f20-f30i-non-magnet-2-ks\/#breadcrumb","itemListElement":[{"@type":"ListItem","position":1,"name":"Home","item":"https:\/\/apnoe-spanek.cz\/"},{"@type":"ListItem","position":2,"name":"E-SHOP","item":"https:\/\/apnoe-spanek.cz\/shop\/"},{"@type":"ListItem","position":3,"name":"Spona k masce AirFit F20 \/ F30i NON MAGNET (2 ks)"}]},{"@type":"WebSite","@id":"https:\/\/apnoe-spanek.cz\/#website","url":"https:\/\/apnoe-spanek.cz\/","name":"Apnoe sp\u00e1nek","description":"Nab\u00edz\u00edme v\u0161e pro Va\u0161i nejlep\u0161\u00ed a nejkvalitn\u011bj\u0161\u00ed l\u00e9\u010dbu sp\u00e1nkov\u00e9 apnoe","publisher":{"@id":"https:\/\/apnoe-spanek.cz\/#organization"},"potentialAction":[{"@type":"SearchAction","target":{"@type":"EntryPoint","urlTemplate":"https:\/\/apnoe-spanek.cz\/?s={search_term_string}"},"query-input":{"@type":"PropertyValueSpecification","valueRequired":true,"valueName":"search_term_string"}}],"inLanguage":"en-GB"},{"@type":"Organization","@id":"https:\/\/apnoe-spanek.cz\/#organization","name":"Apnoe sp\u00e1nek","url":"https:\/\/apnoe-spanek.cz\/","logo":{"@type":"ImageObject","inLanguage":"en-GB","@id":"https:\/\/apnoe-spanek.cz\/#\/schema\/logo\/image\/","url":"https:\/\/apnoe-spanek.cz\/wp-content\/uploads\/2025\/02\/cropped-icon2.jpg","contentUrl":"https:\/\/apnoe-spanek.cz\/wp-content\/uploads\/2025\/02\/cropped-icon2.jpg","width":512,"height":512,"caption":"Apnoe sp\u00e1nek"},"image":{"@id":"https:\/\/apnoe-spanek.cz\/#\/schema\/logo\/image\/"},"sameAs":["https:\/\/www.facebook.com\/apnoespanekcz\/","https:\/\/www.instagram.com\/apnoespanekcz\/"]}]}},"_links":{"self":[{"href":"https:\/\/apnoe-spanek.cz\/en\/wp-json\/wp\/v2\/product\/28938","targetHints":{"allow":["GET"]}}],"collection":[{"href":"https:\/\/apnoe-spanek.cz\/en\/wp-json\/wp\/v2\/product"}],"about":[{"href":"https:\/\/apnoe-spanek.cz\/en\/wp-json\/wp\/v2\/types\/product"}],"version-history":[{"count":1,"href":"https:\/\/apnoe-spanek.cz\/en\/wp-json\/wp\/v2\/product\/28938\/revisions"}],"predecessor-version":[{"id":28939,"href":"https:\/\/apnoe-spanek.cz\/en\/wp-json\/wp\/v2\/product\/28938\/revisions\/28939"}],"wp:featuredmedia":[{"embeddable":true,"href":"https:\/\/apnoe-spanek.cz\/en\/wp-json\/wp\/v2\/media\/28869"}],"wp:attachment":[{"href":"https:\/\/apnoe-spanek.cz\/en\/wp-json\/wp\/v2\/media?parent=28938"}],"wp:term":[{"taxonomy":"product_brand","embeddable":true,"href":"https:\/\/apnoe-spanek.cz\/en\/wp-json\/wp\/v2\/product_brand?post=28938"},{"taxonomy":"product_cat","embeddable":true,"href":"https:\/\/apnoe-spanek.cz\/en\/wp-json\/wp\/v2\/product_cat?post=28938"},{"taxonomy":"product_tag","embeddable":true,"href":"https:\/\/apnoe-spanek.cz\/en\/wp-json\/wp\/v2\/product_tag?post=28938"}],"curies":[{"name":"wp","href":"https:\/\/api.w.org\/{rel}","templated":true}]}}