{"id":28839,"date":"2025-02-11T22:38:09","date_gmt":"2025-02-11T22:38:09","guid":{"rendered":"https:\/\/apnoe-spanek.cz\/?post_type=product&#038;p=28839"},"modified":"2025-03-18T17:23:14","modified_gmt":"2025-03-18T17:23:14","slug":"nahradni-kolinko-k-masce-airfit-f40-quiet","status":"publish","type":"product","link":"https:\/\/apnoe-spanek.cz\/en\/product\/nahradni-kolinko-k-masce-airfit-f40-quiet\/","title":{"rendered":"N\u00e1hradn\u00ed kol\u00ednko k masce AirFit F40 Quiet"},"content":{"rendered":"<p>Toto kol\u00ednko slou\u017e\u00ed jako spojka mezi r\u00e1mem masky a hadic\u00ed, co\u017e umo\u017e\u0148uje dod\u00e1vku stla\u010den\u00e9ho vzduchu b\u011bhem sp\u00e1nkov\u00e9 terapie.<\/p>","protected":false},"excerpt":{"rendered":"<p>Toto kol\u00ednko slou\u017e\u00ed jako spojka mezi r\u00e1mem masky a hadic\u00ed, co\u017e umo\u017e\u0148uje dod\u00e1vku stla\u010den\u00e9ho vzduchu b\u011bhem sp\u00e1nkov\u00e9 terapie.<\/p>","protected":false},"featured_media":29375,"template":"","meta":[],"product_brand":[],"product_cat":[32,96],"product_tag":[],"class_list":{"0":"post-28839","1":"product","2":"type-product","3":"status-publish","4":"has-post-thumbnail","6":"product_cat-nahradni-dily-k-maskam","7":"product_cat-kolinko","9":"first","10":"instock","11":"taxable","12":"shipping-taxable","13":"purchasable","14":"product-type-simple"},"yoast_head":"<!-- This site is optimized with the Yoast SEO Premium plugin v20.11 (Yoast SEO v26.8) - https:\/\/yoast.com\/product\/yoast-seo-premium-wordpress\/ -->\n<title>N\u00e1hradn\u00ed kol\u00ednko k masce AirFit F40 Quiet - Apnoe sp\u00e1nek<\/title>\n<meta name=\"robots\" content=\"index, follow, max-snippet:-1, max-image-preview:large, max-video-preview:-1\" \/>\n<link rel=\"canonical\" href=\"https:\/\/apnoe-spanek.cz\/en\/product\/nahradni-kolinko-k-masce-airfit-f40-quiet\/\" \/>\n<meta property=\"og:locale\" content=\"en_GB\" \/>\n<meta property=\"og:type\" content=\"article\" \/>\n<meta property=\"og:title\" content=\"N\u00e1hradn\u00ed kol\u00ednko k masce AirFit F40 Quiet\" \/>\n<meta property=\"og:description\" content=\"Toto kol\u00ednko slou\u017e\u00ed jako spojka mezi r\u00e1mem masky a hadic\u00ed, co\u017e umo\u017e\u0148uje dod\u00e1vku stla\u010den\u00e9ho vzduchu b\u011bhem sp\u00e1nkov\u00e9 terapie.\" \/>\n<meta property=\"og:url\" content=\"https:\/\/apnoe-spanek.cz\/en\/product\/nahradni-kolinko-k-masce-airfit-f40-quiet\/\" \/>\n<meta property=\"og:site_name\" content=\"Apnoe sp\u00e1nek\" \/>\n<meta property=\"article:publisher\" content=\"https:\/\/www.facebook.com\/apnoespanekcz\/\" \/>\n<meta property=\"article:modified_time\" content=\"2025-03-18T17:23:14+00:00\" \/>\n<meta property=\"og:image\" content=\"https:\/\/apnoe-spanek.cz\/wp-content\/uploads\/2025\/02\/F40.png\" \/>\n\t<meta property=\"og:image:width\" content=\"269\" \/>\n\t<meta property=\"og:image:height\" content=\"250\" \/>\n\t<meta property=\"og:image:type\" content=\"image\/png\" \/>\n<meta name=\"twitter:card\" content=\"summary_large_image\" \/>\n<meta name=\"twitter:label1\" content=\"Estimated reading time\" \/>\n\t<meta name=\"twitter:data1\" content=\"1 minute\" \/>\n<script type=\"application\/ld+json\" class=\"yoast-schema-graph\">{\"@context\":\"https:\/\/schema.org\",\"@graph\":[{\"@type\":\"WebPage\",\"@id\":\"https:\/\/apnoe-spanek.cz\/produkt\/nahradni-kolinko-k-masce-airfit-f40-quiet\/\",\"url\":\"https:\/\/apnoe-spanek.cz\/produkt\/nahradni-kolinko-k-masce-airfit-f40-quiet\/\",\"name\":\"N\u00e1hradn\u00ed kol\u00ednko k masce AirFit F40 Quiet - Apnoe sp\u00e1nek\",\"isPartOf\":{\"@id\":\"https:\/\/apnoe-spanek.cz\/#website\"},\"primaryImageOfPage\":{\"@id\":\"https:\/\/apnoe-spanek.cz\/produkt\/nahradni-kolinko-k-masce-airfit-f40-quiet\/#primaryimage\"},\"image\":{\"@id\":\"https:\/\/apnoe-spanek.cz\/produkt\/nahradni-kolinko-k-masce-airfit-f40-quiet\/#primaryimage\"},\"thumbnailUrl\":\"https:\/\/apnoe-spanek.cz\/wp-content\/uploads\/2025\/02\/F40.png\",\"datePublished\":\"2025-02-11T22:38:09+00:00\",\"dateModified\":\"2025-03-18T17:23:14+00:00\",\"breadcrumb\":{\"@id\":\"https:\/\/apnoe-spanek.cz\/produkt\/nahradni-kolinko-k-masce-airfit-f40-quiet\/#breadcrumb\"},\"inLanguage\":\"en-GB\",\"potentialAction\":[{\"@type\":\"ReadAction\",\"target\":[\"https:\/\/apnoe-spanek.cz\/produkt\/nahradni-kolinko-k-masce-airfit-f40-quiet\/\"]}]},{\"@type\":\"ImageObject\",\"inLanguage\":\"en-GB\",\"@id\":\"https:\/\/apnoe-spanek.cz\/produkt\/nahradni-kolinko-k-masce-airfit-f40-quiet\/#primaryimage\",\"url\":\"https:\/\/apnoe-spanek.cz\/wp-content\/uploads\/2025\/02\/F40.png\",\"contentUrl\":\"https:\/\/apnoe-spanek.cz\/wp-content\/uploads\/2025\/02\/F40.png\",\"width\":269,\"height\":250},{\"@type\":\"BreadcrumbList\",\"@id\":\"https:\/\/apnoe-spanek.cz\/produkt\/nahradni-kolinko-k-masce-airfit-f40-quiet\/#breadcrumb\",\"itemListElement\":[{\"@type\":\"ListItem\",\"position\":1,\"name\":\"Home\",\"item\":\"https:\/\/apnoe-spanek.cz\/\"},{\"@type\":\"ListItem\",\"position\":2,\"name\":\"E-SHOP\",\"item\":\"https:\/\/apnoe-spanek.cz\/shop\/\"},{\"@type\":\"ListItem\",\"position\":3,\"name\":\"N\u00e1hradn\u00ed kol\u00ednko k masce AirFit F40 Quiet\"}]},{\"@type\":\"WebSite\",\"@id\":\"https:\/\/apnoe-spanek.cz\/#website\",\"url\":\"https:\/\/apnoe-spanek.cz\/\",\"name\":\"Apnoe sp\u00e1nek\",\"description\":\"Nab\u00edz\u00edme v\u0161e pro Va\u0161i nejlep\u0161\u00ed a nejkvalitn\u011bj\u0161\u00ed l\u00e9\u010dbu sp\u00e1nkov\u00e9 apnoe\",\"publisher\":{\"@id\":\"https:\/\/apnoe-spanek.cz\/#organization\"},\"potentialAction\":[{\"@type\":\"SearchAction\",\"target\":{\"@type\":\"EntryPoint\",\"urlTemplate\":\"https:\/\/apnoe-spanek.cz\/?s={search_term_string}\"},\"query-input\":{\"@type\":\"PropertyValueSpecification\",\"valueRequired\":true,\"valueName\":\"search_term_string\"}}],\"inLanguage\":\"en-GB\"},{\"@type\":\"Organization\",\"@id\":\"https:\/\/apnoe-spanek.cz\/#organization\",\"name\":\"Apnoe sp\u00e1nek\",\"url\":\"https:\/\/apnoe-spanek.cz\/\",\"logo\":{\"@type\":\"ImageObject\",\"inLanguage\":\"en-GB\",\"@id\":\"https:\/\/apnoe-spanek.cz\/#\/schema\/logo\/image\/\",\"url\":\"https:\/\/apnoe-spanek.cz\/wp-content\/uploads\/2025\/02\/cropped-icon2.jpg\",\"contentUrl\":\"https:\/\/apnoe-spanek.cz\/wp-content\/uploads\/2025\/02\/cropped-icon2.jpg\",\"width\":512,\"height\":512,\"caption\":\"Apnoe sp\u00e1nek\"},\"image\":{\"@id\":\"https:\/\/apnoe-spanek.cz\/#\/schema\/logo\/image\/\"},\"sameAs\":[\"https:\/\/www.facebook.com\/apnoespanekcz\/\",\"https:\/\/www.instagram.com\/apnoespanekcz\/\"]}]}<\/script>\n<!-- \/ Yoast SEO Premium plugin. -->","yoast_head_json":{"title":"N\u00e1hradn\u00ed kol\u00ednko k masce AirFit F40 Quiet - Apnoe sp\u00e1nek","robots":{"index":"index","follow":"follow","max-snippet":"max-snippet:-1","max-image-preview":"max-image-preview:large","max-video-preview":"max-video-preview:-1"},"canonical":"https:\/\/apnoe-spanek.cz\/en\/product\/nahradni-kolinko-k-masce-airfit-f40-quiet\/","og_locale":"en_GB","og_type":"article","og_title":"N\u00e1hradn\u00ed kol\u00ednko k masce AirFit F40 Quiet","og_description":"Toto kol\u00ednko slou\u017e\u00ed jako spojka mezi r\u00e1mem masky a hadic\u00ed, co\u017e umo\u017e\u0148uje dod\u00e1vku stla\u010den\u00e9ho vzduchu b\u011bhem sp\u00e1nkov\u00e9 terapie.","og_url":"https:\/\/apnoe-spanek.cz\/en\/product\/nahradni-kolinko-k-masce-airfit-f40-quiet\/","og_site_name":"Apnoe sp\u00e1nek","article_publisher":"https:\/\/www.facebook.com\/apnoespanekcz\/","article_modified_time":"2025-03-18T17:23:14+00:00","og_image":[{"width":269,"height":250,"url":"https:\/\/apnoe-spanek.cz\/wp-content\/uploads\/2025\/02\/F40.png","type":"image\/png"}],"twitter_card":"summary_large_image","twitter_misc":{"Estimated reading time":"1 minute"},"schema":{"@context":"https:\/\/schema.org","@graph":[{"@type":"WebPage","@id":"https:\/\/apnoe-spanek.cz\/produkt\/nahradni-kolinko-k-masce-airfit-f40-quiet\/","url":"https:\/\/apnoe-spanek.cz\/produkt\/nahradni-kolinko-k-masce-airfit-f40-quiet\/","name":"N\u00e1hradn\u00ed kol\u00ednko k masce AirFit F40 Quiet - Apnoe sp\u00e1nek","isPartOf":{"@id":"https:\/\/apnoe-spanek.cz\/#website"},"primaryImageOfPage":{"@id":"https:\/\/apnoe-spanek.cz\/produkt\/nahradni-kolinko-k-masce-airfit-f40-quiet\/#primaryimage"},"image":{"@id":"https:\/\/apnoe-spanek.cz\/produkt\/nahradni-kolinko-k-masce-airfit-f40-quiet\/#primaryimage"},"thumbnailUrl":"https:\/\/apnoe-spanek.cz\/wp-content\/uploads\/2025\/02\/F40.png","datePublished":"2025-02-11T22:38:09+00:00","dateModified":"2025-03-18T17:23:14+00:00","breadcrumb":{"@id":"https:\/\/apnoe-spanek.cz\/produkt\/nahradni-kolinko-k-masce-airfit-f40-quiet\/#breadcrumb"},"inLanguage":"en-GB","potentialAction":[{"@type":"ReadAction","target":["https:\/\/apnoe-spanek.cz\/produkt\/nahradni-kolinko-k-masce-airfit-f40-quiet\/"]}]},{"@type":"ImageObject","inLanguage":"en-GB","@id":"https:\/\/apnoe-spanek.cz\/produkt\/nahradni-kolinko-k-masce-airfit-f40-quiet\/#primaryimage","url":"https:\/\/apnoe-spanek.cz\/wp-content\/uploads\/2025\/02\/F40.png","contentUrl":"https:\/\/apnoe-spanek.cz\/wp-content\/uploads\/2025\/02\/F40.png","width":269,"height":250},{"@type":"BreadcrumbList","@id":"https:\/\/apnoe-spanek.cz\/produkt\/nahradni-kolinko-k-masce-airfit-f40-quiet\/#breadcrumb","itemListElement":[{"@type":"ListItem","position":1,"name":"Home","item":"https:\/\/apnoe-spanek.cz\/"},{"@type":"ListItem","position":2,"name":"E-SHOP","item":"https:\/\/apnoe-spanek.cz\/shop\/"},{"@type":"ListItem","position":3,"name":"N\u00e1hradn\u00ed kol\u00ednko k masce AirFit F40 Quiet"}]},{"@type":"WebSite","@id":"https:\/\/apnoe-spanek.cz\/#website","url":"https:\/\/apnoe-spanek.cz\/","name":"Apnoe sp\u00e1nek","description":"Nab\u00edz\u00edme v\u0161e pro Va\u0161i nejlep\u0161\u00ed a nejkvalitn\u011bj\u0161\u00ed l\u00e9\u010dbu sp\u00e1nkov\u00e9 apnoe","publisher":{"@id":"https:\/\/apnoe-spanek.cz\/#organization"},"potentialAction":[{"@type":"SearchAction","target":{"@type":"EntryPoint","urlTemplate":"https:\/\/apnoe-spanek.cz\/?s={search_term_string}"},"query-input":{"@type":"PropertyValueSpecification","valueRequired":true,"valueName":"search_term_string"}}],"inLanguage":"en-GB"},{"@type":"Organization","@id":"https:\/\/apnoe-spanek.cz\/#organization","name":"Apnoe sp\u00e1nek","url":"https:\/\/apnoe-spanek.cz\/","logo":{"@type":"ImageObject","inLanguage":"en-GB","@id":"https:\/\/apnoe-spanek.cz\/#\/schema\/logo\/image\/","url":"https:\/\/apnoe-spanek.cz\/wp-content\/uploads\/2025\/02\/cropped-icon2.jpg","contentUrl":"https:\/\/apnoe-spanek.cz\/wp-content\/uploads\/2025\/02\/cropped-icon2.jpg","width":512,"height":512,"caption":"Apnoe sp\u00e1nek"},"image":{"@id":"https:\/\/apnoe-spanek.cz\/#\/schema\/logo\/image\/"},"sameAs":["https:\/\/www.facebook.com\/apnoespanekcz\/","https:\/\/www.instagram.com\/apnoespanekcz\/"]}]}},"_links":{"self":[{"href":"https:\/\/apnoe-spanek.cz\/en\/wp-json\/wp\/v2\/product\/28839","targetHints":{"allow":["GET"]}}],"collection":[{"href":"https:\/\/apnoe-spanek.cz\/en\/wp-json\/wp\/v2\/product"}],"about":[{"href":"https:\/\/apnoe-spanek.cz\/en\/wp-json\/wp\/v2\/types\/product"}],"version-history":[{"count":1,"href":"https:\/\/apnoe-spanek.cz\/en\/wp-json\/wp\/v2\/product\/28839\/revisions"}],"predecessor-version":[{"id":28841,"href":"https:\/\/apnoe-spanek.cz\/en\/wp-json\/wp\/v2\/product\/28839\/revisions\/28841"}],"wp:featuredmedia":[{"embeddable":true,"href":"https:\/\/apnoe-spanek.cz\/en\/wp-json\/wp\/v2\/media\/29375"}],"wp:attachment":[{"href":"https:\/\/apnoe-spanek.cz\/en\/wp-json\/wp\/v2\/media?parent=28839"}],"wp:term":[{"taxonomy":"product_brand","embeddable":true,"href":"https:\/\/apnoe-spanek.cz\/en\/wp-json\/wp\/v2\/product_brand?post=28839"},{"taxonomy":"product_cat","embeddable":true,"href":"https:\/\/apnoe-spanek.cz\/en\/wp-json\/wp\/v2\/product_cat?post=28839"},{"taxonomy":"product_tag","embeddable":true,"href":"https:\/\/apnoe-spanek.cz\/en\/wp-json\/wp\/v2\/product_tag?post=28839"}],"curies":[{"name":"wp","href":"https:\/\/api.w.org\/{rel}","templated":true}]}}