{"id":28767,"date":"2025-02-11T21:59:50","date_gmt":"2025-02-11T21:59:50","guid":{"rendered":"https:\/\/apnoe-spanek.cz\/?post_type=product&#038;p=28767"},"modified":"2025-03-10T12:17:38","modified_gmt":"2025-03-10T12:17:38","slug":"ram-masky-mirage-fx-small","status":"publish","type":"product","link":"https:\/\/apnoe-spanek.cz\/en\/product\/ram-masky-mirage-fx-small\/","title":{"rendered":"R\u00e1m masky Mirage FX Small"},"content":{"rendered":"<p>Tento n\u00e1hradn\u00ed r\u00e1m je vyroben z lehk\u00fdch, odoln\u00fdch materi\u00e1l\u016f a poskytuje stabiln\u00ed a bezpe\u010dn\u00e9 uchycen\u00ed. Bezprobl\u00e9mov\u011b se integruje se st\u00e1vaj\u00edc\u00edmi \u010d\u00e1stmi masky a zaji\u0161\u0165uje p\u0159il\u00e9hav\u00e9 uchycen\u00ed, aby se zabr\u00e1nilo \u00faniku vzduchu a maximalizovala \u00fa\u010dinnost terapie.<\/p>","protected":false},"excerpt":{"rendered":"<p>Tento n\u00e1hradn\u00ed r\u00e1m je vyroben z lehk\u00fdch, odoln\u00fdch materi\u00e1l\u016f a poskytuje stabiln\u00ed a bezpe\u010dn\u00e9 uchycen\u00ed. Bezprobl\u00e9mov\u011b se integruje se st\u00e1vaj\u00edc\u00edmi \u010d\u00e1stmi masky a zaji\u0161\u0165uje p\u0159il\u00e9hav\u00e9 uchycen\u00ed, aby se zabr\u00e1nilo \u00faniku vzduchu a maximalizovala \u00fa\u010dinnost terapie.<\/p>","protected":false},"featured_media":28763,"template":"","meta":[],"product_brand":[],"product_cat":[32,97],"product_tag":[],"class_list":{"0":"post-28767","1":"product","2":"type-product","3":"status-publish","4":"has-post-thumbnail","6":"product_cat-nahradni-dily-k-maskam","7":"product_cat-ram","9":"first","10":"instock","11":"taxable","12":"shipping-taxable","13":"purchasable","14":"product-type-simple"},"yoast_head":"<!-- This site is optimized with the Yoast SEO Premium plugin v20.11 (Yoast SEO v26.8) - https:\/\/yoast.com\/product\/yoast-seo-premium-wordpress\/ -->\n<title>R\u00e1m masky Mirage FX Small - Apnoe sp\u00e1nek<\/title>\n<meta name=\"robots\" content=\"index, follow, max-snippet:-1, max-image-preview:large, max-video-preview:-1\" \/>\n<link rel=\"canonical\" href=\"https:\/\/apnoe-spanek.cz\/en\/product\/ram-masky-mirage-fx-small\/\" \/>\n<meta property=\"og:locale\" content=\"en_GB\" \/>\n<meta property=\"og:type\" content=\"article\" \/>\n<meta property=\"og:title\" content=\"R\u00e1m masky Mirage FX Small\" \/>\n<meta property=\"og:description\" content=\"Tento n\u00e1hradn\u00ed r\u00e1m je vyroben z lehk\u00fdch, odoln\u00fdch materi\u00e1l\u016f a poskytuje stabiln\u00ed a bezpe\u010dn\u00e9 uchycen\u00ed. Bezprobl\u00e9mov\u011b se integruje se st\u00e1vaj\u00edc\u00edmi \u010d\u00e1stmi masky a zaji\u0161\u0165uje p\u0159il\u00e9hav\u00e9 uchycen\u00ed, aby se zabr\u00e1nilo \u00faniku vzduchu a maximalizovala \u00fa\u010dinnost terapie.\" \/>\n<meta property=\"og:url\" content=\"https:\/\/apnoe-spanek.cz\/en\/product\/ram-masky-mirage-fx-small\/\" \/>\n<meta property=\"og:site_name\" content=\"Apnoe sp\u00e1nek\" \/>\n<meta property=\"article:publisher\" content=\"https:\/\/www.facebook.com\/apnoespanekcz\/\" \/>\n<meta property=\"article:modified_time\" content=\"2025-03-10T12:17:38+00:00\" \/>\n<meta property=\"og:image\" content=\"https:\/\/apnoe-spanek.cz\/wp-content\/uploads\/2025\/02\/94.jpg\" \/>\n\t<meta property=\"og:image:width\" content=\"989\" \/>\n\t<meta property=\"og:image:height\" content=\"1657\" \/>\n\t<meta property=\"og:image:type\" content=\"image\/jpeg\" \/>\n<meta name=\"twitter:card\" content=\"summary_large_image\" \/>\n<script type=\"application\/ld+json\" class=\"yoast-schema-graph\">{\"@context\":\"https:\/\/schema.org\",\"@graph\":[{\"@type\":\"WebPage\",\"@id\":\"https:\/\/apnoe-spanek.cz\/produkt\/ram-masky-mirage-fx-small\/\",\"url\":\"https:\/\/apnoe-spanek.cz\/produkt\/ram-masky-mirage-fx-small\/\",\"name\":\"R\u00e1m masky Mirage FX Small - Apnoe sp\u00e1nek\",\"isPartOf\":{\"@id\":\"https:\/\/apnoe-spanek.cz\/#website\"},\"primaryImageOfPage\":{\"@id\":\"https:\/\/apnoe-spanek.cz\/produkt\/ram-masky-mirage-fx-small\/#primaryimage\"},\"image\":{\"@id\":\"https:\/\/apnoe-spanek.cz\/produkt\/ram-masky-mirage-fx-small\/#primaryimage\"},\"thumbnailUrl\":\"https:\/\/apnoe-spanek.cz\/wp-content\/uploads\/2025\/02\/94.jpg\",\"datePublished\":\"2025-02-11T21:59:50+00:00\",\"dateModified\":\"2025-03-10T12:17:38+00:00\",\"breadcrumb\":{\"@id\":\"https:\/\/apnoe-spanek.cz\/produkt\/ram-masky-mirage-fx-small\/#breadcrumb\"},\"inLanguage\":\"en-GB\",\"potentialAction\":[{\"@type\":\"ReadAction\",\"target\":[\"https:\/\/apnoe-spanek.cz\/produkt\/ram-masky-mirage-fx-small\/\"]}]},{\"@type\":\"ImageObject\",\"inLanguage\":\"en-GB\",\"@id\":\"https:\/\/apnoe-spanek.cz\/produkt\/ram-masky-mirage-fx-small\/#primaryimage\",\"url\":\"https:\/\/apnoe-spanek.cz\/wp-content\/uploads\/2025\/02\/94.jpg\",\"contentUrl\":\"https:\/\/apnoe-spanek.cz\/wp-content\/uploads\/2025\/02\/94.jpg\",\"width\":989,\"height\":1657},{\"@type\":\"BreadcrumbList\",\"@id\":\"https:\/\/apnoe-spanek.cz\/produkt\/ram-masky-mirage-fx-small\/#breadcrumb\",\"itemListElement\":[{\"@type\":\"ListItem\",\"position\":1,\"name\":\"Home\",\"item\":\"https:\/\/apnoe-spanek.cz\/\"},{\"@type\":\"ListItem\",\"position\":2,\"name\":\"E-SHOP\",\"item\":\"https:\/\/apnoe-spanek.cz\/shop\/\"},{\"@type\":\"ListItem\",\"position\":3,\"name\":\"R\u00e1m masky Mirage FX Small\"}]},{\"@type\":\"WebSite\",\"@id\":\"https:\/\/apnoe-spanek.cz\/#website\",\"url\":\"https:\/\/apnoe-spanek.cz\/\",\"name\":\"Apnoe sp\u00e1nek\",\"description\":\"Nab\u00edz\u00edme v\u0161e pro Va\u0161i nejlep\u0161\u00ed a nejkvalitn\u011bj\u0161\u00ed l\u00e9\u010dbu sp\u00e1nkov\u00e9 apnoe\",\"publisher\":{\"@id\":\"https:\/\/apnoe-spanek.cz\/#organization\"},\"potentialAction\":[{\"@type\":\"SearchAction\",\"target\":{\"@type\":\"EntryPoint\",\"urlTemplate\":\"https:\/\/apnoe-spanek.cz\/?s={search_term_string}\"},\"query-input\":{\"@type\":\"PropertyValueSpecification\",\"valueRequired\":true,\"valueName\":\"search_term_string\"}}],\"inLanguage\":\"en-GB\"},{\"@type\":\"Organization\",\"@id\":\"https:\/\/apnoe-spanek.cz\/#organization\",\"name\":\"Apnoe sp\u00e1nek\",\"url\":\"https:\/\/apnoe-spanek.cz\/\",\"logo\":{\"@type\":\"ImageObject\",\"inLanguage\":\"en-GB\",\"@id\":\"https:\/\/apnoe-spanek.cz\/#\/schema\/logo\/image\/\",\"url\":\"https:\/\/apnoe-spanek.cz\/wp-content\/uploads\/2025\/02\/cropped-icon2.jpg\",\"contentUrl\":\"https:\/\/apnoe-spanek.cz\/wp-content\/uploads\/2025\/02\/cropped-icon2.jpg\",\"width\":512,\"height\":512,\"caption\":\"Apnoe sp\u00e1nek\"},\"image\":{\"@id\":\"https:\/\/apnoe-spanek.cz\/#\/schema\/logo\/image\/\"},\"sameAs\":[\"https:\/\/www.facebook.com\/apnoespanekcz\/\",\"https:\/\/www.instagram.com\/apnoespanekcz\/\"]}]}<\/script>\n<!-- \/ Yoast SEO Premium plugin. -->","yoast_head_json":{"title":"R\u00e1m masky Mirage FX Small - Apnoe sp\u00e1nek","robots":{"index":"index","follow":"follow","max-snippet":"max-snippet:-1","max-image-preview":"max-image-preview:large","max-video-preview":"max-video-preview:-1"},"canonical":"https:\/\/apnoe-spanek.cz\/en\/product\/ram-masky-mirage-fx-small\/","og_locale":"en_GB","og_type":"article","og_title":"R\u00e1m masky Mirage FX Small","og_description":"Tento n\u00e1hradn\u00ed r\u00e1m je vyroben z lehk\u00fdch, odoln\u00fdch materi\u00e1l\u016f a poskytuje stabiln\u00ed a bezpe\u010dn\u00e9 uchycen\u00ed. Bezprobl\u00e9mov\u011b se integruje se st\u00e1vaj\u00edc\u00edmi \u010d\u00e1stmi masky a zaji\u0161\u0165uje p\u0159il\u00e9hav\u00e9 uchycen\u00ed, aby se zabr\u00e1nilo \u00faniku vzduchu a maximalizovala \u00fa\u010dinnost terapie.","og_url":"https:\/\/apnoe-spanek.cz\/en\/product\/ram-masky-mirage-fx-small\/","og_site_name":"Apnoe sp\u00e1nek","article_publisher":"https:\/\/www.facebook.com\/apnoespanekcz\/","article_modified_time":"2025-03-10T12:17:38+00:00","og_image":[{"width":989,"height":1657,"url":"https:\/\/apnoe-spanek.cz\/wp-content\/uploads\/2025\/02\/94.jpg","type":"image\/jpeg"}],"twitter_card":"summary_large_image","schema":{"@context":"https:\/\/schema.org","@graph":[{"@type":"WebPage","@id":"https:\/\/apnoe-spanek.cz\/produkt\/ram-masky-mirage-fx-small\/","url":"https:\/\/apnoe-spanek.cz\/produkt\/ram-masky-mirage-fx-small\/","name":"R\u00e1m masky Mirage FX Small - Apnoe sp\u00e1nek","isPartOf":{"@id":"https:\/\/apnoe-spanek.cz\/#website"},"primaryImageOfPage":{"@id":"https:\/\/apnoe-spanek.cz\/produkt\/ram-masky-mirage-fx-small\/#primaryimage"},"image":{"@id":"https:\/\/apnoe-spanek.cz\/produkt\/ram-masky-mirage-fx-small\/#primaryimage"},"thumbnailUrl":"https:\/\/apnoe-spanek.cz\/wp-content\/uploads\/2025\/02\/94.jpg","datePublished":"2025-02-11T21:59:50+00:00","dateModified":"2025-03-10T12:17:38+00:00","breadcrumb":{"@id":"https:\/\/apnoe-spanek.cz\/produkt\/ram-masky-mirage-fx-small\/#breadcrumb"},"inLanguage":"en-GB","potentialAction":[{"@type":"ReadAction","target":["https:\/\/apnoe-spanek.cz\/produkt\/ram-masky-mirage-fx-small\/"]}]},{"@type":"ImageObject","inLanguage":"en-GB","@id":"https:\/\/apnoe-spanek.cz\/produkt\/ram-masky-mirage-fx-small\/#primaryimage","url":"https:\/\/apnoe-spanek.cz\/wp-content\/uploads\/2025\/02\/94.jpg","contentUrl":"https:\/\/apnoe-spanek.cz\/wp-content\/uploads\/2025\/02\/94.jpg","width":989,"height":1657},{"@type":"BreadcrumbList","@id":"https:\/\/apnoe-spanek.cz\/produkt\/ram-masky-mirage-fx-small\/#breadcrumb","itemListElement":[{"@type":"ListItem","position":1,"name":"Home","item":"https:\/\/apnoe-spanek.cz\/"},{"@type":"ListItem","position":2,"name":"E-SHOP","item":"https:\/\/apnoe-spanek.cz\/shop\/"},{"@type":"ListItem","position":3,"name":"R\u00e1m masky Mirage FX Small"}]},{"@type":"WebSite","@id":"https:\/\/apnoe-spanek.cz\/#website","url":"https:\/\/apnoe-spanek.cz\/","name":"Apnoe sp\u00e1nek","description":"Nab\u00edz\u00edme v\u0161e pro Va\u0161i nejlep\u0161\u00ed a nejkvalitn\u011bj\u0161\u00ed l\u00e9\u010dbu sp\u00e1nkov\u00e9 apnoe","publisher":{"@id":"https:\/\/apnoe-spanek.cz\/#organization"},"potentialAction":[{"@type":"SearchAction","target":{"@type":"EntryPoint","urlTemplate":"https:\/\/apnoe-spanek.cz\/?s={search_term_string}"},"query-input":{"@type":"PropertyValueSpecification","valueRequired":true,"valueName":"search_term_string"}}],"inLanguage":"en-GB"},{"@type":"Organization","@id":"https:\/\/apnoe-spanek.cz\/#organization","name":"Apnoe sp\u00e1nek","url":"https:\/\/apnoe-spanek.cz\/","logo":{"@type":"ImageObject","inLanguage":"en-GB","@id":"https:\/\/apnoe-spanek.cz\/#\/schema\/logo\/image\/","url":"https:\/\/apnoe-spanek.cz\/wp-content\/uploads\/2025\/02\/cropped-icon2.jpg","contentUrl":"https:\/\/apnoe-spanek.cz\/wp-content\/uploads\/2025\/02\/cropped-icon2.jpg","width":512,"height":512,"caption":"Apnoe sp\u00e1nek"},"image":{"@id":"https:\/\/apnoe-spanek.cz\/#\/schema\/logo\/image\/"},"sameAs":["https:\/\/www.facebook.com\/apnoespanekcz\/","https:\/\/www.instagram.com\/apnoespanekcz\/"]}]}},"_links":{"self":[{"href":"https:\/\/apnoe-spanek.cz\/en\/wp-json\/wp\/v2\/product\/28767","targetHints":{"allow":["GET"]}}],"collection":[{"href":"https:\/\/apnoe-spanek.cz\/en\/wp-json\/wp\/v2\/product"}],"about":[{"href":"https:\/\/apnoe-spanek.cz\/en\/wp-json\/wp\/v2\/types\/product"}],"version-history":[{"count":1,"href":"https:\/\/apnoe-spanek.cz\/en\/wp-json\/wp\/v2\/product\/28767\/revisions"}],"predecessor-version":[{"id":28768,"href":"https:\/\/apnoe-spanek.cz\/en\/wp-json\/wp\/v2\/product\/28767\/revisions\/28768"}],"wp:featuredmedia":[{"embeddable":true,"href":"https:\/\/apnoe-spanek.cz\/en\/wp-json\/wp\/v2\/media\/28763"}],"wp:attachment":[{"href":"https:\/\/apnoe-spanek.cz\/en\/wp-json\/wp\/v2\/media?parent=28767"}],"wp:term":[{"taxonomy":"product_brand","embeddable":true,"href":"https:\/\/apnoe-spanek.cz\/en\/wp-json\/wp\/v2\/product_brand?post=28767"},{"taxonomy":"product_cat","embeddable":true,"href":"https:\/\/apnoe-spanek.cz\/en\/wp-json\/wp\/v2\/product_cat?post=28767"},{"taxonomy":"product_tag","embeddable":true,"href":"https:\/\/apnoe-spanek.cz\/en\/wp-json\/wp\/v2\/product_tag?post=28767"}],"curies":[{"name":"wp","href":"https:\/\/api.w.org\/{rel}","templated":true}]}}