{"id":28336,"date":"2025-02-02T16:35:26","date_gmt":"2025-02-02T16:35:26","guid":{"rendered":"https:\/\/apnoe-spanek.cz\/?post_type=product&#038;p=28336"},"modified":"2026-02-18T11:57:18","modified_gmt":"2026-02-18T11:57:18","slug":"nahradni-polstarek-airtouch-k-masce-n20-l","status":"publish","type":"product","link":"https:\/\/apnoe-spanek.cz\/en\/product\/nahradni-polstarek-airtouch-k-masce-n20-l\/","title":{"rendered":"N\u00e1hradn\u00ed pol\u0161t\u00e1\u0159ek AirTouch k masce N20 &#8211; L"},"content":{"rendered":"<p>Je navr\u017een tak, aby zv\u00fd\u0161il pohodl\u00ed a \u00fa\u010dinnost nosn\u00ed masky AirTouch N20. Tento n\u00e1hradn\u00ed pol\u0161t\u00e1\u0159ek s jedine\u010dnou vrstvou pam\u011b\u0165ov\u00e9 p\u011bny nab\u00edz\u00ed jemn\u00e9, ale bezpe\u010dn\u00e9 uchycen\u00ed, p\u0159izp\u016fsobuje se, kontur\u00e1m obli\u010deje u\u017eivatele a poskytuje jedine\u010dn\u00e9 ut\u011bsn\u011bn\u00ed, kter\u00e9 minimalizuje \u00faniky vzduchu. Tento inovativn\u00ed materi\u00e1l poskytuje m\u011bk\u010d\u00ed dotek na k\u016f\u017ei ve srovn\u00e1n\u00ed s tradi\u010dn\u00edm silikonem. Sni\u017euje pravd\u011bpodobnost podr\u00e1\u017ed\u011bn\u00ed a otlak\u016f. V\u00fdrobce doporu\u010duje obm\u011b\u0148ovat za 3 a\u017e 6 t\u00fddn\u016f.<\/p>","protected":false},"excerpt":{"rendered":"<p>Je navr\u017een tak, aby zv\u00fd\u0161il pohodl\u00ed a \u00fa\u010dinnost nosn\u00ed masky AirTouch N20. Tento n\u00e1hradn\u00ed pol\u0161t\u00e1\u0159ek s jedine\u010dnou vrstvou pam\u011b\u0165ov\u00e9 p\u011bny nab\u00edz\u00ed jemn\u00e9, ale bezpe\u010dn\u00e9 uchycen\u00ed, p\u0159izp\u016fsobuje se, kontur\u00e1m obli\u010deje u\u017eivatele a poskytuje jedine\u010dn\u00e9 ut\u011bsn\u011bn\u00ed, kter\u00e9 minimalizuje \u00faniky vzduchu. Tento inovativn\u00ed materi\u00e1l poskytuje m\u011bk\u010d\u00ed dotek na k\u016f\u017ei ve srovn\u00e1n\u00ed s tradi\u010dn\u00edm silikonem. Sni\u017euje pravd\u011bpodobnost podr\u00e1\u017ed\u011bn\u00ed a otlak\u016f. V\u00fdrobce doporu\u010duje obm\u011b\u0148ovat za 3 a\u017e 6 t\u00fddn\u016f.<\/p>","protected":false},"featured_media":28312,"template":"","meta":[],"product_brand":[],"product_cat":[32,101],"product_tag":[],"class_list":{"0":"post-28336","1":"product","2":"type-product","3":"status-publish","4":"has-post-thumbnail","6":"product_cat-nahradni-dily-k-maskam","7":"product_cat-polstarek-nosni","9":"first","10":"instock","11":"taxable","12":"shipping-taxable","13":"purchasable","14":"product-type-simple"},"yoast_head":"<!-- This site is optimized with the Yoast SEO Premium plugin v20.11 (Yoast SEO v27.4) - https:\/\/yoast.com\/product\/yoast-seo-premium-wordpress\/ -->\n<title>N\u00e1hradn\u00ed pol\u0161t\u00e1\u0159ek AirTouch k masce N20 - L - Apnoe sp\u00e1nek<\/title>\n<meta name=\"robots\" content=\"index, follow, max-snippet:-1, max-image-preview:large, max-video-preview:-1\" \/>\n<link rel=\"canonical\" href=\"https:\/\/apnoe-spanek.cz\/en\/product\/nahradni-polstarek-airtouch-k-masce-n20-l\/\" \/>\n<meta property=\"og:locale\" content=\"en_GB\" \/>\n<meta property=\"og:type\" content=\"article\" \/>\n<meta property=\"og:title\" content=\"N\u00e1hradn\u00ed pol\u0161t\u00e1\u0159ek AirTouch k masce N20 - L\" \/>\n<meta property=\"og:description\" content=\"Je navr\u017een tak, aby zv\u00fd\u0161il pohodl\u00ed a \u00fa\u010dinnost nosn\u00ed masky AirTouch N20. Tento n\u00e1hradn\u00ed pol\u0161t\u00e1\u0159ek s jedine\u010dnou vrstvou pam\u011b\u0165ov\u00e9 p\u011bny nab\u00edz\u00ed jemn\u00e9, ale bezpe\u010dn\u00e9 uchycen\u00ed, p\u0159izp\u016fsobuje se, kontur\u00e1m obli\u010deje u\u017eivatele a poskytuje jedine\u010dn\u00e9 ut\u011bsn\u011bn\u00ed, kter\u00e9 minimalizuje \u00faniky vzduchu. Tento inovativn\u00ed materi\u00e1l poskytuje m\u011bk\u010d\u00ed dotek na k\u016f\u017ei ve srovn\u00e1n\u00ed s tradi\u010dn\u00edm silikonem. Sni\u017euje pravd\u011bpodobnost podr\u00e1\u017ed\u011bn\u00ed a otlak\u016f. V\u00fdrobce doporu\u010duje obm\u011b\u0148ovat za 3 a\u017e 6 t\u00fddn\u016f.\" \/>\n<meta property=\"og:url\" content=\"https:\/\/apnoe-spanek.cz\/en\/product\/nahradni-polstarek-airtouch-k-masce-n20-l\/\" \/>\n<meta property=\"og:site_name\" content=\"Apnoe sp\u00e1nek\" \/>\n<meta property=\"article:publisher\" content=\"https:\/\/www.facebook.com\/apnoespanekcz\/\" \/>\n<meta property=\"article:modified_time\" content=\"2026-02-18T11:57:18+00:00\" \/>\n<meta property=\"og:image\" content=\"https:\/\/apnoe-spanek.cz\/wp-content\/uploads\/2025\/02\/49.jpg\" \/>\n\t<meta property=\"og:image:width\" content=\"419\" \/>\n\t<meta property=\"og:image:height\" content=\"418\" \/>\n\t<meta property=\"og:image:type\" content=\"image\/jpeg\" \/>\n<meta name=\"twitter:card\" content=\"summary_large_image\" \/>\n<meta name=\"twitter:label1\" content=\"Estimated reading time\" \/>\n\t<meta name=\"twitter:data1\" content=\"1 minute\" \/>\n<script type=\"application\/ld+json\" class=\"yoast-schema-graph\">{\"@context\":\"https:\\\/\\\/schema.org\",\"@graph\":[{\"@type\":\"WebPage\",\"@id\":\"https:\\\/\\\/apnoe-spanek.cz\\\/produkt\\\/nahradni-polstarek-airtouch-k-masce-n20-l\\\/\",\"url\":\"https:\\\/\\\/apnoe-spanek.cz\\\/produkt\\\/nahradni-polstarek-airtouch-k-masce-n20-l\\\/\",\"name\":\"N\u00e1hradn\u00ed pol\u0161t\u00e1\u0159ek AirTouch k masce N20 - L - Apnoe sp\u00e1nek\",\"isPartOf\":{\"@id\":\"https:\\\/\\\/apnoe-spanek.cz\\\/#website\"},\"primaryImageOfPage\":{\"@id\":\"https:\\\/\\\/apnoe-spanek.cz\\\/produkt\\\/nahradni-polstarek-airtouch-k-masce-n20-l\\\/#primaryimage\"},\"image\":{\"@id\":\"https:\\\/\\\/apnoe-spanek.cz\\\/produkt\\\/nahradni-polstarek-airtouch-k-masce-n20-l\\\/#primaryimage\"},\"thumbnailUrl\":\"https:\\\/\\\/apnoe-spanek.cz\\\/wp-content\\\/uploads\\\/2025\\\/02\\\/49.jpg\",\"datePublished\":\"2025-02-02T16:35:26+00:00\",\"dateModified\":\"2026-02-18T11:57:18+00:00\",\"breadcrumb\":{\"@id\":\"https:\\\/\\\/apnoe-spanek.cz\\\/produkt\\\/nahradni-polstarek-airtouch-k-masce-n20-l\\\/#breadcrumb\"},\"inLanguage\":\"en-GB\",\"potentialAction\":[{\"@type\":\"ReadAction\",\"target\":[\"https:\\\/\\\/apnoe-spanek.cz\\\/produkt\\\/nahradni-polstarek-airtouch-k-masce-n20-l\\\/\"]}]},{\"@type\":\"ImageObject\",\"inLanguage\":\"en-GB\",\"@id\":\"https:\\\/\\\/apnoe-spanek.cz\\\/produkt\\\/nahradni-polstarek-airtouch-k-masce-n20-l\\\/#primaryimage\",\"url\":\"https:\\\/\\\/apnoe-spanek.cz\\\/wp-content\\\/uploads\\\/2025\\\/02\\\/49.jpg\",\"contentUrl\":\"https:\\\/\\\/apnoe-spanek.cz\\\/wp-content\\\/uploads\\\/2025\\\/02\\\/49.jpg\",\"width\":419,\"height\":418},{\"@type\":\"BreadcrumbList\",\"@id\":\"https:\\\/\\\/apnoe-spanek.cz\\\/produkt\\\/nahradni-polstarek-airtouch-k-masce-n20-l\\\/#breadcrumb\",\"itemListElement\":[{\"@type\":\"ListItem\",\"position\":1,\"name\":\"Home\",\"item\":\"https:\\\/\\\/apnoe-spanek.cz\\\/\"},{\"@type\":\"ListItem\",\"position\":2,\"name\":\"E-SHOP\",\"item\":\"https:\\\/\\\/apnoe-spanek.cz\\\/shop\\\/\"},{\"@type\":\"ListItem\",\"position\":3,\"name\":\"N\u00e1hradn\u00ed pol\u0161t\u00e1\u0159ek AirTouch k masce N20 &#8211; L\"}]},{\"@type\":\"WebSite\",\"@id\":\"https:\\\/\\\/apnoe-spanek.cz\\\/#website\",\"url\":\"https:\\\/\\\/apnoe-spanek.cz\\\/\",\"name\":\"Apnoe sp\u00e1nek\",\"description\":\"Nab\u00edz\u00edme v\u0161e pro Va\u0161i nejlep\u0161\u00ed a nejkvalitn\u011bj\u0161\u00ed l\u00e9\u010dbu sp\u00e1nkov\u00e9 apnoe\",\"publisher\":{\"@id\":\"https:\\\/\\\/apnoe-spanek.cz\\\/#organization\"},\"potentialAction\":[{\"@type\":\"SearchAction\",\"target\":{\"@type\":\"EntryPoint\",\"urlTemplate\":\"https:\\\/\\\/apnoe-spanek.cz\\\/?s={search_term_string}\"},\"query-input\":{\"@type\":\"PropertyValueSpecification\",\"valueRequired\":true,\"valueName\":\"search_term_string\"}}],\"inLanguage\":\"en-GB\"},{\"@type\":\"Organization\",\"@id\":\"https:\\\/\\\/apnoe-spanek.cz\\\/#organization\",\"name\":\"Apnoe sp\u00e1nek\",\"url\":\"https:\\\/\\\/apnoe-spanek.cz\\\/\",\"logo\":{\"@type\":\"ImageObject\",\"inLanguage\":\"en-GB\",\"@id\":\"https:\\\/\\\/apnoe-spanek.cz\\\/#\\\/schema\\\/logo\\\/image\\\/\",\"url\":\"https:\\\/\\\/apnoe-spanek.cz\\\/wp-content\\\/uploads\\\/2025\\\/02\\\/cropped-icon2.jpg\",\"contentUrl\":\"https:\\\/\\\/apnoe-spanek.cz\\\/wp-content\\\/uploads\\\/2025\\\/02\\\/cropped-icon2.jpg\",\"width\":512,\"height\":512,\"caption\":\"Apnoe sp\u00e1nek\"},\"image\":{\"@id\":\"https:\\\/\\\/apnoe-spanek.cz\\\/#\\\/schema\\\/logo\\\/image\\\/\"},\"sameAs\":[\"https:\\\/\\\/www.facebook.com\\\/apnoespanekcz\\\/\",\"https:\\\/\\\/www.instagram.com\\\/apnoespanekcz\\\/\"]}]}<\/script>\n<!-- \/ Yoast SEO Premium plugin. -->","yoast_head_json":{"title":"N\u00e1hradn\u00ed pol\u0161t\u00e1\u0159ek AirTouch k masce N20 - L - Apnoe sp\u00e1nek","robots":{"index":"index","follow":"follow","max-snippet":"max-snippet:-1","max-image-preview":"max-image-preview:large","max-video-preview":"max-video-preview:-1"},"canonical":"https:\/\/apnoe-spanek.cz\/en\/product\/nahradni-polstarek-airtouch-k-masce-n20-l\/","og_locale":"en_GB","og_type":"article","og_title":"N\u00e1hradn\u00ed pol\u0161t\u00e1\u0159ek AirTouch k masce N20 - L","og_description":"Je navr\u017een tak, aby zv\u00fd\u0161il pohodl\u00ed a \u00fa\u010dinnost nosn\u00ed masky AirTouch N20. Tento n\u00e1hradn\u00ed pol\u0161t\u00e1\u0159ek s jedine\u010dnou vrstvou pam\u011b\u0165ov\u00e9 p\u011bny nab\u00edz\u00ed jemn\u00e9, ale bezpe\u010dn\u00e9 uchycen\u00ed, p\u0159izp\u016fsobuje se, kontur\u00e1m obli\u010deje u\u017eivatele a poskytuje jedine\u010dn\u00e9 ut\u011bsn\u011bn\u00ed, kter\u00e9 minimalizuje \u00faniky vzduchu. Tento inovativn\u00ed materi\u00e1l poskytuje m\u011bk\u010d\u00ed dotek na k\u016f\u017ei ve srovn\u00e1n\u00ed s tradi\u010dn\u00edm silikonem. Sni\u017euje pravd\u011bpodobnost podr\u00e1\u017ed\u011bn\u00ed a otlak\u016f. V\u00fdrobce doporu\u010duje obm\u011b\u0148ovat za 3 a\u017e 6 t\u00fddn\u016f.","og_url":"https:\/\/apnoe-spanek.cz\/en\/product\/nahradni-polstarek-airtouch-k-masce-n20-l\/","og_site_name":"Apnoe sp\u00e1nek","article_publisher":"https:\/\/www.facebook.com\/apnoespanekcz\/","article_modified_time":"2026-02-18T11:57:18+00:00","og_image":[{"width":419,"height":418,"url":"https:\/\/apnoe-spanek.cz\/wp-content\/uploads\/2025\/02\/49.jpg","type":"image\/jpeg"}],"twitter_card":"summary_large_image","twitter_misc":{"Estimated reading time":"1 minute"},"schema":{"@context":"https:\/\/schema.org","@graph":[{"@type":"WebPage","@id":"https:\/\/apnoe-spanek.cz\/produkt\/nahradni-polstarek-airtouch-k-masce-n20-l\/","url":"https:\/\/apnoe-spanek.cz\/produkt\/nahradni-polstarek-airtouch-k-masce-n20-l\/","name":"N\u00e1hradn\u00ed pol\u0161t\u00e1\u0159ek AirTouch k masce N20 - L - Apnoe sp\u00e1nek","isPartOf":{"@id":"https:\/\/apnoe-spanek.cz\/#website"},"primaryImageOfPage":{"@id":"https:\/\/apnoe-spanek.cz\/produkt\/nahradni-polstarek-airtouch-k-masce-n20-l\/#primaryimage"},"image":{"@id":"https:\/\/apnoe-spanek.cz\/produkt\/nahradni-polstarek-airtouch-k-masce-n20-l\/#primaryimage"},"thumbnailUrl":"https:\/\/apnoe-spanek.cz\/wp-content\/uploads\/2025\/02\/49.jpg","datePublished":"2025-02-02T16:35:26+00:00","dateModified":"2026-02-18T11:57:18+00:00","breadcrumb":{"@id":"https:\/\/apnoe-spanek.cz\/produkt\/nahradni-polstarek-airtouch-k-masce-n20-l\/#breadcrumb"},"inLanguage":"en-GB","potentialAction":[{"@type":"ReadAction","target":["https:\/\/apnoe-spanek.cz\/produkt\/nahradni-polstarek-airtouch-k-masce-n20-l\/"]}]},{"@type":"ImageObject","inLanguage":"en-GB","@id":"https:\/\/apnoe-spanek.cz\/produkt\/nahradni-polstarek-airtouch-k-masce-n20-l\/#primaryimage","url":"https:\/\/apnoe-spanek.cz\/wp-content\/uploads\/2025\/02\/49.jpg","contentUrl":"https:\/\/apnoe-spanek.cz\/wp-content\/uploads\/2025\/02\/49.jpg","width":419,"height":418},{"@type":"BreadcrumbList","@id":"https:\/\/apnoe-spanek.cz\/produkt\/nahradni-polstarek-airtouch-k-masce-n20-l\/#breadcrumb","itemListElement":[{"@type":"ListItem","position":1,"name":"Home","item":"https:\/\/apnoe-spanek.cz\/"},{"@type":"ListItem","position":2,"name":"E-SHOP","item":"https:\/\/apnoe-spanek.cz\/shop\/"},{"@type":"ListItem","position":3,"name":"N\u00e1hradn\u00ed pol\u0161t\u00e1\u0159ek AirTouch k masce N20 &#8211; L"}]},{"@type":"WebSite","@id":"https:\/\/apnoe-spanek.cz\/#website","url":"https:\/\/apnoe-spanek.cz\/","name":"Apnoe sp\u00e1nek","description":"Nab\u00edz\u00edme v\u0161e pro Va\u0161i nejlep\u0161\u00ed a nejkvalitn\u011bj\u0161\u00ed l\u00e9\u010dbu sp\u00e1nkov\u00e9 apnoe","publisher":{"@id":"https:\/\/apnoe-spanek.cz\/#organization"},"potentialAction":[{"@type":"SearchAction","target":{"@type":"EntryPoint","urlTemplate":"https:\/\/apnoe-spanek.cz\/?s={search_term_string}"},"query-input":{"@type":"PropertyValueSpecification","valueRequired":true,"valueName":"search_term_string"}}],"inLanguage":"en-GB"},{"@type":"Organization","@id":"https:\/\/apnoe-spanek.cz\/#organization","name":"Apnoe sp\u00e1nek","url":"https:\/\/apnoe-spanek.cz\/","logo":{"@type":"ImageObject","inLanguage":"en-GB","@id":"https:\/\/apnoe-spanek.cz\/#\/schema\/logo\/image\/","url":"https:\/\/apnoe-spanek.cz\/wp-content\/uploads\/2025\/02\/cropped-icon2.jpg","contentUrl":"https:\/\/apnoe-spanek.cz\/wp-content\/uploads\/2025\/02\/cropped-icon2.jpg","width":512,"height":512,"caption":"Apnoe sp\u00e1nek"},"image":{"@id":"https:\/\/apnoe-spanek.cz\/#\/schema\/logo\/image\/"},"sameAs":["https:\/\/www.facebook.com\/apnoespanekcz\/","https:\/\/www.instagram.com\/apnoespanekcz\/"]}]}},"_links":{"self":[{"href":"https:\/\/apnoe-spanek.cz\/en\/wp-json\/wp\/v2\/product\/28336","targetHints":{"allow":["GET"]}}],"collection":[{"href":"https:\/\/apnoe-spanek.cz\/en\/wp-json\/wp\/v2\/product"}],"about":[{"href":"https:\/\/apnoe-spanek.cz\/en\/wp-json\/wp\/v2\/types\/product"}],"version-history":[{"count":4,"href":"https:\/\/apnoe-spanek.cz\/en\/wp-json\/wp\/v2\/product\/28336\/revisions"}],"predecessor-version":[{"id":30828,"href":"https:\/\/apnoe-spanek.cz\/en\/wp-json\/wp\/v2\/product\/28336\/revisions\/30828"}],"wp:featuredmedia":[{"embeddable":true,"href":"https:\/\/apnoe-spanek.cz\/en\/wp-json\/wp\/v2\/media\/28312"}],"wp:attachment":[{"href":"https:\/\/apnoe-spanek.cz\/en\/wp-json\/wp\/v2\/media?parent=28336"}],"wp:term":[{"taxonomy":"product_brand","embeddable":true,"href":"https:\/\/apnoe-spanek.cz\/en\/wp-json\/wp\/v2\/product_brand?post=28336"},{"taxonomy":"product_cat","embeddable":true,"href":"https:\/\/apnoe-spanek.cz\/en\/wp-json\/wp\/v2\/product_cat?post=28336"},{"taxonomy":"product_tag","embeddable":true,"href":"https:\/\/apnoe-spanek.cz\/en\/wp-json\/wp\/v2\/product_tag?post=28336"}],"curies":[{"name":"wp","href":"https:\/\/api.w.org\/{rel}","templated":true}]}}