{"id":28325,"date":"2025-02-19T19:40:50","date_gmt":"2025-02-19T19:40:50","guid":{"rendered":"https:\/\/apnoe-spanek.cz\/?post_type=product&#038;p=28325"},"modified":"2025-03-10T12:13:47","modified_gmt":"2025-03-10T12:13:47","slug":"nahradni-polstarek-k-masce-airfit-n20-med","status":"publish","type":"product","link":"https:\/\/apnoe-spanek.cz\/en\/product\/nahradni-polstarek-k-masce-airfit-n20-med\/","title":{"rendered":"N\u00e1hradn\u00ed pol\u0161t\u00e1\u0159ek k masce AirFit N20 &#8211; MED"},"content":{"rendered":"<p>Bez ohledu na tvar nebo velikost obli\u010deje se silikonov\u00fd pol\u0161t\u00e1\u0159ek d\u00edky jedine\u010dn\u00e9mu tvarov\u00e1n\u00ed p\u0159izp\u016fsob\u00ed va\u0161emu profilu. Pohodln\u011b se s v\u00e1mi pohybuje po celou noc a poskytuje bezpe\u010dn\u00e9 uchycen\u00ed a pohodln\u00e9 ut\u011bsn\u011bn\u00ed p\u0159izp\u016fsoben\u00e9 va\u0161im terapeutick\u00fdm pot\u0159eb\u00e1m.<\/p>","protected":false},"excerpt":{"rendered":"<p>Bez ohledu na tvar nebo velikost obli\u010deje se silikonov\u00fd pol\u0161t\u00e1\u0159ek d\u00edky jedine\u010dn\u00e9mu tvarov\u00e1n\u00ed p\u0159izp\u016fsob\u00ed va\u0161emu profilu. Pohodln\u011b se s v\u00e1mi pohybuje po celou noc a poskytuje bezpe\u010dn\u00e9 uchycen\u00ed a pohodln\u00e9 ut\u011bsn\u011bn\u00ed p\u0159izp\u016fsoben\u00e9 va\u0161im terapeutick\u00fdm pot\u0159eb\u00e1m.<\/p>","protected":false},"featured_media":28310,"template":"","meta":[],"product_brand":[],"product_cat":[32,101],"product_tag":[],"class_list":{"0":"post-28325","1":"product","2":"type-product","3":"status-publish","4":"has-post-thumbnail","6":"product_cat-nahradni-dily-k-maskam","7":"product_cat-polstarek-nosni","9":"first","10":"instock","11":"taxable","12":"shipping-taxable","13":"purchasable","14":"product-type-simple"},"yoast_head":"<!-- This site is optimized with the Yoast SEO Premium plugin v20.11 (Yoast SEO v26.8) - https:\/\/yoast.com\/product\/yoast-seo-premium-wordpress\/ -->\n<title>N\u00e1hradn\u00ed pol\u0161t\u00e1\u0159ek k masce AirFit N20 - MED - Apnoe sp\u00e1nek<\/title>\n<meta name=\"robots\" content=\"index, follow, max-snippet:-1, max-image-preview:large, max-video-preview:-1\" \/>\n<link rel=\"canonical\" href=\"https:\/\/apnoe-spanek.cz\/en\/product\/nahradni-polstarek-k-masce-airfit-n20-med\/\" \/>\n<meta property=\"og:locale\" content=\"en_GB\" \/>\n<meta property=\"og:type\" content=\"article\" \/>\n<meta property=\"og:title\" content=\"N\u00e1hradn\u00ed pol\u0161t\u00e1\u0159ek k masce AirFit N20 - MED\" \/>\n<meta property=\"og:description\" content=\"Bez ohledu na tvar nebo velikost obli\u010deje se silikonov\u00fd pol\u0161t\u00e1\u0159ek d\u00edky jedine\u010dn\u00e9mu tvarov\u00e1n\u00ed p\u0159izp\u016fsob\u00ed va\u0161emu profilu. Pohodln\u011b se s v\u00e1mi pohybuje po celou noc a poskytuje bezpe\u010dn\u00e9 uchycen\u00ed a pohodln\u00e9 ut\u011bsn\u011bn\u00ed p\u0159izp\u016fsoben\u00e9 va\u0161im terapeutick\u00fdm pot\u0159eb\u00e1m.\" \/>\n<meta property=\"og:url\" content=\"https:\/\/apnoe-spanek.cz\/en\/product\/nahradni-polstarek-k-masce-airfit-n20-med\/\" \/>\n<meta property=\"og:site_name\" content=\"Apnoe sp\u00e1nek\" \/>\n<meta property=\"article:publisher\" content=\"https:\/\/www.facebook.com\/apnoespanekcz\/\" \/>\n<meta property=\"article:modified_time\" content=\"2025-03-10T12:13:47+00:00\" \/>\n<meta property=\"og:image\" content=\"https:\/\/apnoe-spanek.cz\/wp-content\/uploads\/2025\/02\/47.jpg\" \/>\n\t<meta property=\"og:image:width\" content=\"314\" \/>\n\t<meta property=\"og:image:height\" content=\"314\" \/>\n\t<meta property=\"og:image:type\" content=\"image\/jpeg\" \/>\n<meta name=\"twitter:card\" content=\"summary_large_image\" \/>\n<script type=\"application\/ld+json\" class=\"yoast-schema-graph\">{\"@context\":\"https:\/\/schema.org\",\"@graph\":[{\"@type\":\"WebPage\",\"@id\":\"https:\/\/apnoe-spanek.cz\/produkt\/nahradni-polstarek-k-masce-airfit-n20-med\/\",\"url\":\"https:\/\/apnoe-spanek.cz\/produkt\/nahradni-polstarek-k-masce-airfit-n20-med\/\",\"name\":\"N\u00e1hradn\u00ed pol\u0161t\u00e1\u0159ek k masce AirFit N20 - MED - Apnoe sp\u00e1nek\",\"isPartOf\":{\"@id\":\"https:\/\/apnoe-spanek.cz\/#website\"},\"primaryImageOfPage\":{\"@id\":\"https:\/\/apnoe-spanek.cz\/produkt\/nahradni-polstarek-k-masce-airfit-n20-med\/#primaryimage\"},\"image\":{\"@id\":\"https:\/\/apnoe-spanek.cz\/produkt\/nahradni-polstarek-k-masce-airfit-n20-med\/#primaryimage\"},\"thumbnailUrl\":\"https:\/\/apnoe-spanek.cz\/wp-content\/uploads\/2025\/02\/47.jpg\",\"datePublished\":\"2025-02-19T19:40:50+00:00\",\"dateModified\":\"2025-03-10T12:13:47+00:00\",\"breadcrumb\":{\"@id\":\"https:\/\/apnoe-spanek.cz\/produkt\/nahradni-polstarek-k-masce-airfit-n20-med\/#breadcrumb\"},\"inLanguage\":\"en-GB\",\"potentialAction\":[{\"@type\":\"ReadAction\",\"target\":[\"https:\/\/apnoe-spanek.cz\/produkt\/nahradni-polstarek-k-masce-airfit-n20-med\/\"]}]},{\"@type\":\"ImageObject\",\"inLanguage\":\"en-GB\",\"@id\":\"https:\/\/apnoe-spanek.cz\/produkt\/nahradni-polstarek-k-masce-airfit-n20-med\/#primaryimage\",\"url\":\"https:\/\/apnoe-spanek.cz\/wp-content\/uploads\/2025\/02\/47.jpg\",\"contentUrl\":\"https:\/\/apnoe-spanek.cz\/wp-content\/uploads\/2025\/02\/47.jpg\",\"width\":314,\"height\":314},{\"@type\":\"BreadcrumbList\",\"@id\":\"https:\/\/apnoe-spanek.cz\/produkt\/nahradni-polstarek-k-masce-airfit-n20-med\/#breadcrumb\",\"itemListElement\":[{\"@type\":\"ListItem\",\"position\":1,\"name\":\"Home\",\"item\":\"https:\/\/apnoe-spanek.cz\/\"},{\"@type\":\"ListItem\",\"position\":2,\"name\":\"E-SHOP\",\"item\":\"https:\/\/apnoe-spanek.cz\/shop\/\"},{\"@type\":\"ListItem\",\"position\":3,\"name\":\"N\u00e1hradn\u00ed pol\u0161t\u00e1\u0159ek k masce AirFit N20 &#8211; MED\"}]},{\"@type\":\"WebSite\",\"@id\":\"https:\/\/apnoe-spanek.cz\/#website\",\"url\":\"https:\/\/apnoe-spanek.cz\/\",\"name\":\"Apnoe sp\u00e1nek\",\"description\":\"Nab\u00edz\u00edme v\u0161e pro Va\u0161i nejlep\u0161\u00ed a nejkvalitn\u011bj\u0161\u00ed l\u00e9\u010dbu sp\u00e1nkov\u00e9 apnoe\",\"publisher\":{\"@id\":\"https:\/\/apnoe-spanek.cz\/#organization\"},\"potentialAction\":[{\"@type\":\"SearchAction\",\"target\":{\"@type\":\"EntryPoint\",\"urlTemplate\":\"https:\/\/apnoe-spanek.cz\/?s={search_term_string}\"},\"query-input\":{\"@type\":\"PropertyValueSpecification\",\"valueRequired\":true,\"valueName\":\"search_term_string\"}}],\"inLanguage\":\"en-GB\"},{\"@type\":\"Organization\",\"@id\":\"https:\/\/apnoe-spanek.cz\/#organization\",\"name\":\"Apnoe sp\u00e1nek\",\"url\":\"https:\/\/apnoe-spanek.cz\/\",\"logo\":{\"@type\":\"ImageObject\",\"inLanguage\":\"en-GB\",\"@id\":\"https:\/\/apnoe-spanek.cz\/#\/schema\/logo\/image\/\",\"url\":\"https:\/\/apnoe-spanek.cz\/wp-content\/uploads\/2025\/02\/cropped-icon2.jpg\",\"contentUrl\":\"https:\/\/apnoe-spanek.cz\/wp-content\/uploads\/2025\/02\/cropped-icon2.jpg\",\"width\":512,\"height\":512,\"caption\":\"Apnoe sp\u00e1nek\"},\"image\":{\"@id\":\"https:\/\/apnoe-spanek.cz\/#\/schema\/logo\/image\/\"},\"sameAs\":[\"https:\/\/www.facebook.com\/apnoespanekcz\/\",\"https:\/\/www.instagram.com\/apnoespanekcz\/\"]}]}<\/script>\n<!-- \/ Yoast SEO Premium plugin. -->","yoast_head_json":{"title":"N\u00e1hradn\u00ed pol\u0161t\u00e1\u0159ek k masce AirFit N20 - MED - Apnoe sp\u00e1nek","robots":{"index":"index","follow":"follow","max-snippet":"max-snippet:-1","max-image-preview":"max-image-preview:large","max-video-preview":"max-video-preview:-1"},"canonical":"https:\/\/apnoe-spanek.cz\/en\/product\/nahradni-polstarek-k-masce-airfit-n20-med\/","og_locale":"en_GB","og_type":"article","og_title":"N\u00e1hradn\u00ed pol\u0161t\u00e1\u0159ek k masce AirFit N20 - MED","og_description":"Bez ohledu na tvar nebo velikost obli\u010deje se silikonov\u00fd pol\u0161t\u00e1\u0159ek d\u00edky jedine\u010dn\u00e9mu tvarov\u00e1n\u00ed p\u0159izp\u016fsob\u00ed va\u0161emu profilu. Pohodln\u011b se s v\u00e1mi pohybuje po celou noc a poskytuje bezpe\u010dn\u00e9 uchycen\u00ed a pohodln\u00e9 ut\u011bsn\u011bn\u00ed p\u0159izp\u016fsoben\u00e9 va\u0161im terapeutick\u00fdm pot\u0159eb\u00e1m.","og_url":"https:\/\/apnoe-spanek.cz\/en\/product\/nahradni-polstarek-k-masce-airfit-n20-med\/","og_site_name":"Apnoe sp\u00e1nek","article_publisher":"https:\/\/www.facebook.com\/apnoespanekcz\/","article_modified_time":"2025-03-10T12:13:47+00:00","og_image":[{"width":314,"height":314,"url":"https:\/\/apnoe-spanek.cz\/wp-content\/uploads\/2025\/02\/47.jpg","type":"image\/jpeg"}],"twitter_card":"summary_large_image","schema":{"@context":"https:\/\/schema.org","@graph":[{"@type":"WebPage","@id":"https:\/\/apnoe-spanek.cz\/produkt\/nahradni-polstarek-k-masce-airfit-n20-med\/","url":"https:\/\/apnoe-spanek.cz\/produkt\/nahradni-polstarek-k-masce-airfit-n20-med\/","name":"N\u00e1hradn\u00ed pol\u0161t\u00e1\u0159ek k masce AirFit N20 - MED - Apnoe sp\u00e1nek","isPartOf":{"@id":"https:\/\/apnoe-spanek.cz\/#website"},"primaryImageOfPage":{"@id":"https:\/\/apnoe-spanek.cz\/produkt\/nahradni-polstarek-k-masce-airfit-n20-med\/#primaryimage"},"image":{"@id":"https:\/\/apnoe-spanek.cz\/produkt\/nahradni-polstarek-k-masce-airfit-n20-med\/#primaryimage"},"thumbnailUrl":"https:\/\/apnoe-spanek.cz\/wp-content\/uploads\/2025\/02\/47.jpg","datePublished":"2025-02-19T19:40:50+00:00","dateModified":"2025-03-10T12:13:47+00:00","breadcrumb":{"@id":"https:\/\/apnoe-spanek.cz\/produkt\/nahradni-polstarek-k-masce-airfit-n20-med\/#breadcrumb"},"inLanguage":"en-GB","potentialAction":[{"@type":"ReadAction","target":["https:\/\/apnoe-spanek.cz\/produkt\/nahradni-polstarek-k-masce-airfit-n20-med\/"]}]},{"@type":"ImageObject","inLanguage":"en-GB","@id":"https:\/\/apnoe-spanek.cz\/produkt\/nahradni-polstarek-k-masce-airfit-n20-med\/#primaryimage","url":"https:\/\/apnoe-spanek.cz\/wp-content\/uploads\/2025\/02\/47.jpg","contentUrl":"https:\/\/apnoe-spanek.cz\/wp-content\/uploads\/2025\/02\/47.jpg","width":314,"height":314},{"@type":"BreadcrumbList","@id":"https:\/\/apnoe-spanek.cz\/produkt\/nahradni-polstarek-k-masce-airfit-n20-med\/#breadcrumb","itemListElement":[{"@type":"ListItem","position":1,"name":"Home","item":"https:\/\/apnoe-spanek.cz\/"},{"@type":"ListItem","position":2,"name":"E-SHOP","item":"https:\/\/apnoe-spanek.cz\/shop\/"},{"@type":"ListItem","position":3,"name":"N\u00e1hradn\u00ed pol\u0161t\u00e1\u0159ek k masce AirFit N20 &#8211; MED"}]},{"@type":"WebSite","@id":"https:\/\/apnoe-spanek.cz\/#website","url":"https:\/\/apnoe-spanek.cz\/","name":"Apnoe sp\u00e1nek","description":"Nab\u00edz\u00edme v\u0161e pro Va\u0161i nejlep\u0161\u00ed a nejkvalitn\u011bj\u0161\u00ed l\u00e9\u010dbu sp\u00e1nkov\u00e9 apnoe","publisher":{"@id":"https:\/\/apnoe-spanek.cz\/#organization"},"potentialAction":[{"@type":"SearchAction","target":{"@type":"EntryPoint","urlTemplate":"https:\/\/apnoe-spanek.cz\/?s={search_term_string}"},"query-input":{"@type":"PropertyValueSpecification","valueRequired":true,"valueName":"search_term_string"}}],"inLanguage":"en-GB"},{"@type":"Organization","@id":"https:\/\/apnoe-spanek.cz\/#organization","name":"Apnoe sp\u00e1nek","url":"https:\/\/apnoe-spanek.cz\/","logo":{"@type":"ImageObject","inLanguage":"en-GB","@id":"https:\/\/apnoe-spanek.cz\/#\/schema\/logo\/image\/","url":"https:\/\/apnoe-spanek.cz\/wp-content\/uploads\/2025\/02\/cropped-icon2.jpg","contentUrl":"https:\/\/apnoe-spanek.cz\/wp-content\/uploads\/2025\/02\/cropped-icon2.jpg","width":512,"height":512,"caption":"Apnoe sp\u00e1nek"},"image":{"@id":"https:\/\/apnoe-spanek.cz\/#\/schema\/logo\/image\/"},"sameAs":["https:\/\/www.facebook.com\/apnoespanekcz\/","https:\/\/www.instagram.com\/apnoespanekcz\/"]}]}},"_links":{"self":[{"href":"https:\/\/apnoe-spanek.cz\/en\/wp-json\/wp\/v2\/product\/28325","targetHints":{"allow":["GET"]}}],"collection":[{"href":"https:\/\/apnoe-spanek.cz\/en\/wp-json\/wp\/v2\/product"}],"about":[{"href":"https:\/\/apnoe-spanek.cz\/en\/wp-json\/wp\/v2\/types\/product"}],"version-history":[{"count":1,"href":"https:\/\/apnoe-spanek.cz\/en\/wp-json\/wp\/v2\/product\/28325\/revisions"}],"predecessor-version":[{"id":28326,"href":"https:\/\/apnoe-spanek.cz\/en\/wp-json\/wp\/v2\/product\/28325\/revisions\/28326"}],"wp:featuredmedia":[{"embeddable":true,"href":"https:\/\/apnoe-spanek.cz\/en\/wp-json\/wp\/v2\/media\/28310"}],"wp:attachment":[{"href":"https:\/\/apnoe-spanek.cz\/en\/wp-json\/wp\/v2\/media?parent=28325"}],"wp:term":[{"taxonomy":"product_brand","embeddable":true,"href":"https:\/\/apnoe-spanek.cz\/en\/wp-json\/wp\/v2\/product_brand?post=28325"},{"taxonomy":"product_cat","embeddable":true,"href":"https:\/\/apnoe-spanek.cz\/en\/wp-json\/wp\/v2\/product_cat?post=28325"},{"taxonomy":"product_tag","embeddable":true,"href":"https:\/\/apnoe-spanek.cz\/en\/wp-json\/wp\/v2\/product_tag?post=28325"}],"curies":[{"name":"wp","href":"https:\/\/api.w.org\/{rel}","templated":true}]}}