{"id":28256,"date":"2025-02-02T13:23:49","date_gmt":"2025-02-02T13:23:49","guid":{"rendered":"https:\/\/apnoe-spanek.cz\/?post_type=product&#038;p=28256"},"modified":"2025-03-10T12:20:32","modified_gmt":"2025-03-10T12:20:32","slug":"celooblicejova-maska-airfit-f40-l-std","status":"publish","type":"product","link":"https:\/\/apnoe-spanek.cz\/en\/product\/celooblicejova-maska-airfit-f40-l-std\/","title":{"rendered":"Celoobli\u010dejov\u00e1 maska AirFit F40 &#8211; L \/ STD"},"content":{"rendered":"<p>AirFit F40 je celoobli\u010dejov\u00e1 maska obsahuje m\u011bkk\u00e9 silikonov\u00e9 pol\u0161t\u00e1\u0159ky AdaptiSeal\u2122, kter\u00e9 se p\u0159izp\u016fsobuj\u00ed tvaru obli\u010deje a zaji\u0161\u0165uj\u00ed \u00fa\u010dinn\u00e9 ut\u011bsn\u011bn\u00ed po celou noc. D\u00edky magnetick\u00fdm spon\u00e1m se maska snadno nasazuje a sund\u00e1v\u00e1. Design masky umo\u017e\u0148uje no\u0161en\u00ed br\u00fdl\u00ed a d\u00e1le tak\u00e9 pohodln\u00fd sp\u00e1nek na boku, zaji\u0161\u0165uje tich\u00fd provoz, co\u017e p\u0159isp\u00edv\u00e1 k neru\u0161en\u00e9mu sp\u00e1nku. Maska se snadno udr\u017euje a \u010dist\u00ed. Pro zaji\u0161t\u011bn\u00ed optim\u00e1ln\u00edho p\u0159izp\u016fsoben\u00ed je maska dostupn\u00e1 v n\u011bkolika velikostech.<\/p>","protected":false},"excerpt":{"rendered":"<p>AirFit F40 je celoobli\u010dejov\u00e1 maska obsahuje m\u011bkk\u00e9 silikonov\u00e9 pol\u0161t\u00e1\u0159ky AdaptiSeal\u2122, kter\u00e9 se p\u0159izp\u016fsobuj\u00ed tvaru obli\u010deje a zaji\u0161\u0165uj\u00ed \u00fa\u010dinn\u00e9 ut\u011bsn\u011bn\u00ed po celou noc. D\u00edky magnetick\u00fdm spon\u00e1m se maska snadno nasazuje a sund\u00e1v\u00e1. Design masky umo\u017e\u0148uje no\u0161en\u00ed br\u00fdl\u00ed a d\u00e1le tak\u00e9 pohodln\u00fd sp\u00e1nek na boku, zaji\u0161\u0165uje tich\u00fd provoz, co\u017e p\u0159isp\u00edv\u00e1 k neru\u0161en\u00e9mu sp\u00e1nku. Maska se snadno udr\u017euje a \u010dist\u00ed. Pro zaji\u0161t\u011bn\u00ed optim\u00e1ln\u00edho p\u0159izp\u016fsoben\u00ed je maska dostupn\u00e1 v n\u011bkolika velikostech.<\/p>","protected":false},"featured_media":28248,"template":"","meta":[],"product_brand":[],"product_cat":[88,29],"product_tag":[],"class_list":{"0":"post-28256","1":"product","2":"type-product","3":"status-publish","4":"has-post-thumbnail","6":"product_cat-airfit-f40","7":"product_cat-masky-celooblicejove","9":"first","10":"instock","11":"taxable","12":"shipping-taxable","13":"purchasable","14":"product-type-simple"},"yoast_head":"<!-- This site is optimized with the Yoast SEO Premium plugin v20.11 (Yoast SEO v27.4) - https:\/\/yoast.com\/product\/yoast-seo-premium-wordpress\/ -->\n<title>Celoobli\u010dejov\u00e1 maska AirFit F40 - L \/ STD - Apnoe sp\u00e1nek<\/title>\n<meta name=\"robots\" content=\"index, follow, max-snippet:-1, max-image-preview:large, max-video-preview:-1\" \/>\n<link rel=\"canonical\" href=\"https:\/\/apnoe-spanek.cz\/en\/product\/celooblicejova-maska-airfit-f40-l-std\/\" \/>\n<meta property=\"og:locale\" content=\"en_GB\" \/>\n<meta property=\"og:type\" content=\"article\" \/>\n<meta property=\"og:title\" content=\"Celoobli\u010dejov\u00e1 maska AirFit F40 - L \/ STD\" \/>\n<meta property=\"og:description\" content=\"AirFit F40 je celoobli\u010dejov\u00e1 maska obsahuje m\u011bkk\u00e9 silikonov\u00e9 pol\u0161t\u00e1\u0159ky AdaptiSeal\u2122, kter\u00e9 se p\u0159izp\u016fsobuj\u00ed tvaru obli\u010deje a zaji\u0161\u0165uj\u00ed \u00fa\u010dinn\u00e9 ut\u011bsn\u011bn\u00ed po celou noc. D\u00edky magnetick\u00fdm spon\u00e1m se maska snadno nasazuje a sund\u00e1v\u00e1. Design masky umo\u017e\u0148uje no\u0161en\u00ed br\u00fdl\u00ed a d\u00e1le tak\u00e9 pohodln\u00fd sp\u00e1nek na boku, zaji\u0161\u0165uje tich\u00fd provoz, co\u017e p\u0159isp\u00edv\u00e1 k neru\u0161en\u00e9mu sp\u00e1nku. Maska se snadno udr\u017euje a \u010dist\u00ed. Pro zaji\u0161t\u011bn\u00ed optim\u00e1ln\u00edho p\u0159izp\u016fsoben\u00ed je maska dostupn\u00e1 v n\u011bkolika velikostech.\" \/>\n<meta property=\"og:url\" content=\"https:\/\/apnoe-spanek.cz\/en\/product\/celooblicejova-maska-airfit-f40-l-std\/\" \/>\n<meta property=\"og:site_name\" content=\"Apnoe sp\u00e1nek\" \/>\n<meta property=\"article:publisher\" content=\"https:\/\/www.facebook.com\/apnoespanekcz\/\" \/>\n<meta property=\"article:modified_time\" content=\"2025-03-10T12:20:32+00:00\" \/>\n<meta property=\"og:image\" content=\"https:\/\/apnoe-spanek.cz\/wp-content\/uploads\/2025\/02\/28.png\" \/>\n\t<meta property=\"og:image:width\" content=\"419\" \/>\n\t<meta property=\"og:image:height\" content=\"418\" \/>\n\t<meta property=\"og:image:type\" content=\"image\/png\" \/>\n<meta name=\"twitter:card\" content=\"summary_large_image\" \/>\n<meta name=\"twitter:label1\" content=\"Estimated reading time\" \/>\n\t<meta name=\"twitter:data1\" content=\"1 minute\" \/>\n<script type=\"application\/ld+json\" class=\"yoast-schema-graph\">{\"@context\":\"https:\\\/\\\/schema.org\",\"@graph\":[{\"@type\":\"WebPage\",\"@id\":\"https:\\\/\\\/apnoe-spanek.cz\\\/produkt\\\/celooblicejova-maska-airfit-f40-l-std\\\/\",\"url\":\"https:\\\/\\\/apnoe-spanek.cz\\\/produkt\\\/celooblicejova-maska-airfit-f40-l-std\\\/\",\"name\":\"Celoobli\u010dejov\u00e1 maska AirFit F40 - L \\\/ STD - Apnoe sp\u00e1nek\",\"isPartOf\":{\"@id\":\"https:\\\/\\\/apnoe-spanek.cz\\\/#website\"},\"primaryImageOfPage\":{\"@id\":\"https:\\\/\\\/apnoe-spanek.cz\\\/produkt\\\/celooblicejova-maska-airfit-f40-l-std\\\/#primaryimage\"},\"image\":{\"@id\":\"https:\\\/\\\/apnoe-spanek.cz\\\/produkt\\\/celooblicejova-maska-airfit-f40-l-std\\\/#primaryimage\"},\"thumbnailUrl\":\"https:\\\/\\\/apnoe-spanek.cz\\\/wp-content\\\/uploads\\\/2025\\\/02\\\/28.png\",\"datePublished\":\"2025-02-02T13:23:49+00:00\",\"dateModified\":\"2025-03-10T12:20:32+00:00\",\"breadcrumb\":{\"@id\":\"https:\\\/\\\/apnoe-spanek.cz\\\/produkt\\\/celooblicejova-maska-airfit-f40-l-std\\\/#breadcrumb\"},\"inLanguage\":\"en-GB\",\"potentialAction\":[{\"@type\":\"ReadAction\",\"target\":[\"https:\\\/\\\/apnoe-spanek.cz\\\/produkt\\\/celooblicejova-maska-airfit-f40-l-std\\\/\"]}]},{\"@type\":\"ImageObject\",\"inLanguage\":\"en-GB\",\"@id\":\"https:\\\/\\\/apnoe-spanek.cz\\\/produkt\\\/celooblicejova-maska-airfit-f40-l-std\\\/#primaryimage\",\"url\":\"https:\\\/\\\/apnoe-spanek.cz\\\/wp-content\\\/uploads\\\/2025\\\/02\\\/28.png\",\"contentUrl\":\"https:\\\/\\\/apnoe-spanek.cz\\\/wp-content\\\/uploads\\\/2025\\\/02\\\/28.png\",\"width\":419,\"height\":418},{\"@type\":\"BreadcrumbList\",\"@id\":\"https:\\\/\\\/apnoe-spanek.cz\\\/produkt\\\/celooblicejova-maska-airfit-f40-l-std\\\/#breadcrumb\",\"itemListElement\":[{\"@type\":\"ListItem\",\"position\":1,\"name\":\"Home\",\"item\":\"https:\\\/\\\/apnoe-spanek.cz\\\/\"},{\"@type\":\"ListItem\",\"position\":2,\"name\":\"E-SHOP\",\"item\":\"https:\\\/\\\/apnoe-spanek.cz\\\/shop\\\/\"},{\"@type\":\"ListItem\",\"position\":3,\"name\":\"Celoobli\u010dejov\u00e1 maska AirFit F40 &#8211; L \\\/ STD\"}]},{\"@type\":\"WebSite\",\"@id\":\"https:\\\/\\\/apnoe-spanek.cz\\\/#website\",\"url\":\"https:\\\/\\\/apnoe-spanek.cz\\\/\",\"name\":\"Apnoe sp\u00e1nek\",\"description\":\"Nab\u00edz\u00edme v\u0161e pro Va\u0161i nejlep\u0161\u00ed a nejkvalitn\u011bj\u0161\u00ed l\u00e9\u010dbu sp\u00e1nkov\u00e9 apnoe\",\"publisher\":{\"@id\":\"https:\\\/\\\/apnoe-spanek.cz\\\/#organization\"},\"potentialAction\":[{\"@type\":\"SearchAction\",\"target\":{\"@type\":\"EntryPoint\",\"urlTemplate\":\"https:\\\/\\\/apnoe-spanek.cz\\\/?s={search_term_string}\"},\"query-input\":{\"@type\":\"PropertyValueSpecification\",\"valueRequired\":true,\"valueName\":\"search_term_string\"}}],\"inLanguage\":\"en-GB\"},{\"@type\":\"Organization\",\"@id\":\"https:\\\/\\\/apnoe-spanek.cz\\\/#organization\",\"name\":\"Apnoe sp\u00e1nek\",\"url\":\"https:\\\/\\\/apnoe-spanek.cz\\\/\",\"logo\":{\"@type\":\"ImageObject\",\"inLanguage\":\"en-GB\",\"@id\":\"https:\\\/\\\/apnoe-spanek.cz\\\/#\\\/schema\\\/logo\\\/image\\\/\",\"url\":\"https:\\\/\\\/apnoe-spanek.cz\\\/wp-content\\\/uploads\\\/2025\\\/02\\\/cropped-icon2.jpg\",\"contentUrl\":\"https:\\\/\\\/apnoe-spanek.cz\\\/wp-content\\\/uploads\\\/2025\\\/02\\\/cropped-icon2.jpg\",\"width\":512,\"height\":512,\"caption\":\"Apnoe sp\u00e1nek\"},\"image\":{\"@id\":\"https:\\\/\\\/apnoe-spanek.cz\\\/#\\\/schema\\\/logo\\\/image\\\/\"},\"sameAs\":[\"https:\\\/\\\/www.facebook.com\\\/apnoespanekcz\\\/\",\"https:\\\/\\\/www.instagram.com\\\/apnoespanekcz\\\/\"]}]}<\/script>\n<!-- \/ Yoast SEO Premium plugin. -->","yoast_head_json":{"title":"Celoobli\u010dejov\u00e1 maska AirFit F40 - L \/ STD - Apnoe sp\u00e1nek","robots":{"index":"index","follow":"follow","max-snippet":"max-snippet:-1","max-image-preview":"max-image-preview:large","max-video-preview":"max-video-preview:-1"},"canonical":"https:\/\/apnoe-spanek.cz\/en\/product\/celooblicejova-maska-airfit-f40-l-std\/","og_locale":"en_GB","og_type":"article","og_title":"Celoobli\u010dejov\u00e1 maska AirFit F40 - L \/ STD","og_description":"AirFit F40 je celoobli\u010dejov\u00e1 maska obsahuje m\u011bkk\u00e9 silikonov\u00e9 pol\u0161t\u00e1\u0159ky AdaptiSeal\u2122, kter\u00e9 se p\u0159izp\u016fsobuj\u00ed tvaru obli\u010deje a zaji\u0161\u0165uj\u00ed \u00fa\u010dinn\u00e9 ut\u011bsn\u011bn\u00ed po celou noc. D\u00edky magnetick\u00fdm spon\u00e1m se maska snadno nasazuje a sund\u00e1v\u00e1. Design masky umo\u017e\u0148uje no\u0161en\u00ed br\u00fdl\u00ed a d\u00e1le tak\u00e9 pohodln\u00fd sp\u00e1nek na boku, zaji\u0161\u0165uje tich\u00fd provoz, co\u017e p\u0159isp\u00edv\u00e1 k neru\u0161en\u00e9mu sp\u00e1nku. Maska se snadno udr\u017euje a \u010dist\u00ed. Pro zaji\u0161t\u011bn\u00ed optim\u00e1ln\u00edho p\u0159izp\u016fsoben\u00ed je maska dostupn\u00e1 v n\u011bkolika velikostech.","og_url":"https:\/\/apnoe-spanek.cz\/en\/product\/celooblicejova-maska-airfit-f40-l-std\/","og_site_name":"Apnoe sp\u00e1nek","article_publisher":"https:\/\/www.facebook.com\/apnoespanekcz\/","article_modified_time":"2025-03-10T12:20:32+00:00","og_image":[{"width":419,"height":418,"url":"https:\/\/apnoe-spanek.cz\/wp-content\/uploads\/2025\/02\/28.png","type":"image\/png"}],"twitter_card":"summary_large_image","twitter_misc":{"Estimated reading time":"1 minute"},"schema":{"@context":"https:\/\/schema.org","@graph":[{"@type":"WebPage","@id":"https:\/\/apnoe-spanek.cz\/produkt\/celooblicejova-maska-airfit-f40-l-std\/","url":"https:\/\/apnoe-spanek.cz\/produkt\/celooblicejova-maska-airfit-f40-l-std\/","name":"Celoobli\u010dejov\u00e1 maska AirFit F40 - L \/ STD - Apnoe sp\u00e1nek","isPartOf":{"@id":"https:\/\/apnoe-spanek.cz\/#website"},"primaryImageOfPage":{"@id":"https:\/\/apnoe-spanek.cz\/produkt\/celooblicejova-maska-airfit-f40-l-std\/#primaryimage"},"image":{"@id":"https:\/\/apnoe-spanek.cz\/produkt\/celooblicejova-maska-airfit-f40-l-std\/#primaryimage"},"thumbnailUrl":"https:\/\/apnoe-spanek.cz\/wp-content\/uploads\/2025\/02\/28.png","datePublished":"2025-02-02T13:23:49+00:00","dateModified":"2025-03-10T12:20:32+00:00","breadcrumb":{"@id":"https:\/\/apnoe-spanek.cz\/produkt\/celooblicejova-maska-airfit-f40-l-std\/#breadcrumb"},"inLanguage":"en-GB","potentialAction":[{"@type":"ReadAction","target":["https:\/\/apnoe-spanek.cz\/produkt\/celooblicejova-maska-airfit-f40-l-std\/"]}]},{"@type":"ImageObject","inLanguage":"en-GB","@id":"https:\/\/apnoe-spanek.cz\/produkt\/celooblicejova-maska-airfit-f40-l-std\/#primaryimage","url":"https:\/\/apnoe-spanek.cz\/wp-content\/uploads\/2025\/02\/28.png","contentUrl":"https:\/\/apnoe-spanek.cz\/wp-content\/uploads\/2025\/02\/28.png","width":419,"height":418},{"@type":"BreadcrumbList","@id":"https:\/\/apnoe-spanek.cz\/produkt\/celooblicejova-maska-airfit-f40-l-std\/#breadcrumb","itemListElement":[{"@type":"ListItem","position":1,"name":"Home","item":"https:\/\/apnoe-spanek.cz\/"},{"@type":"ListItem","position":2,"name":"E-SHOP","item":"https:\/\/apnoe-spanek.cz\/shop\/"},{"@type":"ListItem","position":3,"name":"Celoobli\u010dejov\u00e1 maska AirFit F40 &#8211; L \/ STD"}]},{"@type":"WebSite","@id":"https:\/\/apnoe-spanek.cz\/#website","url":"https:\/\/apnoe-spanek.cz\/","name":"Apnoe sp\u00e1nek","description":"Nab\u00edz\u00edme v\u0161e pro Va\u0161i nejlep\u0161\u00ed a nejkvalitn\u011bj\u0161\u00ed l\u00e9\u010dbu sp\u00e1nkov\u00e9 apnoe","publisher":{"@id":"https:\/\/apnoe-spanek.cz\/#organization"},"potentialAction":[{"@type":"SearchAction","target":{"@type":"EntryPoint","urlTemplate":"https:\/\/apnoe-spanek.cz\/?s={search_term_string}"},"query-input":{"@type":"PropertyValueSpecification","valueRequired":true,"valueName":"search_term_string"}}],"inLanguage":"en-GB"},{"@type":"Organization","@id":"https:\/\/apnoe-spanek.cz\/#organization","name":"Apnoe sp\u00e1nek","url":"https:\/\/apnoe-spanek.cz\/","logo":{"@type":"ImageObject","inLanguage":"en-GB","@id":"https:\/\/apnoe-spanek.cz\/#\/schema\/logo\/image\/","url":"https:\/\/apnoe-spanek.cz\/wp-content\/uploads\/2025\/02\/cropped-icon2.jpg","contentUrl":"https:\/\/apnoe-spanek.cz\/wp-content\/uploads\/2025\/02\/cropped-icon2.jpg","width":512,"height":512,"caption":"Apnoe sp\u00e1nek"},"image":{"@id":"https:\/\/apnoe-spanek.cz\/#\/schema\/logo\/image\/"},"sameAs":["https:\/\/www.facebook.com\/apnoespanekcz\/","https:\/\/www.instagram.com\/apnoespanekcz\/"]}]}},"_links":{"self":[{"href":"https:\/\/apnoe-spanek.cz\/en\/wp-json\/wp\/v2\/product\/28256","targetHints":{"allow":["GET"]}}],"collection":[{"href":"https:\/\/apnoe-spanek.cz\/en\/wp-json\/wp\/v2\/product"}],"about":[{"href":"https:\/\/apnoe-spanek.cz\/en\/wp-json\/wp\/v2\/types\/product"}],"version-history":[{"count":1,"href":"https:\/\/apnoe-spanek.cz\/en\/wp-json\/wp\/v2\/product\/28256\/revisions"}],"predecessor-version":[{"id":28257,"href":"https:\/\/apnoe-spanek.cz\/en\/wp-json\/wp\/v2\/product\/28256\/revisions\/28257"}],"wp:featuredmedia":[{"embeddable":true,"href":"https:\/\/apnoe-spanek.cz\/en\/wp-json\/wp\/v2\/media\/28248"}],"wp:attachment":[{"href":"https:\/\/apnoe-spanek.cz\/en\/wp-json\/wp\/v2\/media?parent=28256"}],"wp:term":[{"taxonomy":"product_brand","embeddable":true,"href":"https:\/\/apnoe-spanek.cz\/en\/wp-json\/wp\/v2\/product_brand?post=28256"},{"taxonomy":"product_cat","embeddable":true,"href":"https:\/\/apnoe-spanek.cz\/en\/wp-json\/wp\/v2\/product_cat?post=28256"},{"taxonomy":"product_tag","embeddable":true,"href":"https:\/\/apnoe-spanek.cz\/en\/wp-json\/wp\/v2\/product_tag?post=28256"}],"curies":[{"name":"wp","href":"https:\/\/api.w.org\/{rel}","templated":true}]}}