{"id":31268,"date":"2026-04-24T09:21:51","date_gmt":"2026-04-24T09:21:51","guid":{"rendered":"https:\/\/apnoe-spanek.cz\/?page_id=31268"},"modified":"2026-04-27T11:47:18","modified_gmt":"2026-04-27T11:47:18","slug":"ke-stazeni","status":"publish","type":"page","link":"https:\/\/apnoe-spanek.cz\/en\/ke-stazeni\/","title":{"rendered":"Ke sta\u017een\u00ed"},"content":{"rendered":"<div data-elementor-type=\"wp-page\" data-elementor-id=\"31268\" class=\"elementor elementor-31268\">\n\t\t\t\t<div class=\"wd-negative-gap elementor-element elementor-element-c4862c6 e-flex e-con-boxed e-con e-parent\" data-id=\"c4862c6\" data-element_type=\"container\" data-e-type=\"container\">\n\t\t\t\t\t<div class=\"e-con-inner\">\n\t\t\t\t<div class=\"elementor-element elementor-element-83daa58 elementor-widget elementor-widget-wd_text_block\" data-id=\"83daa58\" data-element_type=\"widget\" data-e-type=\"widget\" data-widget_type=\"wd_text_block.default\">\n\t\t\t\t<div class=\"elementor-widget-container\">\n\t\t\t\t\t\t\t<div class=\"wd-text-block reset-last-child text-left\">\n\t\t\t\n\t\t\t<h1><strong>KE STA\u017dEN\u00cd<\/strong><\/h1>\n\t\t\t\t\t<\/div>\n\t\t\t\t\t\t<\/div>\n\t\t\t\t<\/div>\n\t\t\t\t<div class=\"elementor-element elementor-element-78e4eaf elementor-widget elementor-widget-spacer\" data-id=\"78e4eaf\" data-element_type=\"widget\" data-e-type=\"widget\" data-widget_type=\"spacer.default\">\n\t\t\t\t<div class=\"elementor-widget-container\">\n\t\t\t\t\t\t\t<div class=\"elementor-spacer\">\n\t\t\t<div class=\"elementor-spacer-inner\"><\/div>\n\t\t<\/div>\n\t\t\t\t\t\t<\/div>\n\t\t\t\t<\/div>\n\t\t\t\t\t<\/div>\n\t\t\t\t<\/div>\n\t\t<div class=\"wd-negative-gap elementor-element elementor-element-4a559e1 e-flex e-con-boxed e-con e-parent\" data-id=\"4a559e1\" data-element_type=\"container\" data-e-type=\"container\">\n\t\t\t\t\t<div class=\"e-con-inner\">\n\t\t\t\t<div class=\"elementor-element elementor-element-a26de30 color-scheme-inherit text-left elementor-widget elementor-widget-text-editor\" data-id=\"a26de30\" data-element_type=\"widget\" data-e-type=\"widget\" data-widget_type=\"text-editor.default\">\n\t\t\t\t<div class=\"elementor-widget-container\">\n\t\t\t\t\t\t\t\t\t<blockquote><ul><li><p><strong><a href=\"https:\/\/apnoe-spanek.cz\/wp-content\/uploads\/2026\/04\/Jak-cistit-vas-pristroj.pdf\">Jak \u010distit v\u00e1\u0161 p\u0159\u00edstroj<\/a> <\/strong><\/p><\/li><li><p><strong><a href=\"https:\/\/apnoe-spanek.cz\/wp-content\/uploads\/2026\/04\/Navod-na-mereni-Polstarek-Ram-AirFit-F30i.pdf\">Navod na mereni &#8211; Polstarek + Ram AirFit F30i<\/a> <\/strong><\/p><\/li><li><p><strong><a href=\"https:\/\/apnoe-spanek.cz\/wp-content\/uploads\/2026\/04\/Navod-na-mereni-Polstarek-AirFit-F20.pdf\">Navod na mereni &#8211; Polstarek AirFit F20<\/a> <\/strong><\/p><\/li><li><p><strong><a href=\"https:\/\/apnoe-spanek.cz\/wp-content\/uploads\/2026\/04\/Navod-na-mereni-Polstarek-AirFit-F40.pdf\">Navod na mereni &#8211; Polstarek AirFit F40<\/a><\/strong><\/p><\/li><li><p><strong><a href=\"https:\/\/apnoe-spanek.cz\/wp-content\/uploads\/2026\/04\/Navod-na-mereni-Polstarek-AirFit-N20.pdf\">Navod na mereni &#8211; Polstarek AirFit N20<\/a> <\/strong><\/p><\/li><li><p><strong><a href=\"https:\/\/apnoe-spanek.cz\/wp-content\/uploads\/2026\/04\/Navod-na-mereni-Polstarek-AirTouch-F20.pdf\">Navod na mereni &#8211; Polstarek AirTouch F20<\/a> <\/strong><\/p><\/li><li><p><strong><a href=\"https:\/\/apnoe-spanek.cz\/wp-content\/uploads\/2026\/04\/Navod-na-mereni-Polstarek-AirTouch-N20-AirFit-N20.pdf\">Navod na mereni &#8211; Polstarek AirTouch N20, AirFit N20<\/a> <\/strong><\/p><\/li><li><p><strong><a href=\"https:\/\/apnoe-spanek.cz\/wp-content\/uploads\/2026\/04\/Navod-na-mereni-Polstarek-AirTouch-N30i.pdf\">Navod na mereni &#8211; Polstarek AirTouch N30i<\/a> <\/strong><\/p><\/li><li><p><strong><a href=\"https:\/\/apnoe-spanek.cz\/wp-content\/uploads\/2026\/04\/Navod-na-mereni-Ram-AirTouch-N30i-AirFit-N30i-AirFit-P30i.pdf\">Navod na mereni &#8211; Ram AirTouch N30i, AirFit N30i, AirFit P30i<\/a><\/strong><\/p><\/li><li><a href=\"https:\/\/apnoe-spanek.cz\/wp-content\/uploads\/2026\/04\/Cenik-doplatky.pdf\"><strong>Cen\u00edk &#8211; doplatky<\/strong><\/a><\/li><li><strong><a href=\"https:\/\/apnoe-spanek.cz\/wp-content\/uploads\/2026\/04\/Letak_1.pdf\">Apnoe sp\u00e1nek &#8211; Let\u00e1k 1<\/a> <\/strong><\/li><li><strong><a href=\"https:\/\/apnoe-spanek.cz\/wp-content\/uploads\/2026\/04\/Letak_2.pdf\">Apnoe sp\u00e1nek &#8211; Let\u00e1k 2<\/a><\/strong><\/li><\/ul><\/blockquote>\t\t\t\t\t\t\t\t<\/div>\n\t\t\t\t<\/div>\n\t\t\t\t\t<\/div>\n\t\t\t\t<\/div>\n\t\t\t\t<\/div>","protected":false},"excerpt":{"rendered":"<p>KE STA\u017dEN\u00cd Jak \u010distit v\u00e1\u0161 p\u0159\u00edstroj Navod na mereni &#8211; Polstarek + Ram AirFit F30i Navod na mereni &#8211; Polstarek<\/p>","protected":false},"author":1,"featured_media":29252,"parent":0,"menu_order":0,"comment_status":"closed","ping_status":"closed","template":"","meta":{"footnotes":""},"class_list":["post-31268","page","type-page","status-publish","has-post-thumbnail","hentry"],"yoast_head":"<!-- This site is optimized with the Yoast SEO Premium plugin v20.11 (Yoast SEO v27.4) - https:\/\/yoast.com\/product\/yoast-seo-premium-wordpress\/ -->\n<title>Ke sta\u017een\u00ed - Apnoe sp\u00e1nek<\/title>\n<meta name=\"robots\" content=\"index, follow, max-snippet:-1, max-image-preview:large, max-video-preview:-1\" \/>\n<link rel=\"canonical\" href=\"https:\/\/apnoe-spanek.cz\/en\/ke-stazeni\/\" \/>\n<meta property=\"og:locale\" content=\"en_GB\" \/>\n<meta property=\"og:type\" content=\"article\" \/>\n<meta property=\"og:title\" content=\"Ke sta\u017een\u00ed\" \/>\n<meta property=\"og:description\" content=\"KE STA\u017dEN\u00cd Jak \u010distit v\u00e1\u0161 p\u0159\u00edstroj Navod na mereni &#8211; Polstarek + Ram AirFit F30i Navod na mereni &#8211; Polstarek\" \/>\n<meta property=\"og:url\" content=\"https:\/\/apnoe-spanek.cz\/en\/ke-stazeni\/\" \/>\n<meta property=\"og:site_name\" content=\"Apnoe sp\u00e1nek\" \/>\n<meta property=\"article:publisher\" content=\"https:\/\/www.facebook.com\/apnoespanekcz\/\" \/>\n<meta property=\"article:modified_time\" content=\"2026-04-27T11:47:18+00:00\" \/>\n<meta property=\"og:image\" content=\"https:\/\/apnoe-spanek.cz\/wp-content\/uploads\/2025\/02\/Kopie-navrhu-S-1.png\" \/>\n\t<meta property=\"og:image:width\" content=\"358\" \/>\n\t<meta property=\"og:image:height\" content=\"408\" \/>\n\t<meta property=\"og:image:type\" content=\"image\/png\" \/>\n<meta name=\"twitter:card\" content=\"summary_large_image\" \/>\n<meta name=\"twitter:label1\" content=\"Estimated reading time\" \/>\n\t<meta name=\"twitter:data1\" content=\"1 minute\" \/>\n<script type=\"application\/ld+json\" class=\"yoast-schema-graph\">{\"@context\":\"https:\\\/\\\/schema.org\",\"@graph\":[{\"@type\":\"WebPage\",\"@id\":\"https:\\\/\\\/apnoe-spanek.cz\\\/ke-stazeni\\\/\",\"url\":\"https:\\\/\\\/apnoe-spanek.cz\\\/ke-stazeni\\\/\",\"name\":\"Ke sta\u017een\u00ed - Apnoe sp\u00e1nek\",\"isPartOf\":{\"@id\":\"https:\\\/\\\/apnoe-spanek.cz\\\/#website\"},\"primaryImageOfPage\":{\"@id\":\"https:\\\/\\\/apnoe-spanek.cz\\\/ke-stazeni\\\/#primaryimage\"},\"image\":{\"@id\":\"https:\\\/\\\/apnoe-spanek.cz\\\/ke-stazeni\\\/#primaryimage\"},\"thumbnailUrl\":\"https:\\\/\\\/apnoe-spanek.cz\\\/wp-content\\\/uploads\\\/2025\\\/02\\\/Kopie-navrhu-S-1.png\",\"datePublished\":\"2026-04-24T09:21:51+00:00\",\"dateModified\":\"2026-04-27T11:47:18+00:00\",\"breadcrumb\":{\"@id\":\"https:\\\/\\\/apnoe-spanek.cz\\\/ke-stazeni\\\/#breadcrumb\"},\"inLanguage\":\"en-GB\",\"potentialAction\":[{\"@type\":\"ReadAction\",\"target\":[\"https:\\\/\\\/apnoe-spanek.cz\\\/ke-stazeni\\\/\"]}]},{\"@type\":\"ImageObject\",\"inLanguage\":\"en-GB\",\"@id\":\"https:\\\/\\\/apnoe-spanek.cz\\\/ke-stazeni\\\/#primaryimage\",\"url\":\"https:\\\/\\\/apnoe-spanek.cz\\\/wp-content\\\/uploads\\\/2025\\\/02\\\/Kopie-navrhu-S-1.png\",\"contentUrl\":\"https:\\\/\\\/apnoe-spanek.cz\\\/wp-content\\\/uploads\\\/2025\\\/02\\\/Kopie-navrhu-S-1.png\",\"width\":358,\"height\":408},{\"@type\":\"BreadcrumbList\",\"@id\":\"https:\\\/\\\/apnoe-spanek.cz\\\/ke-stazeni\\\/#breadcrumb\",\"itemListElement\":[{\"@type\":\"ListItem\",\"position\":1,\"name\":\"Home\",\"item\":\"https:\\\/\\\/apnoe-spanek.cz\\\/\"},{\"@type\":\"ListItem\",\"position\":2,\"name\":\"Ke sta\u017een\u00ed\"}]},{\"@type\":\"WebSite\",\"@id\":\"https:\\\/\\\/apnoe-spanek.cz\\\/#website\",\"url\":\"https:\\\/\\\/apnoe-spanek.cz\\\/\",\"name\":\"Apnoe sp\u00e1nek\",\"description\":\"Nab\u00edz\u00edme v\u0161e pro Va\u0161i nejlep\u0161\u00ed a nejkvalitn\u011bj\u0161\u00ed l\u00e9\u010dbu sp\u00e1nkov\u00e9 apnoe\",\"publisher\":{\"@id\":\"https:\\\/\\\/apnoe-spanek.cz\\\/#organization\"},\"potentialAction\":[{\"@type\":\"SearchAction\",\"target\":{\"@type\":\"EntryPoint\",\"urlTemplate\":\"https:\\\/\\\/apnoe-spanek.cz\\\/?s={search_term_string}\"},\"query-input\":{\"@type\":\"PropertyValueSpecification\",\"valueRequired\":true,\"valueName\":\"search_term_string\"}}],\"inLanguage\":\"en-GB\"},{\"@type\":\"Organization\",\"@id\":\"https:\\\/\\\/apnoe-spanek.cz\\\/#organization\",\"name\":\"Apnoe sp\u00e1nek\",\"url\":\"https:\\\/\\\/apnoe-spanek.cz\\\/\",\"logo\":{\"@type\":\"ImageObject\",\"inLanguage\":\"en-GB\",\"@id\":\"https:\\\/\\\/apnoe-spanek.cz\\\/#\\\/schema\\\/logo\\\/image\\\/\",\"url\":\"https:\\\/\\\/apnoe-spanek.cz\\\/wp-content\\\/uploads\\\/2025\\\/02\\\/cropped-icon2.jpg\",\"contentUrl\":\"https:\\\/\\\/apnoe-spanek.cz\\\/wp-content\\\/uploads\\\/2025\\\/02\\\/cropped-icon2.jpg\",\"width\":512,\"height\":512,\"caption\":\"Apnoe sp\u00e1nek\"},\"image\":{\"@id\":\"https:\\\/\\\/apnoe-spanek.cz\\\/#\\\/schema\\\/logo\\\/image\\\/\"},\"sameAs\":[\"https:\\\/\\\/www.facebook.com\\\/apnoespanekcz\\\/\",\"https:\\\/\\\/www.instagram.com\\\/apnoespanekcz\\\/\"]}]}<\/script>\n<!-- \/ Yoast SEO Premium plugin. -->","yoast_head_json":{"title":"Ke sta\u017een\u00ed - Apnoe sp\u00e1nek","robots":{"index":"index","follow":"follow","max-snippet":"max-snippet:-1","max-image-preview":"max-image-preview:large","max-video-preview":"max-video-preview:-1"},"canonical":"https:\/\/apnoe-spanek.cz\/en\/ke-stazeni\/","og_locale":"en_GB","og_type":"article","og_title":"Ke sta\u017een\u00ed","og_description":"KE STA\u017dEN\u00cd Jak \u010distit v\u00e1\u0161 p\u0159\u00edstroj Navod na mereni &#8211; Polstarek + Ram AirFit F30i Navod na mereni &#8211; Polstarek","og_url":"https:\/\/apnoe-spanek.cz\/en\/ke-stazeni\/","og_site_name":"Apnoe sp\u00e1nek","article_publisher":"https:\/\/www.facebook.com\/apnoespanekcz\/","article_modified_time":"2026-04-27T11:47:18+00:00","og_image":[{"width":358,"height":408,"url":"https:\/\/apnoe-spanek.cz\/wp-content\/uploads\/2025\/02\/Kopie-navrhu-S-1.png","type":"image\/png"}],"twitter_card":"summary_large_image","twitter_misc":{"Estimated reading time":"1 minute"},"schema":{"@context":"https:\/\/schema.org","@graph":[{"@type":"WebPage","@id":"https:\/\/apnoe-spanek.cz\/ke-stazeni\/","url":"https:\/\/apnoe-spanek.cz\/ke-stazeni\/","name":"Ke sta\u017een\u00ed - Apnoe sp\u00e1nek","isPartOf":{"@id":"https:\/\/apnoe-spanek.cz\/#website"},"primaryImageOfPage":{"@id":"https:\/\/apnoe-spanek.cz\/ke-stazeni\/#primaryimage"},"image":{"@id":"https:\/\/apnoe-spanek.cz\/ke-stazeni\/#primaryimage"},"thumbnailUrl":"https:\/\/apnoe-spanek.cz\/wp-content\/uploads\/2025\/02\/Kopie-navrhu-S-1.png","datePublished":"2026-04-24T09:21:51+00:00","dateModified":"2026-04-27T11:47:18+00:00","breadcrumb":{"@id":"https:\/\/apnoe-spanek.cz\/ke-stazeni\/#breadcrumb"},"inLanguage":"en-GB","potentialAction":[{"@type":"ReadAction","target":["https:\/\/apnoe-spanek.cz\/ke-stazeni\/"]}]},{"@type":"ImageObject","inLanguage":"en-GB","@id":"https:\/\/apnoe-spanek.cz\/ke-stazeni\/#primaryimage","url":"https:\/\/apnoe-spanek.cz\/wp-content\/uploads\/2025\/02\/Kopie-navrhu-S-1.png","contentUrl":"https:\/\/apnoe-spanek.cz\/wp-content\/uploads\/2025\/02\/Kopie-navrhu-S-1.png","width":358,"height":408},{"@type":"BreadcrumbList","@id":"https:\/\/apnoe-spanek.cz\/ke-stazeni\/#breadcrumb","itemListElement":[{"@type":"ListItem","position":1,"name":"Home","item":"https:\/\/apnoe-spanek.cz\/"},{"@type":"ListItem","position":2,"name":"Ke sta\u017een\u00ed"}]},{"@type":"WebSite","@id":"https:\/\/apnoe-spanek.cz\/#website","url":"https:\/\/apnoe-spanek.cz\/","name":"Apnoe sp\u00e1nek","description":"Nab\u00edz\u00edme v\u0161e pro Va\u0161i nejlep\u0161\u00ed a nejkvalitn\u011bj\u0161\u00ed l\u00e9\u010dbu sp\u00e1nkov\u00e9 apnoe","publisher":{"@id":"https:\/\/apnoe-spanek.cz\/#organization"},"potentialAction":[{"@type":"SearchAction","target":{"@type":"EntryPoint","urlTemplate":"https:\/\/apnoe-spanek.cz\/?s={search_term_string}"},"query-input":{"@type":"PropertyValueSpecification","valueRequired":true,"valueName":"search_term_string"}}],"inLanguage":"en-GB"},{"@type":"Organization","@id":"https:\/\/apnoe-spanek.cz\/#organization","name":"Apnoe sp\u00e1nek","url":"https:\/\/apnoe-spanek.cz\/","logo":{"@type":"ImageObject","inLanguage":"en-GB","@id":"https:\/\/apnoe-spanek.cz\/#\/schema\/logo\/image\/","url":"https:\/\/apnoe-spanek.cz\/wp-content\/uploads\/2025\/02\/cropped-icon2.jpg","contentUrl":"https:\/\/apnoe-spanek.cz\/wp-content\/uploads\/2025\/02\/cropped-icon2.jpg","width":512,"height":512,"caption":"Apnoe sp\u00e1nek"},"image":{"@id":"https:\/\/apnoe-spanek.cz\/#\/schema\/logo\/image\/"},"sameAs":["https:\/\/www.facebook.com\/apnoespanekcz\/","https:\/\/www.instagram.com\/apnoespanekcz\/"]}]}},"_links":{"self":[{"href":"https:\/\/apnoe-spanek.cz\/en\/wp-json\/wp\/v2\/pages\/31268","targetHints":{"allow":["GET"]}}],"collection":[{"href":"https:\/\/apnoe-spanek.cz\/en\/wp-json\/wp\/v2\/pages"}],"about":[{"href":"https:\/\/apnoe-spanek.cz\/en\/wp-json\/wp\/v2\/types\/page"}],"author":[{"embeddable":true,"href":"https:\/\/apnoe-spanek.cz\/en\/wp-json\/wp\/v2\/users\/1"}],"replies":[{"embeddable":true,"href":"https:\/\/apnoe-spanek.cz\/en\/wp-json\/wp\/v2\/comments?post=31268"}],"version-history":[{"count":13,"href":"https:\/\/apnoe-spanek.cz\/en\/wp-json\/wp\/v2\/pages\/31268\/revisions"}],"predecessor-version":[{"id":31312,"href":"https:\/\/apnoe-spanek.cz\/en\/wp-json\/wp\/v2\/pages\/31268\/revisions\/31312"}],"wp:featuredmedia":[{"embeddable":true,"href":"https:\/\/apnoe-spanek.cz\/en\/wp-json\/wp\/v2\/media\/29252"}],"wp:attachment":[{"href":"https:\/\/apnoe-spanek.cz\/en\/wp-json\/wp\/v2\/media?parent=31268"}],"curies":[{"name":"wp","href":"https:\/\/api.w.org\/{rel}","templated":true}]}}