{"id":28605,"date":"2025-02-04T23:20:39","date_gmt":"2025-02-04T23:20:39","guid":{"rendered":"https:\/\/apnoe-spanek.cz\/?page_id=28605"},"modified":"2026-04-18T18:18:54","modified_gmt":"2026-04-18T18:18:54","slug":"doprava-a-platba","status":"publish","type":"page","link":"https:\/\/apnoe-spanek.cz\/en\/doprava-a-platba\/","title":{"rendered":"DOPRAVA A PLATBA"},"content":{"rendered":"<div data-elementor-type=\"wp-page\" data-elementor-id=\"28605\" class=\"elementor elementor-28605\">\n\t\t\t\t<div class=\"wd-negative-gap elementor-element elementor-element-c4862c6 e-flex e-con-boxed e-con e-parent\" data-id=\"c4862c6\" data-element_type=\"container\" data-e-type=\"container\">\n\t\t\t\t\t<div class=\"e-con-inner\">\n\t\t\t\t<div class=\"elementor-element elementor-element-83daa58 elementor-widget elementor-widget-wd_text_block\" data-id=\"83daa58\" data-element_type=\"widget\" data-e-type=\"widget\" data-widget_type=\"wd_text_block.default\">\n\t\t\t\t<div class=\"elementor-widget-container\">\n\t\t\t\t\t\t\t<div class=\"wd-text-block reset-last-child text-left\">\n\t\t\t\n\t\t\t<h1><strong>DOPRAVA A PLATBA<\/strong><\/h1><p><strong>Mo\u017enosti dopravy<\/strong><\/p><p>Objedn\u00e1vky si m\u016f\u017eete nechat doru\u010dit vybranou p\u0159epravn\u00ed spole\u010dnost\u00ed na adresu. Objedn\u00e1vky expedujeme v nejkrat\u0161\u00edm mo\u017en\u00e9m term\u00ednu, nejpozd\u011bji v\u0161ak do <strong>2-3 pracovn\u00edch dn\u016f od zaplacen\u00ed objedn\u00e1vky<\/strong>. Cena dopravy se odv\u00edj\u00ed od celkov\u00e9 v\u00fd\u0161e objedn\u00e1vky. V cen\u011b dopravy je t\u00e9\u017e zapo\u010dteno baln\u00e9 Va\u0161\u00ed z\u00e1silky. Term\u00edn doru\u010den\u00ed z\u00e1silky nen\u00ed voliteln\u00fd.\u00a0<\/p><p>\u2013 Dod\u00e1v\u00e1me po cel\u00e9 \u010cesk\u00e9 a Slovensk\u00e9 republice\u00a0<br \/>\u2013 Na\u0161e zbo\u017e\u00ed dod\u00e1v\u00e1me p\u0159es DPD<\/p><p><strong>Cena dopravy \u010cesk\u00e1 republika<\/strong><\/p><ul><li><strong>DPD doru\u010den\u00ed na adresu: 100 K\u010d<\/strong><\/li><li><strong>Doru\u010den\u00ed na v\u00fddejn\u00ed m\u00edsto DPD Pickup: 100 K\u010d<\/strong><\/li><li><strong>Osobn\u00ed odb\u011br - Z\u00e1bo\u0159\u00ed 84, 277 41 Kly: ZDARMA<\/strong><\/li><\/ul><p><strong>Cena dopravy Slovensk\u00e1 republika<\/strong><\/p><ul><li><strong>DPD doru\u010den\u00ed na adresu: 20 EUR<\/strong><\/li><li><strong>Doru\u010den\u00ed na v\u00fddejn\u00ed m\u00edsto DPD Pickup: 20 EUR<\/strong><\/li><\/ul><p><strong>Mo\u017enosti dopravy<\/strong><\/p><p>Sledovat stav doru\u010dov\u00e1n\u00ed Va\u0161\u00ed z\u00e1silky m\u016f\u017eete sledovat na n\u00e1sleduj\u00edc\u00edm odkazu\u00a0<a href=\"https:\/\/www.dpd.com\/cz\/cs\/cekam-balik\/\"><strong>https:\/\/www.dpd.com\/cz\/cs\/cekam-balik\/<\/strong><\/a><\/p><p><strong>Osobn\u00ed odb\u011br<\/strong><\/p><p>M\u016f\u017eete vyu\u017e\u00edt osobn\u00edho odb\u011bru p\u0159\u00edmo z\u00a0na\u0161eho v\u00fddejn\u00edho m\u00edsta <strong>Z\u00e1bo\u0159\u00ed 84, 277 41 Kly<\/strong>. Platit m\u016f\u017eete hotov\u011b nebo p\u0159evodem na bankovn\u00ed \u00fa\u010det.\u00a0Osobn\u00ed odb\u011br v\u00e1s samoz\u0159ejm\u011b nic nestoj\u00ed.<\/p><p><strong>Kdy bude zbo\u017e\u00ed expedov\u00e1no<\/strong><\/p><p>Ve\u0161ker\u00e9 zbo\u017e\u00ed m\u00e1me\u00a0skladem, objedn\u00e1vky odes\u00edl\u00e1me do 24 hodin v pracovn\u00ed den. U objedn\u00e1vek p\u0159ijat\u00fdch do 16:00 hodin ode\u0161leme zbo\u017e\u00ed v\u011bt\u0161inou je\u0161t\u011b v\u00a0den objedn\u00e1n\u00ed. U objedn\u00e1vek p\u0159ijat\u00fdch po 16:00 hod. expedujeme v\u011bt\u0161inou n\u00e1sleduj\u00edc\u00ed pracovn\u00ed den.<\/p><p><strong>Probl\u00e9my s\u00a0doru\u010den\u00edm a jak je \u0159e\u0161it?<\/strong><\/p><p>Pokud V\u00e1m z\u00e1silka nebyla doru\u010dena v\u010das nebo se vyskytl jak\u00fdkoliv jin\u00fd probl\u00e9m, nev\u00e1hejte a obra\u0165te se na n\u00e1s co nejd\u0159\u00edve, abychom vzniklou situaci mohli \u0159e\u0161it. Pro nejrychlej\u0161\u00ed spojen\u00ed volejte pros\u00edm n\u00e1m na \u010d\u00edsla <strong><a href=\"tel:+42073925345\">+420 739 253 345<\/a> (12:30 - 15:00)<\/strong><\/p><p><strong>Jak postupovat v\u00a0p\u0159\u00edpad\u011b po\u0161kozen\u00ed z\u00e1silky?<\/strong><\/p><p>Pokud v\u00e1m kur\u00fdr \u010di po\u0161\u0165\u00e1k p\u0159ivezl viditeln\u011b po\u0161kozenou z\u00e1silku, m\u016f\u017eete po\u017eadovat, aby byl stav z\u00e1silky ve va\u0161\u00ed p\u0159\u00edtomnosti prov\u011b\u0159en! Pokud je po\u0161kozen i obsah z\u00e1silky, po\u017eadujte zaps\u00e1n\u00ed t\u00e9to informace do protokolu a z\u00e1silku nep\u0159eb\u00edrejte. Ide\u00e1ln\u011b si po\u0159i\u010fte je\u0161t\u011b vlastn\u00ed fotodokumentaci po\u0161kozen\u00e9ho bal\u00edku.<\/p><p>Pokud byl obal neporu\u0161en\u00fd, z\u00e1silku jste p\u0159evzali a po jej\u00edm otev\u0159en\u00ed zjistili, \u017ee je jej\u00ed obsah po\u0161kozen\u00fd, informujte o t\u00e9to skute\u010dnosti neprodlen\u011b p\u0159epravce a po\u017eadujte seps\u00e1n\u00ed reklamace.<\/p><p><strong>Platebn\u00ed br\u00e1na COMGATE<\/strong><\/p><p>Pla\u0165te online, rychle, jednodu\u0161e a bezpe\u010dn\u011b. <a href=\"https:\/\/help.comgate.cz\/v1\/docs\/cs\/platby-kartou\" target=\"_blank\" rel=\"noopener\"><strong>Platba kartou<\/strong><\/a> a <a href=\"https:\/\/help.comgate.cz\/docs\/bankovni-prevody\" target=\"_blank\" rel=\"noopener\"><strong>platebn\u00edmi tla\u010d\u00edtky bank<\/strong><\/a> je proveden\u00e1 ve spolupr\u00e1ci s platebn\u00ed br\u00e1nou <a href=\"https:\/\/www.comgate.cz\/cz\/platebni-brana\"><strong>Comgate<\/strong><\/a>.\u00a0<br \/><span style=\"text-decoration: underline;\"><strong><br \/>Comgate, a.s.<br \/><\/strong><\/span>Go\u010d\u00e1rova t\u0159\u00edda 1754 \/ 48b, Hradec Kr\u00e1lov\u00e9<span style=\"text-decoration: underline;\"><strong><br \/><\/strong>E-mail:<strong><a href=\"mailto:platby-podpora@comgate.cz\" target=\"_blank\" rel=\"noopener\">platby-podpora@comgate.cz<\/a><br \/><\/strong>Tel:<strong><a href=\"tel:+420228224267\" target=\"_blank\" rel=\"noopener\">+420 228 224 267<\/a><\/strong><\/span><\/p><p><strong>P\u0159evodem<\/strong><\/p><p>Zbo\u017e\u00ed zaplat\u00edte p\u0159evodem na n\u00e1\u0161 \u00fa\u010det.<\/p><ul><li><strong>K\u010c: 278011863\/06200<\/strong><\/li><li><strong>EUR: 278012049\/0600<\/strong><\/li><\/ul><p>Dod\u00e1n\u00ed zbo\u017e\u00ed se v tomto p\u0159\u00edpad\u011b m\u016f\u017ee prodlou\u017eit o dobu pot\u0159ebnou pro zpracov\u00e1n\u00ed platby, ale v\u011bt\u0161inou je platba p\u0159ips\u00e1na ihned, pokud zad\u00e1te okam\u017eitou platbu.<\/p><p><strong>Hotov\u011b<\/strong><\/p><p>Platba v\u00a0hotovosti p\u0159i osobn\u00edm vyzvednut\u00ed zbo\u017e\u00ed na na\u0161em v\u00fddejn\u00edm m\u00edst\u011b,\u00a0<strong>Z\u00e1bo\u0159\u00ed 84, 277 41 Kly<\/strong><\/p>\n\t\t\t\t\t<\/div>\n\t\t\t\t\t\t<\/div>\n\t\t\t\t<\/div>\n\t\t\t\t\t<\/div>\n\t\t\t\t<\/div>\n\t\t\t\t<\/div>","protected":false},"excerpt":{"rendered":"<p>DOPRAVA A PLATBA Mo\u017enosti dopravy Objedn\u00e1vky si m\u016f\u017eete nechat doru\u010dit vybranou p\u0159epravn\u00ed spole\u010dnost\u00ed na adresu. Objedn\u00e1vky expedujeme v nejkrat\u0161\u00edm mo\u017en\u00e9m<\/p>","protected":false},"author":1,"featured_media":0,"parent":0,"menu_order":0,"comment_status":"closed","ping_status":"closed","template":"","meta":{"footnotes":""},"class_list":["post-28605","page","type-page","status-publish","hentry"],"yoast_head":"<!-- This site is optimized with the Yoast SEO Premium plugin v20.11 (Yoast SEO v27.4) - https:\/\/yoast.com\/product\/yoast-seo-premium-wordpress\/ -->\n<title>DOPRAVA A PLATBA - Apnoe sp\u00e1nek<\/title>\n<meta name=\"robots\" content=\"index, follow, max-snippet:-1, max-image-preview:large, max-video-preview:-1\" \/>\n<link rel=\"canonical\" href=\"https:\/\/apnoe-spanek.cz\/en\/doprava-a-platba\/\" \/>\n<meta property=\"og:locale\" content=\"en_GB\" \/>\n<meta property=\"og:type\" content=\"article\" \/>\n<meta property=\"og:title\" content=\"DOPRAVA A PLATBA\" \/>\n<meta property=\"og:description\" content=\"DOPRAVA A PLATBA Mo\u017enosti dopravy Objedn\u00e1vky si m\u016f\u017eete nechat doru\u010dit vybranou p\u0159epravn\u00ed spole\u010dnost\u00ed na adresu. Objedn\u00e1vky expedujeme v nejkrat\u0161\u00edm mo\u017en\u00e9m\" \/>\n<meta property=\"og:url\" content=\"https:\/\/apnoe-spanek.cz\/en\/doprava-a-platba\/\" \/>\n<meta property=\"og:site_name\" content=\"Apnoe sp\u00e1nek\" \/>\n<meta property=\"article:publisher\" content=\"https:\/\/www.facebook.com\/apnoespanekcz\/\" \/>\n<meta property=\"article:modified_time\" content=\"2026-04-18T18:18:54+00:00\" \/>\n<meta name=\"twitter:card\" content=\"summary_large_image\" \/>\n<meta name=\"twitter:label1\" content=\"Estimated reading time\" \/>\n\t<meta name=\"twitter:data1\" content=\"3 minutes\" \/>\n<script type=\"application\/ld+json\" class=\"yoast-schema-graph\">{\"@context\":\"https:\\\/\\\/schema.org\",\"@graph\":[{\"@type\":\"WebPage\",\"@id\":\"https:\\\/\\\/apnoe-spanek.cz\\\/doprava-a-platba\\\/\",\"url\":\"https:\\\/\\\/apnoe-spanek.cz\\\/doprava-a-platba\\\/\",\"name\":\"DOPRAVA A PLATBA - Apnoe sp\u00e1nek\",\"isPartOf\":{\"@id\":\"https:\\\/\\\/apnoe-spanek.cz\\\/#website\"},\"datePublished\":\"2025-02-04T23:20:39+00:00\",\"dateModified\":\"2026-04-18T18:18:54+00:00\",\"breadcrumb\":{\"@id\":\"https:\\\/\\\/apnoe-spanek.cz\\\/doprava-a-platba\\\/#breadcrumb\"},\"inLanguage\":\"en-GB\",\"potentialAction\":[{\"@type\":\"ReadAction\",\"target\":[\"https:\\\/\\\/apnoe-spanek.cz\\\/doprava-a-platba\\\/\"]}]},{\"@type\":\"BreadcrumbList\",\"@id\":\"https:\\\/\\\/apnoe-spanek.cz\\\/doprava-a-platba\\\/#breadcrumb\",\"itemListElement\":[{\"@type\":\"ListItem\",\"position\":1,\"name\":\"Home\",\"item\":\"https:\\\/\\\/apnoe-spanek.cz\\\/\"},{\"@type\":\"ListItem\",\"position\":2,\"name\":\"DOPRAVA A PLATBA\"}]},{\"@type\":\"WebSite\",\"@id\":\"https:\\\/\\\/apnoe-spanek.cz\\\/#website\",\"url\":\"https:\\\/\\\/apnoe-spanek.cz\\\/\",\"name\":\"Apnoe sp\u00e1nek\",\"description\":\"Nab\u00edz\u00edme v\u0161e pro Va\u0161i nejlep\u0161\u00ed a nejkvalitn\u011bj\u0161\u00ed l\u00e9\u010dbu sp\u00e1nkov\u00e9 apnoe\",\"publisher\":{\"@id\":\"https:\\\/\\\/apnoe-spanek.cz\\\/#organization\"},\"potentialAction\":[{\"@type\":\"SearchAction\",\"target\":{\"@type\":\"EntryPoint\",\"urlTemplate\":\"https:\\\/\\\/apnoe-spanek.cz\\\/?s={search_term_string}\"},\"query-input\":{\"@type\":\"PropertyValueSpecification\",\"valueRequired\":true,\"valueName\":\"search_term_string\"}}],\"inLanguage\":\"en-GB\"},{\"@type\":\"Organization\",\"@id\":\"https:\\\/\\\/apnoe-spanek.cz\\\/#organization\",\"name\":\"Apnoe sp\u00e1nek\",\"url\":\"https:\\\/\\\/apnoe-spanek.cz\\\/\",\"logo\":{\"@type\":\"ImageObject\",\"inLanguage\":\"en-GB\",\"@id\":\"https:\\\/\\\/apnoe-spanek.cz\\\/#\\\/schema\\\/logo\\\/image\\\/\",\"url\":\"https:\\\/\\\/apnoe-spanek.cz\\\/wp-content\\\/uploads\\\/2025\\\/02\\\/cropped-icon2.jpg\",\"contentUrl\":\"https:\\\/\\\/apnoe-spanek.cz\\\/wp-content\\\/uploads\\\/2025\\\/02\\\/cropped-icon2.jpg\",\"width\":512,\"height\":512,\"caption\":\"Apnoe sp\u00e1nek\"},\"image\":{\"@id\":\"https:\\\/\\\/apnoe-spanek.cz\\\/#\\\/schema\\\/logo\\\/image\\\/\"},\"sameAs\":[\"https:\\\/\\\/www.facebook.com\\\/apnoespanekcz\\\/\",\"https:\\\/\\\/www.instagram.com\\\/apnoespanekcz\\\/\"]}]}<\/script>\n<!-- \/ Yoast SEO Premium plugin. -->","yoast_head_json":{"title":"DOPRAVA A PLATBA - Apnoe sp\u00e1nek","robots":{"index":"index","follow":"follow","max-snippet":"max-snippet:-1","max-image-preview":"max-image-preview:large","max-video-preview":"max-video-preview:-1"},"canonical":"https:\/\/apnoe-spanek.cz\/en\/doprava-a-platba\/","og_locale":"en_GB","og_type":"article","og_title":"DOPRAVA A PLATBA","og_description":"DOPRAVA A PLATBA Mo\u017enosti dopravy Objedn\u00e1vky si m\u016f\u017eete nechat doru\u010dit vybranou p\u0159epravn\u00ed spole\u010dnost\u00ed na adresu. Objedn\u00e1vky expedujeme v nejkrat\u0161\u00edm mo\u017en\u00e9m","og_url":"https:\/\/apnoe-spanek.cz\/en\/doprava-a-platba\/","og_site_name":"Apnoe sp\u00e1nek","article_publisher":"https:\/\/www.facebook.com\/apnoespanekcz\/","article_modified_time":"2026-04-18T18:18:54+00:00","twitter_card":"summary_large_image","twitter_misc":{"Estimated reading time":"3 minutes"},"schema":{"@context":"https:\/\/schema.org","@graph":[{"@type":"WebPage","@id":"https:\/\/apnoe-spanek.cz\/doprava-a-platba\/","url":"https:\/\/apnoe-spanek.cz\/doprava-a-platba\/","name":"DOPRAVA A PLATBA - Apnoe sp\u00e1nek","isPartOf":{"@id":"https:\/\/apnoe-spanek.cz\/#website"},"datePublished":"2025-02-04T23:20:39+00:00","dateModified":"2026-04-18T18:18:54+00:00","breadcrumb":{"@id":"https:\/\/apnoe-spanek.cz\/doprava-a-platba\/#breadcrumb"},"inLanguage":"en-GB","potentialAction":[{"@type":"ReadAction","target":["https:\/\/apnoe-spanek.cz\/doprava-a-platba\/"]}]},{"@type":"BreadcrumbList","@id":"https:\/\/apnoe-spanek.cz\/doprava-a-platba\/#breadcrumb","itemListElement":[{"@type":"ListItem","position":1,"name":"Home","item":"https:\/\/apnoe-spanek.cz\/"},{"@type":"ListItem","position":2,"name":"DOPRAVA A PLATBA"}]},{"@type":"WebSite","@id":"https:\/\/apnoe-spanek.cz\/#website","url":"https:\/\/apnoe-spanek.cz\/","name":"Apnoe sp\u00e1nek","description":"Nab\u00edz\u00edme v\u0161e pro Va\u0161i nejlep\u0161\u00ed a nejkvalitn\u011bj\u0161\u00ed l\u00e9\u010dbu sp\u00e1nkov\u00e9 apnoe","publisher":{"@id":"https:\/\/apnoe-spanek.cz\/#organization"},"potentialAction":[{"@type":"SearchAction","target":{"@type":"EntryPoint","urlTemplate":"https:\/\/apnoe-spanek.cz\/?s={search_term_string}"},"query-input":{"@type":"PropertyValueSpecification","valueRequired":true,"valueName":"search_term_string"}}],"inLanguage":"en-GB"},{"@type":"Organization","@id":"https:\/\/apnoe-spanek.cz\/#organization","name":"Apnoe sp\u00e1nek","url":"https:\/\/apnoe-spanek.cz\/","logo":{"@type":"ImageObject","inLanguage":"en-GB","@id":"https:\/\/apnoe-spanek.cz\/#\/schema\/logo\/image\/","url":"https:\/\/apnoe-spanek.cz\/wp-content\/uploads\/2025\/02\/cropped-icon2.jpg","contentUrl":"https:\/\/apnoe-spanek.cz\/wp-content\/uploads\/2025\/02\/cropped-icon2.jpg","width":512,"height":512,"caption":"Apnoe sp\u00e1nek"},"image":{"@id":"https:\/\/apnoe-spanek.cz\/#\/schema\/logo\/image\/"},"sameAs":["https:\/\/www.facebook.com\/apnoespanekcz\/","https:\/\/www.instagram.com\/apnoespanekcz\/"]}]}},"_links":{"self":[{"href":"https:\/\/apnoe-spanek.cz\/en\/wp-json\/wp\/v2\/pages\/28605","targetHints":{"allow":["GET"]}}],"collection":[{"href":"https:\/\/apnoe-spanek.cz\/en\/wp-json\/wp\/v2\/pages"}],"about":[{"href":"https:\/\/apnoe-spanek.cz\/en\/wp-json\/wp\/v2\/types\/page"}],"author":[{"embeddable":true,"href":"https:\/\/apnoe-spanek.cz\/en\/wp-json\/wp\/v2\/users\/1"}],"replies":[{"embeddable":true,"href":"https:\/\/apnoe-spanek.cz\/en\/wp-json\/wp\/v2\/comments?post=28605"}],"version-history":[{"count":41,"href":"https:\/\/apnoe-spanek.cz\/en\/wp-json\/wp\/v2\/pages\/28605\/revisions"}],"predecessor-version":[{"id":31216,"href":"https:\/\/apnoe-spanek.cz\/en\/wp-json\/wp\/v2\/pages\/28605\/revisions\/31216"}],"wp:attachment":[{"href":"https:\/\/apnoe-spanek.cz\/en\/wp-json\/wp\/v2\/media?parent=28605"}],"curies":[{"name":"wp","href":"https:\/\/api.w.org\/{rel}","templated":true}]}}